{"id":7105,"date":"2020-08-03T22:38:06","date_gmt":"2020-08-03T22:38:06","guid":{"rendered":"https:\/\/mfk.hr\/2024\/?page_id=7105"},"modified":"2020-08-27T09:26:11","modified_gmt":"2020-08-27T09:26:11","slug":"stop-covid-19","status":"publish","type":"page","link":"https:\/\/mfk.hr\/2024\/stop-covid-19\/","title":{"rendered":"STOP COVID-19"},"content":{"rendered":"<\/div><\/div><\/div><!-- close content main div --><\/div><\/div><div id='naslov_bijeli' class='avia-section main_color avia-section-no-padding avia-no-border-styling avia-bg-style-scroll  container_wrap sidebar_right'   ><div class='container' ><div class='template-page content  av-content-small alpha units'><div class='post-entry post-entry-type-page post-entry-7105'><div class='entry-content-wrapper clearfix'>\n<div style='padding-bottom:0px;' class='av-special-heading av-special-heading-h1    '><h1 class='av-special-heading-tag'  itemprop=\"headline\"  >STOP COVID-19<\/h1><div class='special-heading-border'><div class='special-heading-inner-border' ><\/div><\/div><\/div>\n<\/div><\/div><\/div><!-- close content main div --><\/div><\/div><div id='after_section_1' class='main_color av_default_container_wrap container_wrap sidebar_right'   ><div class='container' ><div class='template-page content  av-content-small alpha units'><div class='post-entry post-entry-type-page post-entry-7105'><div class='entry-content-wrapper clearfix'>\n<\/div><\/div><\/div><!-- close content main div --><\/div><\/div><div id='infoposjeta' class='avia-section main_color avia-section-default avia-no-border-styling avia-bg-style-scroll  container_wrap sidebar_right' style = 'background-color: #ffffff; '  ><div class='container' ><div class='template-page content  av-content-small alpha units'><div class='post-entry post-entry-type-page post-entry-7105'><div class='entry-content-wrapper clearfix'>\n<section class=\"av_textblock_section\"  itemscope=\"itemscope\" itemtype=\"https:\/\/schema.org\/CreativeWork\" ><div class='avia_textblock '   itemprop=\"text\" ><h2><\/h2>\n<p class=\"p1\"><span class=\"s1\">Molimo, NE DOLAZITE na MFK ako:<\/span><\/p>\n<ul>\n<li class=\"p1\"><span class=\"s1\"> imate simptome zarazne bolesti (npr. povi\u0161ena tjelesna temperatura, ka\u0161alj, pote\u0161ko\u0107e u disanju, poreme\u0107aj osjeta njuha i okusa, grlobolja, proljev, povra\u0107anje), <\/span><\/li>\n<li class=\"p1\"><span class=\"s1\">ako vam je izre\u010dena mjera samoizolacije ili <\/span><\/li>\n<li class=\"p1\"><span class=\"s1\">ako imate saznanja da ste zara\u017eeni s COVID-19.<\/span><\/li>\n<\/ul>\n<\/div><\/section>\n<section class=\"av_textblock_section\"  itemscope=\"itemscope\" itemtype=\"https:\/\/schema.org\/CreativeWork\" ><div class='avia_textblock '   itemprop=\"text\" ><h2><\/h2>\n<h2>MJERE PREVENCIJE I SUZBIJANJA \u0160IRENJA INFEKCIJE U SKLOPU MFK<\/h2>\n<p>U<strong> skladu s propisanim epidemiolo\u0161kim mjerama<\/strong> za odr\u017eavanje kulturnih manifestacija, Organizator je pripremio lokaciju na odgovaraju\u0107i na\u010din:<\/p>\n<ul>\n<li>Postavljeni su <strong>dezinfekcijski punktovi<\/strong>\u00a0<strong>za noge i ruke<\/strong> <strong>na samom ulazu<\/strong> u \u0160C Gripe te <strong>dezinfekcijski punktovi za ruke na nekoliko lokacija<\/strong> unutar velike dvorane.<\/li>\n<li><strong>Odvojeni su slu\u017ebeni ulaz i izlaz<\/strong> te postavljena signalizacija plana kretanja.<\/li>\n<li>Ulazak u dvoranu mogu\u0107 je <strong>isklju\u010divo uz masku na licu.<\/strong><\/li>\n<li>Na ulazu i izlazu iz dvorane, postavljeni su <strong>mjera\u010di broja posjetitelja\u00a0<\/strong>te se sukladno brojkama, prilago\u0111ava ulazak novih posjetitelja <strong>kako bi se izbjegle gu\u017eve<\/strong>.<\/li>\n<li><strong>Na INFO pultu<\/strong>, prije ulaska u veliku dvoranu, <strong>sudionici se popisuju<\/strong> zbog potrebnog vo\u0111enja evidencije te im se, tom prilikom\u00a0<strong>mjeri i tjelesna temperatura<\/strong>.<\/li>\n<li>Tjelesna <strong>temperatura<\/strong> se <strong>mjeri i svim prodava\u010dima te MFK osoblju<\/strong> po dolasku na sajam.<\/li>\n<li>Svi <strong>\u0161tandovi<\/strong> su\u00a0<strong>opskrbljeni dezinfekcijskim sredstvima<\/strong>, a\u00a0<strong>prodava\u010di su pod vizirima<\/strong>, odnosno maskama <strong>kao i MFK osoblje<\/strong>.<\/li>\n<li><strong>Broj sudionika na radionicama<\/strong> je strogo <strong>ograni\u010den<\/strong> prema odre\u0111enoj kvadraturi prostora odr\u017eavanja, a svi <strong>sudionici radionica se prijavljuju<\/strong> putem e-maila te im se <strong>mjeri tjelesna temperatura<\/strong> prilikom ulaska u prostor.<\/li>\n<li><strong>Svakog dana<\/strong>, nakon zatvaranja sajma, <strong>cjelokupna se lokacija<\/strong> <strong>\u010disti i dezinficira<\/strong>.<\/li>\n<\/ul>\n<\/div><\/section>\n<div  class='hr hr-default '><span class='hr-inner ' ><span class='hr-inner-style'><\/span><\/span><\/div>\n<section class=\"av_textblock_section\"  itemscope=\"itemscope\" itemtype=\"https:\/\/schema.org\/CreativeWork\" ><div class='avia_textblock '   itemprop=\"text\" ><h2><\/h2>\n<h2 class=\"p1\"><b>IZVO\u0110ENJE RADIONICA U EPIDEMIOLO\u0160KIM UVJETIMA<\/b><\/h2>\n<p class=\"p1\">Sve radionice, kao i cjelokupni projekt MFK, odr\u017eava se u skladu sa svim preporukama Nacionalnog sto\u017eera i uz pridr\u017eavanje epidemiolo\u0161kih mjera.<\/p>\n<p class=\"p1\"><b>Zdravstveno stanje roditelja\/skrbnika i djeteta<br \/>\n<\/b>Molimo roditelje\/skrbnike da ne dolaze u pratnji djeteta ako imaju simptome zarazne bolesti (npr. povi\u0161ena tjelesna temperatura, ka\u0161alj, pote\u0161ko\u0107e u disanju, poreme\u0107aj osjeta njuha i okusa, grlobolja, proljev, povra\u0107anje), ako im je izre\u010dena mjera samoizolacije ili ako imaju saznanja da su zara\u017eeni s COVID-19).<\/p>\n<p class=\"p1\">Tako\u0111er, molimo roditelje\/skrbnike da ne dovode dijete na radionice ukoliko dijete:<\/p>\n<ul class=\"ul1\">\n<li class=\"li1\">ima simptome zarazne bolesti (npr. povi\u0161ena tjelesna temperatura, ka\u0161alj, pote\u0161ko\u0107e u disanju, poreme\u0107aj osjeta njuha i okusa, grlobolja, proljev, povra\u0107anje);<\/li>\n<li class=\"li1\">ima izre\u010denu mjeru samoizolacije;<\/li>\n<li class=\"li1\">imaju saznanja da je zara\u017eeno s COVID-19.<\/li>\n<\/ul>\n<p class=\"p1\"><b>Fizi\u010dko udaljavanje<br \/>\n<\/b>Izvo\u0111enje radionica provodi se na na\u010din da se osigura koliko je mogu\u0107e socijalno distanciranje (fizi\u010dki razmak). U tu svrhu, broj sudionika na radionicama je strogo ograni\u010den na ukupan broj od 10 sudionika.<\/p>\n<p class=\"p1\">Ukoliko je u provo\u0111enje radionice uklju\u010deno sjedenje za stolom, svaki sudionik sjedi sam te je stol odmaknut od sljede\u0107eg za minimalnih 1,5 metar.<\/p>\n<p class=\"p1\"><b>Maske<br \/>\n<\/b>Djeca rane i pred\u0161kolske dobi, djeca do 10 godine (djeca do \u010detvrtog razreda osnovne \u0161kole, uklju\u010duju\u0107i \u010detvrti razred) ne nose za\u0161titne maske.<\/p>\n<p class=\"p1\">Maske nose djeca u dobi od 11 godina na vi\u0161e, uklju\u010duju\u0107i MFK osoblje te provoditelje radionica.<\/p>\n<p class=\"p1\">Ako se maske nose, neophodno ih je nositi pravilno na na\u010din da cijelo vrijeme prekrivaju nos i usta.<\/p>\n<p class=\"p1\"><b>Higijena ruku<br \/>\n<\/b>Prednost se daje pranju ruku teku\u0107om vodom i sapunom. Dezinficijense ne koriste djeca rane i pred\u0161kolske dobi, niti djeca koja imaju promjene na ko\u017ei ruku ili ako dezinficijens kod njih izaziva nelagodu.<\/p>\n<p class=\"p1\">WC s toplom vodom i sapunom nalazi se u prostoru Bookvarija tako da je dostupan u svakom trenutku. MFK osoblje \u0107e voditi brigu da se ne stvaraju gu\u017eve pred WC-om, odnosno da se prilikom \u010dekanja pridr\u017eava mjere socijalnog distanciranja.<\/p>\n<p class=\"p1\"><b>Dezinfekcija ruku<br \/>\n<\/b>Ukoliko se koristi dezinficijens za ruke, sredstvo za dezinfekciju treba u koli\u010dini od 1 do 2 ml nanijeti na suhe i \u010diste dlanove (obi\u010dno jedan potisak, ili prema uputama proizvo\u0111a\u010da).<\/p>\n<p class=\"p1\">Dlanove i podru\u010dje izme\u0111u prstiju treba protrljati dok se ne osu\u0161e, a sredstvo nije potrebno isprati.<\/p>\n<p class=\"p1\">Upotrebu dezinficijensa kod djece svakako treba nastojati ograni\u010diti na dezinfekciju kod ulaska u prostor te se nikako ne treba primijeniti vi\u0161e od dva-tri puta dnevno za djecu u dobi do 10 godina \u017eivota, uklju\u010duju\u0107i i 10-godi\u0161njake.<\/p>\n<p class=\"p1\"><b>Higijena prostora i opreme\/pribora<br \/>\n<\/b>Po zavr\u0161etku svake radionice, prostori se primjereno \u010diste sukladno uputama HZJZ-a.<\/p>\n<p class=\"p1\">Jednokratni pribor se nakon kori\u0161tenja baca, a ukoliko se radi o priboru za vi\u0161ekratno kori\u0161tenje, isti \u0107e se primjerno o\u010distiti tj. dezinficirati.<\/p>\n<hr \/>\n<p><em>Pripremljeno sukladno dokumentu <a href=\"https:\/\/www.hzjz.hr\/wp-content\/uploads\/2020\/03\/Upute_vrtici_i_skole_24_08_2020_HZJZ-1.pdf\" target=\"_blank\" rel=\"noopener\">UPUTE ZA SPRJE\u010cAVANJE I SUZBIJANJE EPIDEMIJE COVID-19 VEZANO ZA RAD PRED\u0160KOLSKIH USTANOVA, OSNOVNIH I SREDNJIH \u0160KOLA U \u0160KOLSKOJ GODINI 2020.\/2021.<\/a> Hrvatskog zavoda za javno zdravstvo i Ministarstva znanosti i obrazovanja od 24.8.2020. godine<\/em><\/p>\n<\/div><\/section>\n<div class='avia-image-container  av-styling-   avia-align-left '  itemscope=\"itemscope\" itemtype=\"https:\/\/schema.org\/ImageObject\"  ><div class='avia-image-container-inner'><img class='avia_image ' src='https:\/\/mfk.hr\/2024\/wp-content\/uploads\/2020\/08\/MFK_covid_polozeni-2.png' alt='' title='MFK_covid_polozeni'   itemprop=\"thumbnailUrl\"  \/><\/div><\/div>\n<\/div><\/div><\/div><!-- close content main div --><\/div><\/div><div id='after_section_2' class='main_color av_default_container_wrap container_wrap sidebar_right'   ><div class='container' ><div class='template-page content  av-content-small alpha units'><div class='post-entry post-entry-type-page post-entry-7105'><div class='entry-content-wrapper clearfix'><\/div><\/div><\/div><!-- close content main div --><\/div><\/div><div id='boxtransparent4' class='avia-section main_color avia-section-no-padding avia-no-border-styling avia-bg-style-scroll  av-minimum-height av-minimum-height-custom container_wrap sidebar_right'   ><div class='container' style='height:50px'><div class='template-page content  av-content-small alpha units'><div class='post-entry post-entry-type-page post-entry-7105'><div class='entry-content-wrapper clearfix'>\n<div class=\"flex_column av_one_full  no_margin flex_column_div av-zero-column-padding first  \" style='border-radius:0px; '><section class=\"av_textblock_section\"  itemscope=\"itemscope\" itemtype=\"https:\/\/schema.org\/CreativeWork\" ><div class='avia_textblock '   itemprop=\"text\" ><p>AUTOR FOTOGRAFIJE: STANKO KARAMAN<\/p>\n<\/div><\/section><\/div>\n<\/div><\/div><\/div><!-- close content main div --><\/div><\/div><div id='after_section_3' class='main_color av_default_container_wrap container_wrap sidebar_right'   ><div class='container' ><div class='template-page content  av-content-small alpha units'><div class='post-entry post-entry-type-page post-entry-7105'><div class='entry-content-wrapper clearfix'><\/p>\n","protected":false},"excerpt":{"rendered":"","protected":false},"author":4,"featured_media":0,"parent":0,"menu_order":0,"comment_status":"closed","ping_status":"closed","template":"","meta":{"footnotes":""},"class_list":["post-7105","page","type-page","status-publish","hentry"],"yoast_head":"<!-- This site is optimized with the Yoast SEO plugin v25.7 - https:\/\/yoast.com\/wordpress\/plugins\/seo\/ -->\n<title>STOP COVID-19 - MFK<\/title>\n<meta name=\"robots\" content=\"noindex, follow, max-snippet:-1, max-image-preview:large, max-video-preview:-1\" \/>\n<meta property=\"og:locale\" content=\"hr_HR\" \/>\n<meta property=\"og:type\" content=\"article\" \/>\n<meta property=\"og:title\" content=\"STOP COVID-19 - MFK\" \/>\n<meta property=\"og:url\" content=\"https:\/\/mfk.hr\/2024\/stop-covid-19\/\" \/>\n<meta property=\"og:site_name\" content=\"MFK\" \/>\n<meta property=\"article:modified_time\" content=\"2020-08-27T09:26:11+00:00\" \/>\n<meta name=\"twitter:card\" content=\"summary_large_image\" \/>\n<meta name=\"twitter:label1\" content=\"Procijenjeno vrijeme \u010ditanja\" \/>\n\t<meta name=\"twitter:data1\" content=\"6 minuta\" \/>\n<script type=\"application\/ld+json\" class=\"yoast-schema-graph\">{\"@context\":\"https:\/\/schema.org\",\"@graph\":[{\"@type\":\"WebPage\",\"@id\":\"https:\/\/mfk.hr\/2024\/stop-covid-19\/\",\"url\":\"https:\/\/mfk.hr\/2024\/stop-covid-19\/\",\"name\":\"STOP COVID-19 - MFK\",\"isPartOf\":{\"@id\":\"https:\/\/mfk.hr\/2024\/#website\"},\"datePublished\":\"2020-08-03T22:38:06+00:00\",\"dateModified\":\"2020-08-27T09:26:11+00:00\",\"breadcrumb\":{\"@id\":\"https:\/\/mfk.hr\/2024\/stop-covid-19\/#breadcrumb\"},\"inLanguage\":\"hr\",\"potentialAction\":[{\"@type\":\"ReadAction\",\"target\":[\"https:\/\/mfk.hr\/2024\/stop-covid-19\/\"]}]},{\"@type\":\"BreadcrumbList\",\"@id\":\"https:\/\/mfk.hr\/2024\/stop-covid-19\/#breadcrumb\",\"itemListElement\":[{\"@type\":\"ListItem\",\"position\":1,\"name\":\"Po\u010detna stranica\",\"item\":\"https:\/\/mfk.hr\/2024\/\"},{\"@type\":\"ListItem\",\"position\":2,\"name\":\"STOP COVID-19\"}]},{\"@type\":\"WebSite\",\"@id\":\"https:\/\/mfk.hr\/2024\/#website\",\"url\":\"https:\/\/mfk.hr\/2024\/\",\"name\":\"MFK\",\"description\":\"mediteranski festival knjige\",\"potentialAction\":[{\"@type\":\"SearchAction\",\"target\":{\"@type\":\"EntryPoint\",\"urlTemplate\":\"https:\/\/mfk.hr\/2024\/?s={search_term_string}\"},\"query-input\":{\"@type\":\"PropertyValueSpecification\",\"valueRequired\":true,\"valueName\":\"search_term_string\"}}],\"inLanguage\":\"hr\"}]}<\/script>\n<!-- \/ Yoast SEO plugin. -->","yoast_head_json":{"title":"STOP COVID-19 - MFK","robots":{"index":"noindex","follow":"follow","max-snippet":"max-snippet:-1","max-image-preview":"max-image-preview:large","max-video-preview":"max-video-preview:-1"},"og_locale":"hr_HR","og_type":"article","og_title":"STOP COVID-19 - MFK","og_url":"https:\/\/mfk.hr\/2024\/stop-covid-19\/","og_site_name":"MFK","article_modified_time":"2020-08-27T09:26:11+00:00","twitter_card":"summary_large_image","twitter_misc":{"Procijenjeno vrijeme \u010ditanja":"6 minuta"},"schema":{"@context":"https:\/\/schema.org","@graph":[{"@type":"WebPage","@id":"https:\/\/mfk.hr\/2024\/stop-covid-19\/","url":"https:\/\/mfk.hr\/2024\/stop-covid-19\/","name":"STOP COVID-19 - MFK","isPartOf":{"@id":"https:\/\/mfk.hr\/2024\/#website"},"datePublished":"2020-08-03T22:38:06+00:00","dateModified":"2020-08-27T09:26:11+00:00","breadcrumb":{"@id":"https:\/\/mfk.hr\/2024\/stop-covid-19\/#breadcrumb"},"inLanguage":"hr","potentialAction":[{"@type":"ReadAction","target":["https:\/\/mfk.hr\/2024\/stop-covid-19\/"]}]},{"@type":"BreadcrumbList","@id":"https:\/\/mfk.hr\/2024\/stop-covid-19\/#breadcrumb","itemListElement":[{"@type":"ListItem","position":1,"name":"Po\u010detna stranica","item":"https:\/\/mfk.hr\/2024\/"},{"@type":"ListItem","position":2,"name":"STOP COVID-19"}]},{"@type":"WebSite","@id":"https:\/\/mfk.hr\/2024\/#website","url":"https:\/\/mfk.hr\/2024\/","name":"MFK","description":"mediteranski festival knjige","potentialAction":[{"@type":"SearchAction","target":{"@type":"EntryPoint","urlTemplate":"https:\/\/mfk.hr\/2024\/?s={search_term_string}"},"query-input":{"@type":"PropertyValueSpecification","valueRequired":true,"valueName":"search_term_string"}}],"inLanguage":"hr"}]}},"_links":{"self":[{"href":"https:\/\/mfk.hr\/2024\/wp-json\/wp\/v2\/pages\/7105","targetHints":{"allow":["GET"]}}],"collection":[{"href":"https:\/\/mfk.hr\/2024\/wp-json\/wp\/v2\/pages"}],"about":[{"href":"https:\/\/mfk.hr\/2024\/wp-json\/wp\/v2\/types\/page"}],"author":[{"embeddable":true,"href":"https:\/\/mfk.hr\/2024\/wp-json\/wp\/v2\/users\/4"}],"replies":[{"embeddable":true,"href":"https:\/\/mfk.hr\/2024\/wp-json\/wp\/v2\/comments?post=7105"}],"version-history":[{"count":30,"href":"https:\/\/mfk.hr\/2024\/wp-json\/wp\/v2\/pages\/7105\/revisions"}],"predecessor-version":[{"id":7624,"href":"https:\/\/mfk.hr\/2024\/wp-json\/wp\/v2\/pages\/7105\/revisions\/7624"}],"wp:attachment":[{"href":"https:\/\/mfk.hr\/2024\/wp-json\/wp\/v2\/media?parent=7105"}],"curies":[{"name":"wp","href":"https:\/\/api.w.org\/{rel}","templated":true}]}}