{"id":3239,"date":"2017-04-25T10:27:42","date_gmt":"2017-04-25T10:27:42","guid":{"rendered":"http:\/\/mfkdem.weblogic-studio.com\/?page_id=3239"},"modified":"2024-09-23T23:19:46","modified_gmt":"2024-09-23T23:19:46","slug":"informacije-za-posjetitelje","status":"publish","type":"page","link":"https:\/\/mfk.hr\/2024\/informacije-za-posjetitelje\/","title":{"rendered":"Informacije za posjetitelje"},"content":{"rendered":"<\/div><\/div><\/div><!-- close content main div --><\/div><\/div><div id='naslov_bijeli' class='avia-section main_color avia-section-no-padding avia-no-border-styling avia-bg-style-scroll  container_wrap sidebar_right'   ><div class='container' ><div class='template-page content  av-content-small alpha units'><div class='post-entry post-entry-type-page post-entry-3239'><div class='entry-content-wrapper clearfix'>\n<div style='padding-bottom:0px;' class='av-special-heading av-special-heading-h1  blockquote modern-quote modern-centered '><h1 class='av-special-heading-tag'  itemprop=\"headline\"  >Informacije za posjetitelje<\/h1><div class='special-heading-border'><div class='special-heading-inner-border' ><\/div><\/div><\/div>\n<\/div><\/div><\/div><!-- close content main div --><\/div><\/div><div id='after_section_1' class='main_color av_default_container_wrap container_wrap sidebar_right'   ><div class='container' ><div class='template-page content  av-content-small alpha units'><div class='post-entry post-entry-type-page post-entry-3239'><div class='entry-content-wrapper clearfix'>\n<\/div><\/div><\/div><!-- close content main div --><\/div><\/div><div id='infoposjeta' class='avia-section main_color avia-section-default avia-no-border-styling avia-bg-style-scroll  container_wrap sidebar_right' style = 'background-color: #ffffff; '  ><div class='container' ><div class='template-page content  av-content-small alpha units'><div class='post-entry post-entry-type-page post-entry-3239'><div class='entry-content-wrapper clearfix'>\n<div class=\"flex_column av_one_third  flex_column_div av-zero-column-padding first  \" style='border-radius:0px; '><section class=\"av_textblock_section\"  itemscope=\"itemscope\" itemtype=\"https:\/\/schema.org\/CreativeWork\" ><div class='avia_textblock '   itemprop=\"text\" ><p><strong>mfk adresa<br \/>\n<\/strong><\/p>\n<p>\u0160C Gripe<br \/>\nOsje\u010dka 11<br \/>\n21 000 Split<\/p>\n<\/div><\/section><\/div><div class=\"flex_column av_one_third  flex_column_div av-zero-column-padding   \" style='border-radius:0px; '><section class=\"av_textblock_section\"  itemscope=\"itemscope\" itemtype=\"https:\/\/schema.org\/CreativeWork\" ><div class='avia_textblock '   itemprop=\"text\" ><p><strong>mfk radno vrijeme<br \/>\n<\/strong><\/p>\n<p>sri\/\u010det\/ned 10 &#8211; 20h<br \/>\npet\/sub 10 &#8211; 21h<\/p>\n<\/div><\/section><\/div><div class=\"flex_column av_one_third  flex_column_div av-zero-column-padding   \" style='border-radius:0px; '><section class=\"av_textblock_section\"  itemscope=\"itemscope\" itemtype=\"https:\/\/schema.org\/CreativeWork\" ><div class='avia_textblock '   itemprop=\"text\" ><p><strong>mfk kontakt<\/strong><\/p>\n<p>Antonijela Bona\u010di\u0107, HGK-ZNK<br \/>\n01 456 1682<br \/>\n<a href=\"mailto:abonacic@hgk.hr\" target=\"_blank\" rel=\"noopener\"><em>abonacic@hgk.hr<\/em><\/a><br \/>\n<em><a href=\"mfk@mfk.hr\" target=\"_blank\" rel=\"noopener\">mfk@mfk.hr<\/a><\/em><\/p>\n<\/div><\/section><\/div><div  class='hr hr-default '><span class='hr-inner ' ><span class='hr-inner-style'><\/span><\/span><\/div>\n<\/div><\/div><\/div><!-- close content main div --><\/div><\/div><div id='after_section_2' class='main_color av_default_container_wrap container_wrap sidebar_right'   ><div class='container' ><div class='template-page content  av-content-small alpha units'><div class='post-entry post-entry-type-page post-entry-3239'><div class='entry-content-wrapper clearfix'>\n<\/div><\/div><\/div><!-- close content main div --><\/div><\/div><div id='infoposjeta-jedanred' class='avia-section main_color avia-section-default avia-no-border-styling avia-bg-style-scroll  container_wrap sidebar_right' style = 'background-color: #ffffff; '  ><div class='container' ><div class='template-page content  av-content-small alpha units'><div class='post-entry post-entry-type-page post-entry-3239'><div class='entry-content-wrapper clearfix'>\n<div class=\"flex_column av_one_half  flex_column_div av-zero-column-padding first  \" style='border-radius:0px; '><section class=\"av_textblock_section\"  itemscope=\"itemscope\" itemtype=\"https:\/\/schema.org\/CreativeWork\" ><div class='avia_textblock '   itemprop=\"text\" ><p><strong>KAKO DO MFK?<\/strong><\/p>\n<p><strong>Javnim prijevozom <\/strong>mo\u017eete do\u0107i koriste\u0107i se <strong>autobusnim linijama 14 ili 18.<\/strong><\/p>\n<p><strong>Mogu\u0107nost parkiranja<\/strong> je u gara\u017ei Koteks kompleksa ili na parkingu sa sjeverne strane kompleksa.<\/p>\n<p>Korisne poveznice:<br \/>\n<a href=\"https:\/\/www.promet-split.hr\/linije\/mreza-gradskih-linija\" target=\"_blank\" rel=\"noopener noreferrer\"><em>mre\u017ea gradskih linija Promet Split<\/em><\/a><br \/>\n<a href=\"https:\/\/www.promet-split.hr\/vozni-red\/sve-linije\" target=\"_blank\" rel=\"noopener noreferrer\"><em>vozni red Promet Split<\/em><\/a><br \/>\n<em><a href=\"https:\/\/www.promet-split.hr\/cjenik\/cjenik-putnih-karata\" target=\"_blank\" rel=\"noopener noreferrer\">cjenik autobusnih karata Promet Split<\/a><\/em><\/p>\n<\/div><\/section><\/div><div class=\"flex_column av_one_half  flex_column_div av-zero-column-padding   \" style='border-radius:0px; '><section class=\"av_textblock_section\"  itemscope=\"itemscope\" itemtype=\"https:\/\/schema.org\/CreativeWork\" ><div class='avia_textblock '   itemprop=\"text\" ><p><iframe loading=\"lazy\" class=\"mp4downloader_tagChecked \" style=\"border: 0;\" src=\"https:\/\/www.google.com\/maps\/embed?pb=!1m14!1m8!1m3!1d5787.295596271791!2d16.4509878!3d43.5096824!3m2!1i1024!2i768!4f13.1!3m3!1m2!1s0x13355e04b3da98fb%3A0xaae602615cdffac0!2sDvorana+Gripe!5e0!3m2!1shr!2shr!4v1493286266198\" width=\"400\" height=\"300\" frameborder=\"0\" allowfullscreen=\"allowfullscreen\"><\/iframe><\/p>\n<\/div><\/section><\/div>\n<\/div><\/div><\/div><!-- close content main div --><\/div><\/div><div id='after_section_3' class='main_color av_default_container_wrap container_wrap sidebar_right'   ><div class='container' ><div class='template-page content  av-content-small alpha units'><div class='post-entry post-entry-type-page post-entry-3239'><div class='entry-content-wrapper clearfix'>\n<\/div><\/div><\/div><!-- close content main div --><\/div><\/div><div id='infoposjeta' class='avia-section main_color avia-section-default avia-no-border-styling avia-bg-style-scroll  container_wrap sidebar_right' style = 'background-color: #ffffff; '  ><div class='container' ><div class='template-page content  av-content-small alpha units'><div class='post-entry post-entry-type-page post-entry-3239'><div class='entry-content-wrapper clearfix'>\n<div  class='hr hr-default '><span class='hr-inner ' ><span class='hr-inner-style'><\/span><\/span><\/div>\n<div class=\"flex_column av_one_full  flex_column_div av-zero-column-padding first  \" style='border-radius:0px; '><section class=\"av_textblock_section\"  itemscope=\"itemscope\" itemtype=\"https:\/\/schema.org\/CreativeWork\" ><div class='avia_textblock '   itemprop=\"text\" ><p><strong>OSI &#8211; OSOBE S INVALIDITETOM \/ OSOBE S DJE\u010cJIM KOLICIMA<br \/>\n<\/strong><\/p>\n<p><img loading=\"lazy\" decoding=\"async\" class=\"alignleft wp-image-5031 \" src=\"https:\/\/mfk.hr\/2024\/wp-content\/uploads\/2018\/05\/MFK-naljka-za-kolica-01-300x212.png\" alt=\"\" width=\"319\" height=\"226\" srcset=\"https:\/\/mfk.hr\/2024\/wp-content\/uploads\/2018\/05\/MFK-naljka-za-kolica-01-300x212.png 300w, https:\/\/mfk.hr\/2024\/wp-content\/uploads\/2018\/05\/MFK-naljka-za-kolica-01-768x544.png 768w, https:\/\/mfk.hr\/2024\/wp-content\/uploads\/2018\/05\/MFK-naljka-za-kolica-01-260x185.png 260w, https:\/\/mfk.hr\/2024\/wp-content\/uploads\/2018\/05\/MFK-naljka-za-kolica-01-705x499.png 705w, https:\/\/mfk.hr\/2024\/wp-content\/uploads\/2018\/05\/MFK-naljka-za-kolica-01-450x319.png 450w, https:\/\/mfk.hr\/2024\/wp-content\/uploads\/2018\/05\/MFK-naljka-za-kolica-01.png 842w\" sizes=\"auto, (max-width: 319px) 100vw, 319px\" \/><\/p>\n<p style=\"text-align: left;\">U<strong> veliku dvoranu se mo\u017ee i dizalom<\/strong>!<\/p>\n<p style=\"text-align: left;\">Dizalo se nalazi <strong>u nastavku kafi\u0107a<\/strong>, <strong>na desnoj strani<\/strong>, a nasuprot sporednog ulaza u veliku dvoranu.<\/p>\n<\/div><\/section><\/div><div  class='hr hr-default '><span class='hr-inner ' ><span class='hr-inner-style'><\/span><\/span><\/div>\n<div class=\"flex_column av_one_full  flex_column_div av-zero-column-padding first  \" style='border-radius:0px; '><section class=\"av_textblock_section\"  itemscope=\"itemscope\" itemtype=\"https:\/\/schema.org\/CreativeWork\" ><div class='avia_textblock '   itemprop=\"text\" ><p><strong>PLA\u0106ANJE<br \/>\n<\/strong><\/p>\n<p><img loading=\"lazy\" decoding=\"async\" class=\"wp-image-9741 alignright\" src=\"https:\/\/mfk.hr\/2024\/wp-content\/uploads\/2022\/09\/HANDHO1-1500x630.jpg\" alt=\"\" width=\"486\" height=\"204\" \/><\/p>\n<p style=\"text-align: left;\">Velika ve\u0107ina izlaga\u010da <strong>uz gotovinsko ima i mogu\u0107nost karti\u010dnog pla\u0107anja<\/strong>.<\/p>\n<\/div><\/section><\/div><div  class='hr hr-default '><span class='hr-inner ' ><span class='hr-inner-style'><\/span><\/span><\/div>\n<\/div><\/div><\/div><!-- close content main div --><\/div><\/div><div id='after_section_4' class='main_color av_default_container_wrap container_wrap sidebar_right'   ><div class='container' ><div class='template-page content  av-content-small alpha units'><div class='post-entry post-entry-type-page post-entry-3239'><div class='entry-content-wrapper clearfix'><\/div><\/div><\/div><!-- close content main div --><\/div><\/div><div id='boxtransparent4' class='avia-section main_color avia-section-no-padding avia-no-border-styling avia-bg-style-scroll  av-minimum-height av-minimum-height-custom container_wrap sidebar_right'   ><div class='container' style='height:50px'><div class='template-page content  av-content-small alpha units'><div class='post-entry post-entry-type-page post-entry-3239'><div class='entry-content-wrapper clearfix'>\n<div class=\"flex_column av_one_full  no_margin flex_column_div av-zero-column-padding first  \" style='border-radius:0px; '><section class=\"av_textblock_section\"  itemscope=\"itemscope\" itemtype=\"https:\/\/schema.org\/CreativeWork\" ><div class='avia_textblock '   itemprop=\"text\" ><p>AUTOR FOTOGRAFIJE: STIPE SURA\u0106<\/p>\n<\/div><\/section><\/div>\n<\/div><\/div><\/div><!-- close content main div --><\/div><\/div><div id='after_section_5' class='main_color av_default_container_wrap container_wrap sidebar_right'   ><div class='container' ><div class='template-page content  av-content-small alpha units'><div class='post-entry post-entry-type-page post-entry-3239'><div class='entry-content-wrapper clearfix'><\/p>\n","protected":false},"excerpt":{"rendered":"","protected":false},"author":1,"featured_media":0,"parent":0,"menu_order":0,"comment_status":"closed","ping_status":"closed","template":"","meta":{"footnotes":""},"class_list":["post-3239","page","type-page","status-publish","hentry"],"yoast_head":"<!-- This site is optimized with the Yoast SEO plugin v25.7 - https:\/\/yoast.com\/wordpress\/plugins\/seo\/ -->\n<title>Informacije za posjetitelje - MFK<\/title>\n<meta name=\"robots\" content=\"noindex, follow, max-snippet:-1, max-image-preview:large, max-video-preview:-1\" \/>\n<meta property=\"og:locale\" content=\"hr_HR\" \/>\n<meta property=\"og:type\" content=\"article\" \/>\n<meta property=\"og:title\" content=\"Informacije za posjetitelje - MFK\" \/>\n<meta property=\"og:url\" content=\"https:\/\/mfk.hr\/2024\/informacije-za-posjetitelje\/\" \/>\n<meta property=\"og:site_name\" content=\"MFK\" \/>\n<meta property=\"article:modified_time\" content=\"2024-09-23T23:19:46+00:00\" \/>\n<meta property=\"og:image\" content=\"https:\/\/mfk.hr\/2024\/wp-content\/uploads\/2018\/05\/MFK-naljka-za-kolica-01-300x212.png\" \/>\n<meta name=\"twitter:card\" content=\"summary_large_image\" \/>\n<meta name=\"twitter:label1\" content=\"Procijenjeno vrijeme \u010ditanja\" \/>\n\t<meta name=\"twitter:data1\" content=\"4 minute\" \/>\n<script type=\"application\/ld+json\" class=\"yoast-schema-graph\">{\"@context\":\"https:\/\/schema.org\",\"@graph\":[{\"@type\":\"WebPage\",\"@id\":\"https:\/\/mfk.hr\/2024\/informacije-za-posjetitelje\/\",\"url\":\"https:\/\/mfk.hr\/2024\/informacije-za-posjetitelje\/\",\"name\":\"Informacije za posjetitelje - MFK\",\"isPartOf\":{\"@id\":\"https:\/\/mfk.hr\/2024\/#website\"},\"primaryImageOfPage\":{\"@id\":\"https:\/\/mfk.hr\/2024\/informacije-za-posjetitelje\/#primaryimage\"},\"image\":{\"@id\":\"https:\/\/mfk.hr\/2024\/informacije-za-posjetitelje\/#primaryimage\"},\"thumbnailUrl\":\"https:\/\/mfk.hr\/2024\/wp-content\/uploads\/2018\/05\/MFK-naljka-za-kolica-01-300x212.png\",\"datePublished\":\"2017-04-25T10:27:42+00:00\",\"dateModified\":\"2024-09-23T23:19:46+00:00\",\"breadcrumb\":{\"@id\":\"https:\/\/mfk.hr\/2024\/informacije-za-posjetitelje\/#breadcrumb\"},\"inLanguage\":\"hr\",\"potentialAction\":[{\"@type\":\"ReadAction\",\"target\":[\"https:\/\/mfk.hr\/2024\/informacije-za-posjetitelje\/\"]}]},{\"@type\":\"ImageObject\",\"inLanguage\":\"hr\",\"@id\":\"https:\/\/mfk.hr\/2024\/informacije-za-posjetitelje\/#primaryimage\",\"url\":\"https:\/\/mfk.hr\/2024\/wp-content\/uploads\/2018\/05\/MFK-naljka-za-kolica-01.png\",\"contentUrl\":\"https:\/\/mfk.hr\/2024\/wp-content\/uploads\/2018\/05\/MFK-naljka-za-kolica-01.png\",\"width\":842,\"height\":596},{\"@type\":\"BreadcrumbList\",\"@id\":\"https:\/\/mfk.hr\/2024\/informacije-za-posjetitelje\/#breadcrumb\",\"itemListElement\":[{\"@type\":\"ListItem\",\"position\":1,\"name\":\"Po\u010detna stranica\",\"item\":\"https:\/\/mfk.hr\/2024\/\"},{\"@type\":\"ListItem\",\"position\":2,\"name\":\"Informacije za posjetitelje\"}]},{\"@type\":\"WebSite\",\"@id\":\"https:\/\/mfk.hr\/2024\/#website\",\"url\":\"https:\/\/mfk.hr\/2024\/\",\"name\":\"MFK\",\"description\":\"mediteranski festival knjige\",\"potentialAction\":[{\"@type\":\"SearchAction\",\"target\":{\"@type\":\"EntryPoint\",\"urlTemplate\":\"https:\/\/mfk.hr\/2024\/?s={search_term_string}\"},\"query-input\":{\"@type\":\"PropertyValueSpecification\",\"valueRequired\":true,\"valueName\":\"search_term_string\"}}],\"inLanguage\":\"hr\"}]}<\/script>\n<!-- \/ Yoast SEO plugin. -->","yoast_head_json":{"title":"Informacije za posjetitelje - MFK","robots":{"index":"noindex","follow":"follow","max-snippet":"max-snippet:-1","max-image-preview":"max-image-preview:large","max-video-preview":"max-video-preview:-1"},"og_locale":"hr_HR","og_type":"article","og_title":"Informacije za posjetitelje - MFK","og_url":"https:\/\/mfk.hr\/2024\/informacije-za-posjetitelje\/","og_site_name":"MFK","article_modified_time":"2024-09-23T23:19:46+00:00","og_image":[{"url":"https:\/\/mfk.hr\/2024\/wp-content\/uploads\/2018\/05\/MFK-naljka-za-kolica-01-300x212.png","type":"","width":"","height":""}],"twitter_card":"summary_large_image","twitter_misc":{"Procijenjeno vrijeme \u010ditanja":"4 minute"},"schema":{"@context":"https:\/\/schema.org","@graph":[{"@type":"WebPage","@id":"https:\/\/mfk.hr\/2024\/informacije-za-posjetitelje\/","url":"https:\/\/mfk.hr\/2024\/informacije-za-posjetitelje\/","name":"Informacije za posjetitelje - MFK","isPartOf":{"@id":"https:\/\/mfk.hr\/2024\/#website"},"primaryImageOfPage":{"@id":"https:\/\/mfk.hr\/2024\/informacije-za-posjetitelje\/#primaryimage"},"image":{"@id":"https:\/\/mfk.hr\/2024\/informacije-za-posjetitelje\/#primaryimage"},"thumbnailUrl":"https:\/\/mfk.hr\/2024\/wp-content\/uploads\/2018\/05\/MFK-naljka-za-kolica-01-300x212.png","datePublished":"2017-04-25T10:27:42+00:00","dateModified":"2024-09-23T23:19:46+00:00","breadcrumb":{"@id":"https:\/\/mfk.hr\/2024\/informacije-za-posjetitelje\/#breadcrumb"},"inLanguage":"hr","potentialAction":[{"@type":"ReadAction","target":["https:\/\/mfk.hr\/2024\/informacije-za-posjetitelje\/"]}]},{"@type":"ImageObject","inLanguage":"hr","@id":"https:\/\/mfk.hr\/2024\/informacije-za-posjetitelje\/#primaryimage","url":"https:\/\/mfk.hr\/2024\/wp-content\/uploads\/2018\/05\/MFK-naljka-za-kolica-01.png","contentUrl":"https:\/\/mfk.hr\/2024\/wp-content\/uploads\/2018\/05\/MFK-naljka-za-kolica-01.png","width":842,"height":596},{"@type":"BreadcrumbList","@id":"https:\/\/mfk.hr\/2024\/informacije-za-posjetitelje\/#breadcrumb","itemListElement":[{"@type":"ListItem","position":1,"name":"Po\u010detna stranica","item":"https:\/\/mfk.hr\/2024\/"},{"@type":"ListItem","position":2,"name":"Informacije za posjetitelje"}]},{"@type":"WebSite","@id":"https:\/\/mfk.hr\/2024\/#website","url":"https:\/\/mfk.hr\/2024\/","name":"MFK","description":"mediteranski festival knjige","potentialAction":[{"@type":"SearchAction","target":{"@type":"EntryPoint","urlTemplate":"https:\/\/mfk.hr\/2024\/?s={search_term_string}"},"query-input":{"@type":"PropertyValueSpecification","valueRequired":true,"valueName":"search_term_string"}}],"inLanguage":"hr"}]}},"_links":{"self":[{"href":"https:\/\/mfk.hr\/2024\/wp-json\/wp\/v2\/pages\/3239","targetHints":{"allow":["GET"]}}],"collection":[{"href":"https:\/\/mfk.hr\/2024\/wp-json\/wp\/v2\/pages"}],"about":[{"href":"https:\/\/mfk.hr\/2024\/wp-json\/wp\/v2\/types\/page"}],"author":[{"embeddable":true,"href":"https:\/\/mfk.hr\/2024\/wp-json\/wp\/v2\/users\/1"}],"replies":[{"embeddable":true,"href":"https:\/\/mfk.hr\/2024\/wp-json\/wp\/v2\/comments?post=3239"}],"version-history":[{"count":66,"href":"https:\/\/mfk.hr\/2024\/wp-json\/wp\/v2\/pages\/3239\/revisions"}],"predecessor-version":[{"id":12026,"href":"https:\/\/mfk.hr\/2024\/wp-json\/wp\/v2\/pages\/3239\/revisions\/12026"}],"wp:attachment":[{"href":"https:\/\/mfk.hr\/2024\/wp-json\/wp\/v2\/media?parent=3239"}],"curies":[{"name":"wp","href":"https:\/\/api.w.org\/{rel}","templated":true}]}}