{"id":3198,"date":"2017-04-25T08:11:17","date_gmt":"2017-04-25T08:11:17","guid":{"rendered":"http:\/\/mfkdem.weblogic-studio.com\/?page_id=3198"},"modified":"2024-09-23T23:17:36","modified_gmt":"2024-09-23T23:17:36","slug":"tlocrt-i-popis-izlagaca","status":"publish","type":"page","link":"https:\/\/mfk.hr\/2024\/tlocrt-i-popis-izlagaca\/","title":{"rendered":"Tlocrt dvorane i popis izlaga\u010da"},"content":{"rendered":"<\/div><\/div><\/div><!-- close content main div --><\/div><\/div><div id='naslov_bijeli' class='avia-section main_color avia-section-no-padding avia-no-border-styling avia-bg-style-scroll  container_wrap sidebar_right'   ><div class='container' ><div class='template-page content  av-content-small alpha units'><div class='post-entry post-entry-type-page post-entry-3198'><div class='entry-content-wrapper clearfix'>\n<div style='padding-bottom:0px;' class='av-special-heading av-special-heading-h1  blockquote modern-quote modern-centered '><h1 class='av-special-heading-tag'  itemprop=\"headline\"  >Tlocrt dvorane i popis izlaga\u010da<\/h1><div class='special-heading-border'><div class='special-heading-inner-border' ><\/div><\/div><\/div>\n<\/div><\/div><\/div><!-- close content main div --><\/div><\/div><div id='after_section_1' class='main_color av_default_container_wrap container_wrap sidebar_right'   ><div class='container' ><div class='template-page content  av-content-small alpha units'><div class='post-entry post-entry-type-page post-entry-3198'><div class='entry-content-wrapper clearfix'>\n<\/div><\/div><\/div><!-- close content main div --><\/div><\/div><div id='tlocrtizlagaca' class='avia-section main_color avia-section-large avia-no-border-styling avia-bg-style-scroll  container_wrap sidebar_right' style = 'background-color: #ffffff; '  ><div class='container' ><div class='template-page content  av-content-small alpha units'><div class='post-entry post-entry-type-page post-entry-3198'><div class='entry-content-wrapper clearfix'>\n<div class='avia-image-container  av-styling-   avia-align-center '  itemscope=\"itemscope\" itemtype=\"https:\/\/schema.org\/ImageObject\"  ><div class='avia-image-container-inner'><img class='avia_image ' src='https:\/\/mfk.hr\/2024\/wp-content\/uploads\/2024\/09\/Dvorana-2_auto_x2-1-1500x1409.jpg' alt='' title=''   itemprop=\"thumbnailUrl\"  \/><\/div><\/div>\n<\/div><\/div><\/div><!-- close content main div --><\/div><\/div><div id='after_section_2' class='main_color av_default_container_wrap container_wrap sidebar_right'   ><div class='container' ><div class='template-page content  av-content-small alpha units'><div class='post-entry post-entry-type-page post-entry-3198'><div class='entry-content-wrapper clearfix'>\n<\/div><\/div><\/div><!-- close content main div --><\/div><\/div><div id='boxtransparent4' class='avia-section main_color avia-section-no-padding avia-no-border-styling avia-bg-style-scroll  av-minimum-height av-minimum-height-custom container_wrap sidebar_right'   ><div class='container' style='height:50px'><div class='template-page content  av-content-small alpha units'><div class='post-entry post-entry-type-page post-entry-3198'><div class='entry-content-wrapper clearfix'><\/div><\/div><\/div><!-- close content main div --><\/div><\/div><div id='after_section_3' class='main_color av_default_container_wrap container_wrap sidebar_right'   ><div class='container' ><div class='template-page content  av-content-small alpha units'><div class='post-entry post-entry-type-page post-entry-3198'><div class='entry-content-wrapper clearfix'>\n<\/div><\/div><\/div><!-- close content main div --><\/div><\/div><div id='naslov_bijeli' class='avia-section main_color avia-section-no-padding avia-no-border-styling avia-bg-style-scroll  container_wrap sidebar_right'   ><div class='container' ><div class='template-page content  av-content-small alpha units'><div class='post-entry post-entry-type-page post-entry-3198'><div class='entry-content-wrapper clearfix'>\n<div style='padding-bottom:0px;' class='av-special-heading av-special-heading-h1  blockquote modern-quote modern-centered '><h1 class='av-special-heading-tag'  itemprop=\"headline\"  >Izlaga\u010di i nakladnici MFK 2024.<\/h1><div class='special-heading-border'><div class='special-heading-inner-border' ><\/div><\/div><\/div>\n<\/div><\/div><\/div><!-- close content main div --><\/div><\/div><div id='after_section_4' class='main_color av_default_container_wrap container_wrap sidebar_right'   ><div class='container' ><div class='template-page content  av-content-small alpha units'><div class='post-entry post-entry-type-page post-entry-3198'><div class='entry-content-wrapper clearfix'>\n<\/div><\/div><\/div><!-- close content main div --><\/div><\/div><div id='av-layout-grid-1' class='av-layout-grid-container entry-content-wrapper main_color av-flex-cells av-border-cells container_wrap sidebar_right'   >\n<div class=\"flex_cell no_margin av_one_full   \" style='vertical-align:top; padding:30px; background-color:#ffffff; '><div class='flex_cell_inner' ><p><div style='padding-bottom:10px;color:#00aeef;' class='av-special-heading av-special-heading-h2 custom-color-heading   '><h2 class='av-special-heading-tag'  itemprop=\"headline\"  >ABECEDNI POREDAK IZLAGA\u010cA<\/h2><div class='special-heading-border'><div class='special-heading-inner-border' style='border-color:#00aeef'><\/div><\/div><\/div><br \/>\n<section class=\"av_textblock_section\"  itemscope=\"itemscope\" itemtype=\"https:\/\/schema.org\/CreativeWork\" ><div class='avia_textblock '  style='font-size:18px; '  itemprop=\"text\" >\n<table id=\"tablepress-6\" class=\"tablepress tablepress-id-6\">\n<thead>\n<tr class=\"row-1\">\n\t<th class=\"column-1\">ABECEDNI POPIS IZLAGA\u010cA<\/th>\n<\/tr>\n<\/thead>\n<tbody class=\"row-striping row-hover\">\n<tr class=\"row-2\">\n\t<td class=\"column-1\">ALKA SCRIPT<\/td>\n<\/tr>\n<tr class=\"row-3\">\n\t<td class=\"column-1\">BEGEN<\/td>\n<\/tr>\n<tr class=\"row-4\">\n\t<td class=\"column-1\">COLUMBO STRIPOVI<\/td>\n<\/tr>\n<tr class=\"row-5\">\n\t<td class=\"column-1\">DOMINOVI\u0106<\/td>\n<\/tr>\n<tr class=\"row-6\">\n\t<td class=\"column-1\">EDICIJE BO\u017dI\u010cEVI\u0106<\/td>\n<\/tr>\n<tr class=\"row-7\">\n\t<td class=\"column-1\">FELIX LIBER<\/td>\n<\/tr>\n<tr class=\"row-8\">\n\t<td class=\"column-1\">FOKALIZATOR<\/td>\n<\/tr>\n<tr class=\"row-9\">\n\t<td class=\"column-1\">FOKUS KOMUNIKACIJE<\/td>\n<\/tr>\n<tr class=\"row-10\">\n\t<td class=\"column-1\">FRAKTURA<\/td>\n<\/tr>\n<tr class=\"row-11\">\n\t<td class=\"column-1\">GOLDEN MARKETING-TEHNI\u010cKA KNJIGA<\/td>\n<\/tr>\n<tr class=\"row-12\">\n\t<td class=\"column-1\">GRADSKA KNJI\u017dNICA MARKA MARULI\u0106A<\/td>\n<\/tr>\n<tr class=\"row-13\">\n\t<td class=\"column-1\">HENA.COM<\/td>\n<\/tr>\n<tr class=\"row-14\">\n\t<td class=\"column-1\">IBIS GRAFIKA<\/td>\n<\/tr>\n<tr class=\"row-15\">\n\t<td class=\"column-1\">JESENSKI I TURK<\/td>\n<\/tr>\n<tr class=\"row-16\">\n\t<td class=\"column-1\">KNJI\u017dEVNI KRUG SPLIT<\/td>\n<\/tr>\n<tr class=\"row-17\">\n\t<td class=\"column-1\">KR\u0160\u0106ANSKA SADA\u0160NJOST<\/td>\n<\/tr>\n<tr class=\"row-18\">\n\t<td class=\"column-1\">MATICA HRVATSKA<\/td>\n<\/tr>\n<tr class=\"row-19\">\n\t<td class=\"column-1\">MEDICINSKA NAKLADA<\/td>\n<\/tr>\n<tr class=\"row-20\">\n\t<td class=\"column-1\">MITOPEJA<\/td>\n<\/tr>\n<tr class=\"row-21\">\n\t<td class=\"column-1\">MOZAIK KNJIGA<\/td>\n<\/tr>\n<tr class=\"row-22\">\n\t<td class=\"column-1\">NAKLADA ULIKS<\/td>\n<\/tr>\n<tr class=\"row-23\">\n\t<td class=\"column-1\">NA\u0160A DJECA<\/td>\n<\/tr>\n<tr class=\"row-24\">\n\t<td class=\"column-1\">PLANETOPIJA<\/td>\n<\/tr>\n<tr class=\"row-25\">\n\t<td class=\"column-1\">POETIKA<\/td>\n<\/tr>\n<tr class=\"row-26\">\n\t<td class=\"column-1\">PROFIL KNJIGA<\/td>\n<\/tr>\n<tr class=\"row-27\">\n\t<td class=\"column-1\">ROCKMARK<\/td>\n<\/tr>\n<tr class=\"row-28\">\n\t<td class=\"column-1\">SALESIANA<\/td>\n<\/tr>\n<tr class=\"row-29\">\n\t<td class=\"column-1\">SANDORF<\/td>\n<\/tr>\n<tr class=\"row-30\">\n\t<td class=\"column-1\">SPLITSKI KANTUN:<br \/>\n<br \/>\nSLATKOPEDIJA<br \/>\nNAKLADA FRAGMENT<br \/>\nKLASICI KNJIGE<br \/>\n<\/td>\n<\/tr>\n<tr class=\"row-31\">\n\t<td class=\"column-1\">STILUS KNJIGA<\/td>\n<\/tr>\n<tr class=\"row-32\">\n\t<td class=\"column-1\">LIBARNICA BY SUPERKNJI\u017dARA:<br \/>\n<br \/>\n24 SATA<br \/>\nAGORA<br \/>\nAKADEMSKA KNJIGA<br \/>\nARETE<br \/>\nARHIPELAG<br \/>\nBIJELI VAL<br \/>\nBLUM<br \/>\nBOOKA<br \/>\nBUYBOOK<br \/>\nCLIO<br \/>\n\u010cIGOJA<br \/>\nDAF<br \/>\nDERETA<br \/>\nDISPUT<br \/>\nENKLAVA<br \/>\nEVOLUTA<br \/>\nEX LIBRIS<br \/>\nFABRIKA KNJIGA<br \/>\nFEDON<br \/>\nFMK FAKULTET ZA MEDIJE I KOMUNIKACIJE<br \/>\nGEOPOETIKA<br \/>\nGRADAC<br \/>\nHELIKS<br \/>\nHOPLIT<br \/>\nKARPOS<br \/>\nLAGUNA<br \/>\nLOM<br \/>\nMAKART<br \/>\nMEDITERRAN PUBLISHING<br \/>\nNEBULA<br \/>\nODISEJA<br \/>\nORFELIN<br \/>\nPARTIZANSKA KNJIGA<br \/>\nPSIHOPOLIS<br \/>\nRADNI STO<br \/>\nRED VOX<br \/>\nSAMIZDAT B92<br \/>\nSLU\u017dBENI GLASNIK<br \/>\nTRE\u0106I TRG<br \/>\nURBAN READS<br \/>\nXX VEK<br \/>\n\u0160TRIK<\/td>\n<\/tr>\n<tr class=\"row-33\">\n\t<td class=\"column-1\">UDRUGA BOOKALOVE<\/td>\n<\/tr>\n<tr class=\"row-34\">\n\t<td class=\"column-1\">UDRUGA DOBRA KNJIGA<\/td>\n<\/tr>\n<tr class=\"row-35\">\n\t<td class=\"column-1\">V.B.Z.<\/td>\n<\/tr>\n<tr class=\"row-36\">\n\t<td class=\"column-1\">VERBUM<\/td>\n<\/tr>\n<tr class=\"row-37\">\n\t<td class=\"column-1\">WILD WEST<\/td>\n<\/tr>\n<tr class=\"row-38\">\n\t<td class=\"column-1\">ZAGREBA\u010cKI HOLDING \u2013 AGM<\/td>\n<\/tr>\n<tr class=\"row-39\">\n\t<td class=\"column-1\">ZNANJE<\/td>\n<\/tr>\n<\/tbody>\n<\/table>\n\n<\/div><\/section><\/p>\n<\/div><\/div><\/div><\/div><\/div><\/div><!-- close content main div --><\/div><\/div><div id='boxtransparent4' class='avia-section main_color avia-section-no-padding avia-no-border-styling avia-bg-style-scroll  av-minimum-height av-minimum-height-custom container_wrap sidebar_right'   ><div class='container' style='height:50px'><div class='template-page content  av-content-small alpha units'><div class='post-entry post-entry-type-page post-entry-3198'><div class='entry-content-wrapper clearfix'>\n<div class=\"flex_column av_one_full  no_margin flex_column_div av-zero-column-padding first  \" style='border-radius:0px; '><section class=\"av_textblock_section\"  itemscope=\"itemscope\" itemtype=\"https:\/\/schema.org\/CreativeWork\" ><div class='avia_textblock '   itemprop=\"text\" ><p>AUTOR FOTOGRAFIJE: STIPE SURA\u0106<\/p>\n<\/div><\/section><\/div><\/div><\/div><\/div><!-- close content main div --><\/div><\/div><div id='after_section_5' class='main_color av_default_container_wrap container_wrap sidebar_right'   ><div class='container' ><div class='template-page content  av-content-small alpha units'><div class='post-entry post-entry-type-page post-entry-3198'><div class='entry-content-wrapper clearfix'><\/p>\n","protected":false},"excerpt":{"rendered":"","protected":false},"author":1,"featured_media":0,"parent":0,"menu_order":0,"comment_status":"closed","ping_status":"closed","template":"","meta":{"footnotes":""},"class_list":["post-3198","page","type-page","status-publish","hentry"],"yoast_head":"<!-- This site is optimized with the Yoast SEO plugin v25.7 - https:\/\/yoast.com\/wordpress\/plugins\/seo\/ -->\n<title>Tlocrt dvorane i popis izlaga\u010da - MFK<\/title>\n<meta name=\"robots\" content=\"noindex, follow, max-snippet:-1, max-image-preview:large, max-video-preview:-1\" \/>\n<meta property=\"og:locale\" content=\"hr_HR\" \/>\n<meta property=\"og:type\" content=\"article\" \/>\n<meta property=\"og:title\" content=\"Tlocrt dvorane i popis izlaga\u010da - MFK\" \/>\n<meta property=\"og:url\" content=\"https:\/\/mfk.hr\/2024\/tlocrt-i-popis-izlagaca\/\" \/>\n<meta property=\"og:site_name\" content=\"MFK\" \/>\n<meta property=\"article:modified_time\" content=\"2024-09-23T23:17:36+00:00\" \/>\n<meta property=\"og:image\" content=\"https:\/\/mfk.hr\/2024\/wp-content\/uploads\/2020\/09\/DSC_6546.jpg\" \/>\n<meta name=\"twitter:card\" content=\"summary_large_image\" \/>\n<meta name=\"twitter:label1\" content=\"Procijenjeno vrijeme \u010ditanja\" \/>\n\t<meta name=\"twitter:data1\" content=\"2 minute\" \/>\n<script type=\"application\/ld+json\" class=\"yoast-schema-graph\">{\"@context\":\"https:\/\/schema.org\",\"@graph\":[{\"@type\":\"WebPage\",\"@id\":\"https:\/\/mfk.hr\/2024\/tlocrt-i-popis-izlagaca\/\",\"url\":\"https:\/\/mfk.hr\/2024\/tlocrt-i-popis-izlagaca\/\",\"name\":\"Tlocrt dvorane i popis izlaga\u010da - MFK\",\"isPartOf\":{\"@id\":\"https:\/\/mfk.hr\/2024\/#website\"},\"datePublished\":\"2017-04-25T08:11:17+00:00\",\"dateModified\":\"2024-09-23T23:17:36+00:00\",\"breadcrumb\":{\"@id\":\"https:\/\/mfk.hr\/2024\/tlocrt-i-popis-izlagaca\/#breadcrumb\"},\"inLanguage\":\"hr\",\"potentialAction\":[{\"@type\":\"ReadAction\",\"target\":[\"https:\/\/mfk.hr\/2024\/tlocrt-i-popis-izlagaca\/\"]}]},{\"@type\":\"BreadcrumbList\",\"@id\":\"https:\/\/mfk.hr\/2024\/tlocrt-i-popis-izlagaca\/#breadcrumb\",\"itemListElement\":[{\"@type\":\"ListItem\",\"position\":1,\"name\":\"Po\u010detna stranica\",\"item\":\"https:\/\/mfk.hr\/2024\/\"},{\"@type\":\"ListItem\",\"position\":2,\"name\":\"Tlocrt dvorane i popis izlaga\u010da\"}]},{\"@type\":\"WebSite\",\"@id\":\"https:\/\/mfk.hr\/2024\/#website\",\"url\":\"https:\/\/mfk.hr\/2024\/\",\"name\":\"MFK\",\"description\":\"mediteranski festival knjige\",\"potentialAction\":[{\"@type\":\"SearchAction\",\"target\":{\"@type\":\"EntryPoint\",\"urlTemplate\":\"https:\/\/mfk.hr\/2024\/?s={search_term_string}\"},\"query-input\":{\"@type\":\"PropertyValueSpecification\",\"valueRequired\":true,\"valueName\":\"search_term_string\"}}],\"inLanguage\":\"hr\"}]}<\/script>\n<!-- \/ Yoast SEO plugin. -->","yoast_head_json":{"title":"Tlocrt dvorane i popis izlaga\u010da - MFK","robots":{"index":"noindex","follow":"follow","max-snippet":"max-snippet:-1","max-image-preview":"max-image-preview:large","max-video-preview":"max-video-preview:-1"},"og_locale":"hr_HR","og_type":"article","og_title":"Tlocrt dvorane i popis izlaga\u010da - MFK","og_url":"https:\/\/mfk.hr\/2024\/tlocrt-i-popis-izlagaca\/","og_site_name":"MFK","article_modified_time":"2024-09-23T23:17:36+00:00","og_image":[{"url":"https:\/\/mfk.hr\/2024\/wp-content\/uploads\/2020\/09\/DSC_6546.jpg","type":"","width":"","height":""}],"twitter_card":"summary_large_image","twitter_misc":{"Procijenjeno vrijeme \u010ditanja":"2 minute"},"schema":{"@context":"https:\/\/schema.org","@graph":[{"@type":"WebPage","@id":"https:\/\/mfk.hr\/2024\/tlocrt-i-popis-izlagaca\/","url":"https:\/\/mfk.hr\/2024\/tlocrt-i-popis-izlagaca\/","name":"Tlocrt dvorane i popis izlaga\u010da - MFK","isPartOf":{"@id":"https:\/\/mfk.hr\/2024\/#website"},"datePublished":"2017-04-25T08:11:17+00:00","dateModified":"2024-09-23T23:17:36+00:00","breadcrumb":{"@id":"https:\/\/mfk.hr\/2024\/tlocrt-i-popis-izlagaca\/#breadcrumb"},"inLanguage":"hr","potentialAction":[{"@type":"ReadAction","target":["https:\/\/mfk.hr\/2024\/tlocrt-i-popis-izlagaca\/"]}]},{"@type":"BreadcrumbList","@id":"https:\/\/mfk.hr\/2024\/tlocrt-i-popis-izlagaca\/#breadcrumb","itemListElement":[{"@type":"ListItem","position":1,"name":"Po\u010detna stranica","item":"https:\/\/mfk.hr\/2024\/"},{"@type":"ListItem","position":2,"name":"Tlocrt dvorane i popis izlaga\u010da"}]},{"@type":"WebSite","@id":"https:\/\/mfk.hr\/2024\/#website","url":"https:\/\/mfk.hr\/2024\/","name":"MFK","description":"mediteranski festival knjige","potentialAction":[{"@type":"SearchAction","target":{"@type":"EntryPoint","urlTemplate":"https:\/\/mfk.hr\/2024\/?s={search_term_string}"},"query-input":{"@type":"PropertyValueSpecification","valueRequired":true,"valueName":"search_term_string"}}],"inLanguage":"hr"}]}},"_links":{"self":[{"href":"https:\/\/mfk.hr\/2024\/wp-json\/wp\/v2\/pages\/3198","targetHints":{"allow":["GET"]}}],"collection":[{"href":"https:\/\/mfk.hr\/2024\/wp-json\/wp\/v2\/pages"}],"about":[{"href":"https:\/\/mfk.hr\/2024\/wp-json\/wp\/v2\/types\/page"}],"author":[{"embeddable":true,"href":"https:\/\/mfk.hr\/2024\/wp-json\/wp\/v2\/users\/1"}],"replies":[{"embeddable":true,"href":"https:\/\/mfk.hr\/2024\/wp-json\/wp\/v2\/comments?post=3198"}],"version-history":[{"count":116,"href":"https:\/\/mfk.hr\/2024\/wp-json\/wp\/v2\/pages\/3198\/revisions"}],"predecessor-version":[{"id":12029,"href":"https:\/\/mfk.hr\/2024\/wp-json\/wp\/v2\/pages\/3198\/revisions\/12029"}],"wp:attachment":[{"href":"https:\/\/mfk.hr\/2024\/wp-json\/wp\/v2\/media?parent=3198"}],"curies":[{"name":"wp","href":"https:\/\/api.w.org\/{rel}","templated":true}]}}