{"id":12076,"date":"2024-09-24T14:13:37","date_gmt":"2024-09-24T14:13:37","guid":{"rendered":"https:\/\/mfk.hr\/2024\/?page_id=12076"},"modified":"2024-09-26T09:25:33","modified_gmt":"2024-09-26T09:25:33","slug":"likovna-radionica-strip-i-karikatura-skole","status":"publish","type":"page","link":"https:\/\/mfk.hr\/2024\/likovna-radionica-strip-i-karikatura-skole\/","title":{"rendered":"LIKOVNA RADIONICA: Strip i karikatura (\u0161kole)"},"content":{"rendered":"<\/div><\/div><\/div><!-- close content main div --><\/div><\/div><div id='naslov_bijeli' class='avia-section main_color avia-section-default avia-no-shadow avia-bg-style-scroll  container_wrap sidebar_right'   ><div class='container' ><div class='template-page content  av-content-small alpha units'><div class='post-entry post-entry-type-page post-entry-12076'><div class='entry-content-wrapper clearfix'>\n<div style='padding-bottom:0px;' class='av-special-heading av-special-heading-h1  blockquote modern-quote modern-centered '><h1 class='av-special-heading-tag'  itemprop=\"headline\"  >LIKOVNA RADIONICA: Strip i karikatura<\/h1><div class='special-heading-border'><div class='special-heading-inner-border' ><\/div><\/div><\/div>\n<\/div><\/div><\/div><!-- close content main div --><\/div><\/div><div id='after_section_1' class='main_color av_default_container_wrap container_wrap sidebar_right'   ><div class='container' ><div class='template-page content  av-content-small alpha units'><div class='post-entry post-entry-type-page post-entry-12076'><div class='entry-content-wrapper clearfix'>\n<\/div><\/div><\/div><!-- close content main div --><\/div><\/div><div id='mobileprikaz' class='avia-section main_color avia-section-default avia-no-shadow avia-bg-style-scroll  container_wrap sidebar_right' style = 'background-color: #ffffff; '  ><div class='container' ><div class='template-page content  av-content-small alpha units'><div class='post-entry post-entry-type-page post-entry-12076'><div class='entry-content-wrapper clearfix'>\n<div class=\"flex_column av_one_half  flex_column_div av-zero-column-padding first  \" style='border-radius:0px; '><section class=\"av_textblock_section\"  itemscope=\"itemscope\" itemtype=\"https:\/\/schema.org\/CreativeWork\" ><div class='avia_textblock '   itemprop=\"text\" ><h3 class=\"p1\"><strong>Likovna radionica<\/strong><\/h3>\n<h2 style=\"text-align: left;\">vodi: Tisja Kljakovi\u0107 Brai\u0107<\/h2>\n<p>radionica je namijenjena djeci <strong>1. &#8211; 8. razreda osnovne \u0161kole\u00a0<\/strong><\/p>\n<p>Cilj radionice je naslikati pri\u010du (strip ili karikaturu). Polaznici \u0107e uzeti situaciju iz njihovih \u017eivota i svakodnevice koja se naizgled mo\u017eda \u010dini i neva\u017enom, ali je izuzetno prepoznatljiva za njihov odnos. Prikazom situacija koje su im bliske i drage u obliku stripa ili karikature \u0107e svoje svakodnevne scene o\u017eivjeti na najzabavniji mogu\u0107i na\u010din. Na jedan zabavan na\u010din \u0107e ih potaknuti na kreativno razmi\u0161ljanje, ali i promi\u0161ljanje o zna\u010dajnosti onih \u201cmalih\u201d svakodnevnih scena i trenutaka.<\/p>\n<p><strong>O voditeljici radionice:<\/strong><\/p>\n<p><strong>Tisja Kljakovi\u0107 Brai\u0107<\/strong>\u00a0zavr\u0161ila je \u0160kolu likovnih umjetnosti \u2013 smjer slikarski dizajn. U travnju 2003. diplomirala je slikarstvo na Umjetni\u010dkoj akademiji u Splitu u klasi prof. Gorkog \u017duvele.<br \/>\nSvoja djela izlagala je na tridesetak skupnih izlo\u017ebi te \u010detrdeset samostalnih izlo\u017ebi u zemlji i inozemstvu.<br \/>\nDjela joj se nalaze u fundusu Moderne galerije u Zagrebu, Galeriji Sv. Kr\u0161evana u \u0160ibeniku te u privatnim zbirkama diljem svijeta. \u010clanica je Hrvatske zajednice samostalnih umjetnika i Hrvatskog dru\u0161tva likovnih umjetnika. Autorica je hit-knjiga \u201cU malu je u\u0161a \u0111ava\u201d, \u201cOni\u201d i \u201cOni 2\u201d, te slikovnice \u201cPita moja mama imate li jedno jaje\u201d.<\/p>\n<\/div><\/section><\/div><div class=\"flex_column av_one_half  flex_column_div av-zero-column-padding   \" style='border-radius:0px; '><div class='avia-image-container  av-styling-   avia-align-center '  itemscope=\"itemscope\" itemtype=\"https:\/\/schema.org\/ImageObject\"  ><div class='avia-image-container-inner'><img class='avia_image ' src='https:\/\/mfk.hr\/2024\/wp-content\/uploads\/2024\/09\/Tisja-Kljakovic-Braic-mfk-2-1030x630.jpg' alt='' title='Tisja Kljakovi\u0107 Brai\u0107-mfk'   itemprop=\"thumbnailUrl\"  \/><\/div><\/div><\/div>\n<\/div><\/div><\/div><!-- close content main div --><\/div><\/div><div id='after_section_2' class='main_color av_default_container_wrap container_wrap sidebar_right'   ><div class='container' ><div class='template-page content  av-content-small alpha units'><div class='post-entry post-entry-type-page post-entry-12076'><div class='entry-content-wrapper clearfix'>\n<\/div><\/div><\/div><!-- close content main div --><\/div><\/div><div id='boxtransparent4' class='avia-section main_color avia-section-no-padding avia-no-border-styling avia-bg-style-scroll  av-minimum-height av-minimum-height-custom container_wrap sidebar_right'   ><div class='container' style='height:50px'><div class='template-page content  av-content-small alpha units'><div class='post-entry post-entry-type-page post-entry-12076'><div class='entry-content-wrapper clearfix'>\n<section class=\"av_textblock_section\"  itemscope=\"itemscope\" itemtype=\"https:\/\/schema.org\/CreativeWork\" ><div class='avia_textblock '   itemprop=\"text\" ><p>AUTOR FOTOGRAFIJE: STIPE SURA\u0106<\/p>\n<\/div><\/section>\n<\/div><\/div><\/div><!-- close content main div --><\/div><\/div><div id='after_section_3' class='main_color av_default_container_wrap container_wrap sidebar_right'   ><div class='container' ><div class='template-page content  av-content-small alpha units'><div class='post-entry post-entry-type-page post-entry-12076'><div class='entry-content-wrapper clearfix'>\n","protected":false},"excerpt":{"rendered":"","protected":false},"author":4,"featured_media":0,"parent":0,"menu_order":0,"comment_status":"closed","ping_status":"closed","template":"","meta":{"footnotes":""},"class_list":["post-12076","page","type-page","status-publish","hentry"],"yoast_head":"<!-- This site is optimized with the Yoast SEO plugin v25.7 - https:\/\/yoast.com\/wordpress\/plugins\/seo\/ -->\n<title>LIKOVNA RADIONICA: Strip i karikatura (\u0161kole) - MFK<\/title>\n<meta name=\"robots\" content=\"noindex, follow, max-snippet:-1, max-image-preview:large, max-video-preview:-1\" \/>\n<meta property=\"og:locale\" content=\"hr_HR\" \/>\n<meta property=\"og:type\" content=\"article\" \/>\n<meta property=\"og:title\" content=\"LIKOVNA RADIONICA: Strip i karikatura (\u0161kole) - MFK\" \/>\n<meta property=\"og:url\" content=\"https:\/\/mfk.hr\/2024\/likovna-radionica-strip-i-karikatura-skole\/\" \/>\n<meta property=\"og:site_name\" content=\"MFK\" \/>\n<meta property=\"article:modified_time\" content=\"2024-09-26T09:25:33+00:00\" \/>\n<meta name=\"twitter:card\" content=\"summary_large_image\" \/>\n<meta name=\"twitter:label1\" content=\"Procijenjeno vrijeme \u010ditanja\" \/>\n\t<meta name=\"twitter:data1\" content=\"2 minute\" \/>\n<script type=\"application\/ld+json\" class=\"yoast-schema-graph\">{\"@context\":\"https:\/\/schema.org\",\"@graph\":[{\"@type\":\"WebPage\",\"@id\":\"https:\/\/mfk.hr\/2024\/likovna-radionica-strip-i-karikatura-skole\/\",\"url\":\"https:\/\/mfk.hr\/2024\/likovna-radionica-strip-i-karikatura-skole\/\",\"name\":\"LIKOVNA RADIONICA: Strip i karikatura (\u0161kole) - MFK\",\"isPartOf\":{\"@id\":\"https:\/\/mfk.hr\/2024\/#website\"},\"datePublished\":\"2024-09-24T14:13:37+00:00\",\"dateModified\":\"2024-09-26T09:25:33+00:00\",\"breadcrumb\":{\"@id\":\"https:\/\/mfk.hr\/2024\/likovna-radionica-strip-i-karikatura-skole\/#breadcrumb\"},\"inLanguage\":\"hr\",\"potentialAction\":[{\"@type\":\"ReadAction\",\"target\":[\"https:\/\/mfk.hr\/2024\/likovna-radionica-strip-i-karikatura-skole\/\"]}]},{\"@type\":\"BreadcrumbList\",\"@id\":\"https:\/\/mfk.hr\/2024\/likovna-radionica-strip-i-karikatura-skole\/#breadcrumb\",\"itemListElement\":[{\"@type\":\"ListItem\",\"position\":1,\"name\":\"Po\u010detna stranica\",\"item\":\"https:\/\/mfk.hr\/2024\/\"},{\"@type\":\"ListItem\",\"position\":2,\"name\":\"LIKOVNA RADIONICA: Strip i karikatura (\u0161kole)\"}]},{\"@type\":\"WebSite\",\"@id\":\"https:\/\/mfk.hr\/2024\/#website\",\"url\":\"https:\/\/mfk.hr\/2024\/\",\"name\":\"MFK\",\"description\":\"mediteranski festival knjige\",\"potentialAction\":[{\"@type\":\"SearchAction\",\"target\":{\"@type\":\"EntryPoint\",\"urlTemplate\":\"https:\/\/mfk.hr\/2024\/?s={search_term_string}\"},\"query-input\":{\"@type\":\"PropertyValueSpecification\",\"valueRequired\":true,\"valueName\":\"search_term_string\"}}],\"inLanguage\":\"hr\"}]}<\/script>\n<!-- \/ Yoast SEO plugin. -->","yoast_head_json":{"title":"LIKOVNA RADIONICA: Strip i karikatura (\u0161kole) - MFK","robots":{"index":"noindex","follow":"follow","max-snippet":"max-snippet:-1","max-image-preview":"max-image-preview:large","max-video-preview":"max-video-preview:-1"},"og_locale":"hr_HR","og_type":"article","og_title":"LIKOVNA RADIONICA: Strip i karikatura (\u0161kole) - MFK","og_url":"https:\/\/mfk.hr\/2024\/likovna-radionica-strip-i-karikatura-skole\/","og_site_name":"MFK","article_modified_time":"2024-09-26T09:25:33+00:00","twitter_card":"summary_large_image","twitter_misc":{"Procijenjeno vrijeme \u010ditanja":"2 minute"},"schema":{"@context":"https:\/\/schema.org","@graph":[{"@type":"WebPage","@id":"https:\/\/mfk.hr\/2024\/likovna-radionica-strip-i-karikatura-skole\/","url":"https:\/\/mfk.hr\/2024\/likovna-radionica-strip-i-karikatura-skole\/","name":"LIKOVNA RADIONICA: Strip i karikatura (\u0161kole) - MFK","isPartOf":{"@id":"https:\/\/mfk.hr\/2024\/#website"},"datePublished":"2024-09-24T14:13:37+00:00","dateModified":"2024-09-26T09:25:33+00:00","breadcrumb":{"@id":"https:\/\/mfk.hr\/2024\/likovna-radionica-strip-i-karikatura-skole\/#breadcrumb"},"inLanguage":"hr","potentialAction":[{"@type":"ReadAction","target":["https:\/\/mfk.hr\/2024\/likovna-radionica-strip-i-karikatura-skole\/"]}]},{"@type":"BreadcrumbList","@id":"https:\/\/mfk.hr\/2024\/likovna-radionica-strip-i-karikatura-skole\/#breadcrumb","itemListElement":[{"@type":"ListItem","position":1,"name":"Po\u010detna stranica","item":"https:\/\/mfk.hr\/2024\/"},{"@type":"ListItem","position":2,"name":"LIKOVNA RADIONICA: Strip i karikatura (\u0161kole)"}]},{"@type":"WebSite","@id":"https:\/\/mfk.hr\/2024\/#website","url":"https:\/\/mfk.hr\/2024\/","name":"MFK","description":"mediteranski festival knjige","potentialAction":[{"@type":"SearchAction","target":{"@type":"EntryPoint","urlTemplate":"https:\/\/mfk.hr\/2024\/?s={search_term_string}"},"query-input":{"@type":"PropertyValueSpecification","valueRequired":true,"valueName":"search_term_string"}}],"inLanguage":"hr"}]}},"_links":{"self":[{"href":"https:\/\/mfk.hr\/2024\/wp-json\/wp\/v2\/pages\/12076","targetHints":{"allow":["GET"]}}],"collection":[{"href":"https:\/\/mfk.hr\/2024\/wp-json\/wp\/v2\/pages"}],"about":[{"href":"https:\/\/mfk.hr\/2024\/wp-json\/wp\/v2\/types\/page"}],"author":[{"embeddable":true,"href":"https:\/\/mfk.hr\/2024\/wp-json\/wp\/v2\/users\/4"}],"replies":[{"embeddable":true,"href":"https:\/\/mfk.hr\/2024\/wp-json\/wp\/v2\/comments?post=12076"}],"version-history":[{"count":3,"href":"https:\/\/mfk.hr\/2024\/wp-json\/wp\/v2\/pages\/12076\/revisions"}],"predecessor-version":[{"id":12141,"href":"https:\/\/mfk.hr\/2024\/wp-json\/wp\/v2\/pages\/12076\/revisions\/12141"}],"wp:attachment":[{"href":"https:\/\/mfk.hr\/2024\/wp-json\/wp\/v2\/media?parent=12076"}],"curies":[{"name":"wp","href":"https:\/\/api.w.org\/{rel}","templated":true}]}}