{"id":12069,"date":"2024-09-24T14:08:15","date_gmt":"2024-09-24T14:08:15","guid":{"rendered":"https:\/\/mfk.hr\/2024\/?page_id=12069"},"modified":"2024-09-26T09:24:41","modified_gmt":"2024-09-26T09:24:41","slug":"likovna-radionica-spajanje-nespojivog-skole","status":"publish","type":"page","link":"https:\/\/mfk.hr\/2024\/likovna-radionica-spajanje-nespojivog-skole\/","title":{"rendered":"LIKOVNA RADIONICA: Spajanje nespojivog (\u0161kole)"},"content":{"rendered":"<\/div><\/div><\/div><!-- close content main div --><\/div><\/div><div id='naslov_bijeli' class='avia-section main_color avia-section-default avia-no-shadow avia-bg-style-scroll  container_wrap sidebar_right'   ><div class='container' ><div class='template-page content  av-content-small alpha units'><div class='post-entry post-entry-type-page post-entry-12069'><div class='entry-content-wrapper clearfix'>\n<div style='padding-bottom:0px;' class='av-special-heading av-special-heading-h1  blockquote modern-quote modern-centered '><h1 class='av-special-heading-tag'  itemprop=\"headline\"  >LIKOVNA RADIONICA: Spajanje nespojivog<\/h1><div class='special-heading-border'><div class='special-heading-inner-border' ><\/div><\/div><\/div>\n<\/div><\/div><\/div><!-- close content main div --><\/div><\/div><div id='after_section_1' class='main_color av_default_container_wrap container_wrap sidebar_right'   ><div class='container' ><div class='template-page content  av-content-small alpha units'><div class='post-entry post-entry-type-page post-entry-12069'><div class='entry-content-wrapper clearfix'>\n<\/div><\/div><\/div><!-- close content main div --><\/div><\/div><div id='mobileprikaz' class='avia-section main_color avia-section-default avia-no-shadow avia-bg-style-scroll  container_wrap sidebar_right' style = 'background-color: #ffffff; '  ><div class='container' ><div class='template-page content  av-content-small alpha units'><div class='post-entry post-entry-type-page post-entry-12069'><div class='entry-content-wrapper clearfix'>\n<div class=\"flex_column av_one_half  flex_column_div av-zero-column-padding first  \" style='border-radius:0px; '><section class=\"av_textblock_section\"  itemscope=\"itemscope\" itemtype=\"https:\/\/schema.org\/CreativeWork\" ><div class='avia_textblock '   itemprop=\"text\" ><h3 class=\"p1\"><strong>Likovna radionica<\/strong><\/h3>\n<h2 style=\"text-align: left;\">vodi: Hrvoje Marko Peruzovi\u0107<\/h2>\n<p>radionica je namijenjena djeci <strong>1. &#8211; 8. razreda osnovne \u0161kole\u00a0<\/strong><\/p>\n<p>Likovna radionica \u201cSpajanje nespojivog\u201d namijenjena je svima koji vole crtati i slikati. Njezina edukativna svrha je poticanje dje\u010dje ma\u0161te i stvarala\u010dke slobode pri likovnom izra\u017eavanju s naglaskom na inovativne ideje i raznovrsne mogu\u0107nosti.<\/p>\n<p>Osnovna ideja je da se kombinacijom dvaju ili vi\u0161e motiva, spajaju\u0107i naizgled neke nespojive elemente, stvori jedan potpuno novi, umjetni\u010dki i pojmovno zanimljiv sadr\u017eaj. Po uzoru na razli\u010dita fantasti\u010dna ili mitolo\u0161ka bi\u0107a ili likove iz bajki, kao \u0161to su primjerice pegaz, sirena, jednorog ili sfinga.<\/p>\n<p>Na taj na\u010din, djeca se, osim \u0161to rade rukama i razvijaju finu motoriku, poti\u010du i na kreativno razmi\u0161ljanje izvan uobi\u010dajenih i zadanih okvira, kao i na prostor nesputane slobode koju im umjetnost pru\u017ea i u kojem je mogu\u0107e stvarati neke nove svjetove gdje ne vrijede stroga i uobi\u010dajena pravila.<\/p>\n<p><strong>O voditelju radionice:<\/strong><\/p>\n<p>Hrvoje Marko Peruzovi\u0107 akademski je slikar iz Zagreba, koji je velik dio \u017eivota proveo u Splitu i na otoku Bra\u010du. Bavi se slikarstvom, grafikom, skulpturom, fotografijom i ilustracijom. Izlagao je na brojnim samostalnim i skupnim izlo\u017ebama u Hrvatskoj i inozemstvu. Vodio je raznovrsne likovne radionice, a sudjelovao je i u mnogim dobrotvornim akcijama.<\/p>\n<\/div><\/section><\/div><div class=\"flex_column av_one_half  flex_column_div av-zero-column-padding   \" style='border-radius:0px; '><div class='avia-image-container  av-styling-   avia-align-center '  itemscope=\"itemscope\" itemtype=\"https:\/\/schema.org\/ImageObject\"  ><div class='avia-image-container-inner'><img class='avia_image ' src='https:\/\/mfk.hr\/2024\/wp-content\/uploads\/2024\/09\/FB_IMG_1647540916258.jpg' alt='' title='FB_IMG_1647540916258'   itemprop=\"thumbnailUrl\"  \/><\/div><\/div><\/div>\n<\/div><\/div><\/div><!-- close content main div --><\/div><\/div><div id='after_section_2' class='main_color av_default_container_wrap container_wrap sidebar_right'   ><div class='container' ><div class='template-page content  av-content-small alpha units'><div class='post-entry post-entry-type-page post-entry-12069'><div class='entry-content-wrapper clearfix'>\n<\/div><\/div><\/div><!-- close content main div --><\/div><\/div><div id='boxtransparent4' class='avia-section main_color avia-section-no-padding avia-no-border-styling avia-bg-style-scroll  av-minimum-height av-minimum-height-custom container_wrap sidebar_right'   ><div class='container' style='height:50px'><div class='template-page content  av-content-small alpha units'><div class='post-entry post-entry-type-page post-entry-12069'><div class='entry-content-wrapper clearfix'>\n<section class=\"av_textblock_section\"  itemscope=\"itemscope\" itemtype=\"https:\/\/schema.org\/CreativeWork\" ><div class='avia_textblock '   itemprop=\"text\" ><p>AUTOR FOTOGRAFIJE: STIPE SURA\u0106<\/p>\n<\/div><\/section>\n<\/div><\/div><\/div><!-- close content main div --><\/div><\/div><div id='after_section_3' class='main_color av_default_container_wrap container_wrap sidebar_right'   ><div class='container' ><div class='template-page content  av-content-small alpha units'><div class='post-entry post-entry-type-page post-entry-12069'><div class='entry-content-wrapper clearfix'>\n","protected":false},"excerpt":{"rendered":"","protected":false},"author":4,"featured_media":0,"parent":0,"menu_order":0,"comment_status":"closed","ping_status":"closed","template":"","meta":{"footnotes":""},"class_list":["post-12069","page","type-page","status-publish","hentry"],"yoast_head":"<!-- This site is optimized with the Yoast SEO plugin v25.7 - https:\/\/yoast.com\/wordpress\/plugins\/seo\/ -->\n<title>LIKOVNA RADIONICA: Spajanje nespojivog (\u0161kole) - MFK<\/title>\n<meta name=\"robots\" content=\"noindex, follow, max-snippet:-1, max-image-preview:large, max-video-preview:-1\" \/>\n<meta property=\"og:locale\" content=\"hr_HR\" \/>\n<meta property=\"og:type\" content=\"article\" \/>\n<meta property=\"og:title\" content=\"LIKOVNA RADIONICA: Spajanje nespojivog (\u0161kole) - MFK\" \/>\n<meta property=\"og:url\" content=\"https:\/\/mfk.hr\/2024\/likovna-radionica-spajanje-nespojivog-skole\/\" \/>\n<meta property=\"og:site_name\" content=\"MFK\" \/>\n<meta property=\"article:modified_time\" content=\"2024-09-26T09:24:41+00:00\" \/>\n<meta name=\"twitter:card\" content=\"summary_large_image\" \/>\n<meta name=\"twitter:label1\" content=\"Procijenjeno vrijeme \u010ditanja\" \/>\n\t<meta name=\"twitter:data1\" content=\"2 minute\" \/>\n<script type=\"application\/ld+json\" class=\"yoast-schema-graph\">{\"@context\":\"https:\/\/schema.org\",\"@graph\":[{\"@type\":\"WebPage\",\"@id\":\"https:\/\/mfk.hr\/2024\/likovna-radionica-spajanje-nespojivog-skole\/\",\"url\":\"https:\/\/mfk.hr\/2024\/likovna-radionica-spajanje-nespojivog-skole\/\",\"name\":\"LIKOVNA RADIONICA: Spajanje nespojivog (\u0161kole) - MFK\",\"isPartOf\":{\"@id\":\"https:\/\/mfk.hr\/2024\/#website\"},\"datePublished\":\"2024-09-24T14:08:15+00:00\",\"dateModified\":\"2024-09-26T09:24:41+00:00\",\"breadcrumb\":{\"@id\":\"https:\/\/mfk.hr\/2024\/likovna-radionica-spajanje-nespojivog-skole\/#breadcrumb\"},\"inLanguage\":\"hr\",\"potentialAction\":[{\"@type\":\"ReadAction\",\"target\":[\"https:\/\/mfk.hr\/2024\/likovna-radionica-spajanje-nespojivog-skole\/\"]}]},{\"@type\":\"BreadcrumbList\",\"@id\":\"https:\/\/mfk.hr\/2024\/likovna-radionica-spajanje-nespojivog-skole\/#breadcrumb\",\"itemListElement\":[{\"@type\":\"ListItem\",\"position\":1,\"name\":\"Po\u010detna stranica\",\"item\":\"https:\/\/mfk.hr\/2024\/\"},{\"@type\":\"ListItem\",\"position\":2,\"name\":\"LIKOVNA RADIONICA: Spajanje nespojivog (\u0161kole)\"}]},{\"@type\":\"WebSite\",\"@id\":\"https:\/\/mfk.hr\/2024\/#website\",\"url\":\"https:\/\/mfk.hr\/2024\/\",\"name\":\"MFK\",\"description\":\"mediteranski festival knjige\",\"potentialAction\":[{\"@type\":\"SearchAction\",\"target\":{\"@type\":\"EntryPoint\",\"urlTemplate\":\"https:\/\/mfk.hr\/2024\/?s={search_term_string}\"},\"query-input\":{\"@type\":\"PropertyValueSpecification\",\"valueRequired\":true,\"valueName\":\"search_term_string\"}}],\"inLanguage\":\"hr\"}]}<\/script>\n<!-- \/ Yoast SEO plugin. -->","yoast_head_json":{"title":"LIKOVNA RADIONICA: Spajanje nespojivog (\u0161kole) - MFK","robots":{"index":"noindex","follow":"follow","max-snippet":"max-snippet:-1","max-image-preview":"max-image-preview:large","max-video-preview":"max-video-preview:-1"},"og_locale":"hr_HR","og_type":"article","og_title":"LIKOVNA RADIONICA: Spajanje nespojivog (\u0161kole) - MFK","og_url":"https:\/\/mfk.hr\/2024\/likovna-radionica-spajanje-nespojivog-skole\/","og_site_name":"MFK","article_modified_time":"2024-09-26T09:24:41+00:00","twitter_card":"summary_large_image","twitter_misc":{"Procijenjeno vrijeme \u010ditanja":"2 minute"},"schema":{"@context":"https:\/\/schema.org","@graph":[{"@type":"WebPage","@id":"https:\/\/mfk.hr\/2024\/likovna-radionica-spajanje-nespojivog-skole\/","url":"https:\/\/mfk.hr\/2024\/likovna-radionica-spajanje-nespojivog-skole\/","name":"LIKOVNA RADIONICA: Spajanje nespojivog (\u0161kole) - MFK","isPartOf":{"@id":"https:\/\/mfk.hr\/2024\/#website"},"datePublished":"2024-09-24T14:08:15+00:00","dateModified":"2024-09-26T09:24:41+00:00","breadcrumb":{"@id":"https:\/\/mfk.hr\/2024\/likovna-radionica-spajanje-nespojivog-skole\/#breadcrumb"},"inLanguage":"hr","potentialAction":[{"@type":"ReadAction","target":["https:\/\/mfk.hr\/2024\/likovna-radionica-spajanje-nespojivog-skole\/"]}]},{"@type":"BreadcrumbList","@id":"https:\/\/mfk.hr\/2024\/likovna-radionica-spajanje-nespojivog-skole\/#breadcrumb","itemListElement":[{"@type":"ListItem","position":1,"name":"Po\u010detna stranica","item":"https:\/\/mfk.hr\/2024\/"},{"@type":"ListItem","position":2,"name":"LIKOVNA RADIONICA: Spajanje nespojivog (\u0161kole)"}]},{"@type":"WebSite","@id":"https:\/\/mfk.hr\/2024\/#website","url":"https:\/\/mfk.hr\/2024\/","name":"MFK","description":"mediteranski festival knjige","potentialAction":[{"@type":"SearchAction","target":{"@type":"EntryPoint","urlTemplate":"https:\/\/mfk.hr\/2024\/?s={search_term_string}"},"query-input":{"@type":"PropertyValueSpecification","valueRequired":true,"valueName":"search_term_string"}}],"inLanguage":"hr"}]}},"_links":{"self":[{"href":"https:\/\/mfk.hr\/2024\/wp-json\/wp\/v2\/pages\/12069","targetHints":{"allow":["GET"]}}],"collection":[{"href":"https:\/\/mfk.hr\/2024\/wp-json\/wp\/v2\/pages"}],"about":[{"href":"https:\/\/mfk.hr\/2024\/wp-json\/wp\/v2\/types\/page"}],"author":[{"embeddable":true,"href":"https:\/\/mfk.hr\/2024\/wp-json\/wp\/v2\/users\/4"}],"replies":[{"embeddable":true,"href":"https:\/\/mfk.hr\/2024\/wp-json\/wp\/v2\/comments?post=12069"}],"version-history":[{"count":4,"href":"https:\/\/mfk.hr\/2024\/wp-json\/wp\/v2\/pages\/12069\/revisions"}],"predecessor-version":[{"id":12135,"href":"https:\/\/mfk.hr\/2024\/wp-json\/wp\/v2\/pages\/12069\/revisions\/12135"}],"wp:attachment":[{"href":"https:\/\/mfk.hr\/2024\/wp-json\/wp\/v2\/media?parent=12069"}],"curies":[{"name":"wp","href":"https:\/\/api.w.org\/{rel}","templated":true}]}}