{"id":11924,"date":"2024-09-22T22:30:51","date_gmt":"2024-09-22T22:30:51","guid":{"rendered":"https:\/\/mfk.hr\/2024\/?page_id=11924"},"modified":"2024-09-26T09:36:25","modified_gmt":"2024-09-26T09:36:25","slug":"sigurna-kuca","status":"publish","type":"page","link":"https:\/\/mfk.hr\/2024\/sigurna-kuca\/","title":{"rendered":"PROMOCIJA: Sigurna ku\u0107a"},"content":{"rendered":"<\/div><\/div><\/div><!-- close content main div --><\/div><\/div><div id='naslov_bijeli' class='avia-section main_color avia-section-default avia-no-shadow avia-bg-style-scroll  container_wrap sidebar_right'   ><div class='container' ><div class='template-page content  av-content-small alpha units'><div class='post-entry post-entry-type-page post-entry-11924'><div class='entry-content-wrapper clearfix'>\n<div style='padding-bottom:0px;' class='av-special-heading av-special-heading-h1  blockquote modern-quote modern-centered '><h1 class='av-special-heading-tag'  itemprop=\"headline\"  >NEDJELJOM U TRI: Marina Vuj\u010di\u0107: Sigurna ku\u0107a<\/h1><div class='special-heading-border'><div class='special-heading-inner-border' ><\/div><\/div><\/div>\n<\/div><\/div><\/div><!-- close content main div --><\/div><\/div><div id='after_section_1' class='main_color av_default_container_wrap container_wrap sidebar_right'   ><div class='container' ><div class='template-page content  av-content-small alpha units'><div class='post-entry post-entry-type-page post-entry-11924'><div class='entry-content-wrapper clearfix'>\n<\/div><\/div><\/div><!-- close content main div --><\/div><\/div><div id='mobileprikaz' class='avia-section main_color avia-section-default avia-no-shadow avia-bg-style-scroll  container_wrap sidebar_right' style = 'background-color: #ffffff; '  ><div class='container' ><div class='template-page content  av-content-small alpha units'><div class='post-entry post-entry-type-page post-entry-11924'><div class='entry-content-wrapper clearfix'>\n<div class=\"flex_column av_one_half  flex_column_div av-zero-column-padding first  \" style='border-radius:0px; '><section class=\"av_textblock_section\"  itemscope=\"itemscope\" itemtype=\"https:\/\/schema.org\/CreativeWork\" ><div class='avia_textblock '   itemprop=\"text\" ><h1 class=\"p1\">Nedjeljom u tri: Marina Vuj\u010di\u0107: \u201eSigurna ku\u0107a\u201c<\/h1>\n<h2 style=\"text-align: left;\">predstavljaju: Patricija Horvat, Zoran \u017dmiri\u0107<\/h2>\n<p>Nedjelja, 29.9. \/ 15.00 \/ Velika dvorana<\/p>\n<div style='height:50px' class='hr hr-invisible '><span class='hr-inner ' ><span class='hr-inner-style'><\/span><\/span><\/div>\n<p>\u017dena je ubila mu\u017ea, nasmrt ga je ubola no\u017eem, bilo je to ubojstvo na mah. Ni susjedi ni obitelj ne mogu vjerovati da je to bila u stanju u\u010diniti jer, bez obzira na povremene sva\u0111e, oni su bili sasvim normalan par. Kako to da je Lada Lon\u010dar \u2013 nje\u017ena \u017eena, majka djevoj\u010dice \u2013 ubila supruga, uglednog sveu\u010dili\u0161noga profesora? Sada na odslu\u017eenju kazne u \u017eenskoj kaznionici, okru\u017eena najrazli\u010ditijim prijestupnicama, mo\u017ee promi\u0161ljati o tome \u0161to je dovelo do toga da odustane od \u0161minke, kako je ostala bez prijateljica i za\u0161to se odrekla karijere. Kako je postala supruga zatvorena u \u010detiri zida svoga stana jednako kao sada u zatvoru? Tko je bio njezin mu\u017e, osoba koju su obo\u017eavali njezina majka i svi ostali, tko je stvarno bio taj mister savr\u0161eni?<\/p>\n<p>Sigurna ku\u0107a \u010dita se u dahu i ostavlja bez daha. Marina Vuj\u010di\u0107 pripovijeda o nasiljima o kojima se ne pi\u0161e u novinama, o \u017eenama koje pate i ne uspijevaju na\u0107i izlaz. Sigurna ku\u0107a krik je protiv verbalnog i psihi\u010dkog nasilja, upozorenje da ne prihva\u0107amo zdravo za gotovo \u017eivote svojih prijatelja te nadasve roman o tome da uvijek trebamo biti prvo lice svoga \u017eivota.<\/p>\n<p>Naklada: <strong><a href=\"https:\/\/fraktura.hr\/sigurna-kuca.html\" target=\"_blank\" rel=\"noopener\">FRAKTURA<\/a><\/strong><\/p>\n<\/div><\/section><\/div><div class=\"flex_column av_one_half  flex_column_div av-zero-column-padding   \" style='border-radius:0px; '><div class='avia-image-container  av-styling- av-hover-grow  avia-align-center '  itemscope=\"itemscope\" itemtype=\"https:\/\/schema.org\/ImageObject\"  ><div class='avia-image-container-inner'><img class='avia_image ' src='https:\/\/mfk.hr\/2024\/wp-content\/uploads\/2024\/09\/sigurna_kuca_mfk.jpg' alt='' title=''   itemprop=\"thumbnailUrl\"  \/><\/div><\/div><\/div>\n<\/div><\/div><\/div><!-- close content main div --><\/div><\/div><div id='after_section_2' class='main_color av_default_container_wrap container_wrap sidebar_right'   ><div class='container' ><div class='template-page content  av-content-small alpha units'><div class='post-entry post-entry-type-page post-entry-11924'><div class='entry-content-wrapper clearfix'>\n<\/div><\/div><\/div><!-- close content main div --><\/div><\/div><div id='boxtransparent4' class='avia-section main_color avia-section-no-padding avia-no-border-styling avia-bg-style-scroll  av-minimum-height av-minimum-height-custom container_wrap sidebar_right'   ><div class='container' style='height:50px'><div class='template-page content  av-content-small alpha units'><div class='post-entry post-entry-type-page post-entry-11924'><div class='entry-content-wrapper clearfix'>\n<section class=\"av_textblock_section\"  itemscope=\"itemscope\" itemtype=\"https:\/\/schema.org\/CreativeWork\" ><div class='avia_textblock '   itemprop=\"text\" ><p>AUTOR FOTOGRAFIJE: STIPE SURA\u0106<\/p>\n<\/div><\/section>\n<\/div><\/div><\/div><!-- close content main div --><\/div><\/div><div id='after_section_3' class='main_color av_default_container_wrap container_wrap sidebar_right'   ><div class='container' ><div class='template-page content  av-content-small alpha units'><div class='post-entry post-entry-type-page post-entry-11924'><div class='entry-content-wrapper clearfix'>\n","protected":false},"excerpt":{"rendered":"","protected":false},"author":4,"featured_media":0,"parent":0,"menu_order":0,"comment_status":"closed","ping_status":"closed","template":"","meta":{"footnotes":""},"class_list":["post-11924","page","type-page","status-publish","hentry"],"yoast_head":"<!-- This site is optimized with the Yoast SEO plugin v25.7 - https:\/\/yoast.com\/wordpress\/plugins\/seo\/ -->\n<title>PROMOCIJA: Sigurna ku\u0107a - MFK<\/title>\n<meta name=\"robots\" content=\"noindex, follow, max-snippet:-1, max-image-preview:large, max-video-preview:-1\" \/>\n<meta property=\"og:locale\" content=\"hr_HR\" \/>\n<meta property=\"og:type\" content=\"article\" \/>\n<meta property=\"og:title\" content=\"PROMOCIJA: Sigurna ku\u0107a - MFK\" \/>\n<meta property=\"og:url\" content=\"https:\/\/mfk.hr\/2024\/sigurna-kuca\/\" \/>\n<meta property=\"og:site_name\" content=\"MFK\" \/>\n<meta property=\"article:modified_time\" content=\"2024-09-26T09:36:25+00:00\" \/>\n<meta name=\"twitter:card\" content=\"summary_large_image\" \/>\n<meta name=\"twitter:label1\" content=\"Procijenjeno vrijeme \u010ditanja\" \/>\n\t<meta name=\"twitter:data1\" content=\"3 minute\" \/>\n<script type=\"application\/ld+json\" class=\"yoast-schema-graph\">{\"@context\":\"https:\/\/schema.org\",\"@graph\":[{\"@type\":\"WebPage\",\"@id\":\"https:\/\/mfk.hr\/2024\/sigurna-kuca\/\",\"url\":\"https:\/\/mfk.hr\/2024\/sigurna-kuca\/\",\"name\":\"PROMOCIJA: Sigurna ku\u0107a - MFK\",\"isPartOf\":{\"@id\":\"https:\/\/mfk.hr\/2024\/#website\"},\"datePublished\":\"2024-09-22T22:30:51+00:00\",\"dateModified\":\"2024-09-26T09:36:25+00:00\",\"breadcrumb\":{\"@id\":\"https:\/\/mfk.hr\/2024\/sigurna-kuca\/#breadcrumb\"},\"inLanguage\":\"hr\",\"potentialAction\":[{\"@type\":\"ReadAction\",\"target\":[\"https:\/\/mfk.hr\/2024\/sigurna-kuca\/\"]}]},{\"@type\":\"BreadcrumbList\",\"@id\":\"https:\/\/mfk.hr\/2024\/sigurna-kuca\/#breadcrumb\",\"itemListElement\":[{\"@type\":\"ListItem\",\"position\":1,\"name\":\"Po\u010detna stranica\",\"item\":\"https:\/\/mfk.hr\/2024\/\"},{\"@type\":\"ListItem\",\"position\":2,\"name\":\"PROMOCIJA: Sigurna ku\u0107a\"}]},{\"@type\":\"WebSite\",\"@id\":\"https:\/\/mfk.hr\/2024\/#website\",\"url\":\"https:\/\/mfk.hr\/2024\/\",\"name\":\"MFK\",\"description\":\"mediteranski festival knjige\",\"potentialAction\":[{\"@type\":\"SearchAction\",\"target\":{\"@type\":\"EntryPoint\",\"urlTemplate\":\"https:\/\/mfk.hr\/2024\/?s={search_term_string}\"},\"query-input\":{\"@type\":\"PropertyValueSpecification\",\"valueRequired\":true,\"valueName\":\"search_term_string\"}}],\"inLanguage\":\"hr\"}]}<\/script>\n<!-- \/ Yoast SEO plugin. -->","yoast_head_json":{"title":"PROMOCIJA: Sigurna ku\u0107a - MFK","robots":{"index":"noindex","follow":"follow","max-snippet":"max-snippet:-1","max-image-preview":"max-image-preview:large","max-video-preview":"max-video-preview:-1"},"og_locale":"hr_HR","og_type":"article","og_title":"PROMOCIJA: Sigurna ku\u0107a - MFK","og_url":"https:\/\/mfk.hr\/2024\/sigurna-kuca\/","og_site_name":"MFK","article_modified_time":"2024-09-26T09:36:25+00:00","twitter_card":"summary_large_image","twitter_misc":{"Procijenjeno vrijeme \u010ditanja":"3 minute"},"schema":{"@context":"https:\/\/schema.org","@graph":[{"@type":"WebPage","@id":"https:\/\/mfk.hr\/2024\/sigurna-kuca\/","url":"https:\/\/mfk.hr\/2024\/sigurna-kuca\/","name":"PROMOCIJA: Sigurna ku\u0107a - MFK","isPartOf":{"@id":"https:\/\/mfk.hr\/2024\/#website"},"datePublished":"2024-09-22T22:30:51+00:00","dateModified":"2024-09-26T09:36:25+00:00","breadcrumb":{"@id":"https:\/\/mfk.hr\/2024\/sigurna-kuca\/#breadcrumb"},"inLanguage":"hr","potentialAction":[{"@type":"ReadAction","target":["https:\/\/mfk.hr\/2024\/sigurna-kuca\/"]}]},{"@type":"BreadcrumbList","@id":"https:\/\/mfk.hr\/2024\/sigurna-kuca\/#breadcrumb","itemListElement":[{"@type":"ListItem","position":1,"name":"Po\u010detna stranica","item":"https:\/\/mfk.hr\/2024\/"},{"@type":"ListItem","position":2,"name":"PROMOCIJA: Sigurna ku\u0107a"}]},{"@type":"WebSite","@id":"https:\/\/mfk.hr\/2024\/#website","url":"https:\/\/mfk.hr\/2024\/","name":"MFK","description":"mediteranski festival knjige","potentialAction":[{"@type":"SearchAction","target":{"@type":"EntryPoint","urlTemplate":"https:\/\/mfk.hr\/2024\/?s={search_term_string}"},"query-input":{"@type":"PropertyValueSpecification","valueRequired":true,"valueName":"search_term_string"}}],"inLanguage":"hr"}]}},"_links":{"self":[{"href":"https:\/\/mfk.hr\/2024\/wp-json\/wp\/v2\/pages\/11924","targetHints":{"allow":["GET"]}}],"collection":[{"href":"https:\/\/mfk.hr\/2024\/wp-json\/wp\/v2\/pages"}],"about":[{"href":"https:\/\/mfk.hr\/2024\/wp-json\/wp\/v2\/types\/page"}],"author":[{"embeddable":true,"href":"https:\/\/mfk.hr\/2024\/wp-json\/wp\/v2\/users\/4"}],"replies":[{"embeddable":true,"href":"https:\/\/mfk.hr\/2024\/wp-json\/wp\/v2\/comments?post=11924"}],"version-history":[{"count":3,"href":"https:\/\/mfk.hr\/2024\/wp-json\/wp\/v2\/pages\/11924\/revisions"}],"predecessor-version":[{"id":12197,"href":"https:\/\/mfk.hr\/2024\/wp-json\/wp\/v2\/pages\/11924\/revisions\/12197"}],"wp:attachment":[{"href":"https:\/\/mfk.hr\/2024\/wp-json\/wp\/v2\/media?parent=11924"}],"curies":[{"name":"wp","href":"https:\/\/api.w.org\/{rel}","templated":true}]}}