{"id":11899,"date":"2024-09-22T21:51:03","date_gmt":"2024-09-22T21:51:03","guid":{"rendered":"https:\/\/mfk.hr\/2024\/?page_id=11899"},"modified":"2024-09-26T09:35:39","modified_gmt":"2024-09-26T09:35:39","slug":"promocija-liga-ribara","status":"publish","type":"page","link":"https:\/\/mfk.hr\/2024\/promocija-liga-ribara\/","title":{"rendered":"PROMOCIJA: Liga ribara"},"content":{"rendered":"<\/div><\/div><\/div><!-- close content main div --><\/div><\/div><div id='naslov_bijeli' class='avia-section main_color avia-section-default avia-no-shadow avia-bg-style-scroll  container_wrap sidebar_right'   ><div class='container' ><div class='template-page content  av-content-small alpha units'><div class='post-entry post-entry-type-page post-entry-11899'><div class='entry-content-wrapper clearfix'>\n<div style='padding-bottom:0px;' class='av-special-heading av-special-heading-h1  blockquote modern-quote modern-centered '><h1 class='av-special-heading-tag'  itemprop=\"headline\"  >PROMOCIJA: Marija Andrija\u0161evi\u0107: Liga ribara<\/h1><div class='special-heading-border'><div class='special-heading-inner-border' ><\/div><\/div><\/div>\n<\/div><\/div><\/div><!-- close content main div --><\/div><\/div><div id='after_section_1' class='main_color av_default_container_wrap container_wrap sidebar_right'   ><div class='container' ><div class='template-page content  av-content-small alpha units'><div class='post-entry post-entry-type-page post-entry-11899'><div class='entry-content-wrapper clearfix'>\n<\/div><\/div><\/div><!-- close content main div --><\/div><\/div><div id='mobileprikaz' class='avia-section main_color avia-section-default avia-no-shadow avia-bg-style-scroll  container_wrap sidebar_right' style = 'background-color: #ffffff; '  ><div class='container' ><div class='template-page content  av-content-small alpha units'><div class='post-entry post-entry-type-page post-entry-11899'><div class='entry-content-wrapper clearfix'>\n<div class=\"flex_column av_one_half  flex_column_div av-zero-column-padding first  \" style='border-radius:0px; '><section class=\"av_textblock_section\"  itemscope=\"itemscope\" itemtype=\"https:\/\/schema.org\/CreativeWork\" ><div class='avia_textblock '   itemprop=\"text\" ><h1 class=\"p1\">Marija Andrija\u0161evi\u0107: \u201eLiga ribara\u201c<\/h1>\n<h2 style=\"text-align: left;\">predstavljaju: Kruno Lokotar, Katja Grci\u0107<\/h2>\n<p>Subota, 28.9. \/ 18.00 \/ Velika dvorana<\/p>\n<div style='height:50px' class='hr hr-invisible '><span class='hr-inner ' ><span class='hr-inner-style'><\/span><\/span><\/div>\n<p>Kad je Tin Ujevi\u0107 predlagao osnivanje \u201eLige za samopomo\u0107\u201c za kolege pisce, sigurno nije ni snio da \u0107e u mre\u017eu rije\u010di iz svoga eseja, gotovo stotinu godina poslije, uhvatiti Mariju Andrija\u0161evi\u0107 i njezine junake i junakinje iz zbirke od deset pri\u010da Liga ribara.<\/p>\n<p>Oni, razbacani po splitskom poluotoku i jednome malom otoku, koji bi mogao biti imaginarni \u010dakavski arhipelag pridru\u017een Splitu, \u017eive \u017eivote svojstvene ribarima s kraja. Bacili su udice, krene i parangale, imaju i jako dobre \u0161tape, ali kad motaju je\u0161ku znaju da se na nju ne\u0107e nu\u017eno uloviti samo lijepe stvari. Ulovit \u0107e se, naime, \u017eivot u punini, jer je njihova po\u0161ta ukopana u kopno, a ulov ovisi o onome \u0161to s punim mjesecom dopliva u zaljev.<\/p>\n<p>To su junaci i junakinje koji prevode Kiplinga bolje od Andri\u0107a bez ambicija da od toga zarade, djevoj\u010dice koje fotkaju da bi pre\u017eivjele teen angst, knji\u017eni\u010darke koje pi\u0161u bolje od pisaca, kantautorice koje najve\u0107e hitove skladaju na la\u017eini, ljubavnice koje se otkrivaju u rizortu, dje\u010daci koji nas jo\u0161 uvijek mogu iznenaditi i razo\u010darati.<\/p>\n<p>Liga ribara okuplja sve ono zbog \u010dega \u010ditamo Mariju Andrija\u0161evi\u0107: kompleksne likove, gibak i rasko\u0161an jezik, uvjerljive dijaloge i pri\u010de koje \u0107e vas diskretnim humorom uloviti na svoju udicu. (Kruno Lokotar)<\/p>\n<p>Naklada: <a href=\"https:\/\/www.oceanmore.hr\/index.php?opt=shop&amp;act=show&amp;id=245&amp;lang=hr\" target=\"_blank\" rel=\"noopener\"><strong>OceanMore<\/strong><\/a><\/p>\n<\/div><\/section><\/div><div class=\"flex_column av_one_half  flex_column_div av-zero-column-padding   \" style='border-radius:0px; '><div class='avia-image-container  av-styling- av-hover-grow  avia-align-center '  itemscope=\"itemscope\" itemtype=\"https:\/\/schema.org\/ImageObject\"  ><div class='avia-image-container-inner'><img class='avia_image ' src='https:\/\/mfk.hr\/2024\/wp-content\/uploads\/2024\/09\/MarijaAndrijasevic_Ligaribara_mfk-1.jpg' alt='' title=''   itemprop=\"thumbnailUrl\"  \/><\/div><\/div><\/div>\n<\/div><\/div><\/div><!-- close content main div --><\/div><\/div><div id='after_section_2' class='main_color av_default_container_wrap container_wrap sidebar_right'   ><div class='container' ><div class='template-page content  av-content-small alpha units'><div class='post-entry post-entry-type-page post-entry-11899'><div class='entry-content-wrapper clearfix'>\n<\/div><\/div><\/div><!-- close content main div --><\/div><\/div><div id='boxtransparent4' class='avia-section main_color avia-section-no-padding avia-no-border-styling avia-bg-style-scroll  av-minimum-height av-minimum-height-custom container_wrap sidebar_right'   ><div class='container' style='height:50px'><div class='template-page content  av-content-small alpha units'><div class='post-entry post-entry-type-page post-entry-11899'><div class='entry-content-wrapper clearfix'>\n<section class=\"av_textblock_section\"  itemscope=\"itemscope\" itemtype=\"https:\/\/schema.org\/CreativeWork\" ><div class='avia_textblock '   itemprop=\"text\" ><p>AUTOR FOTOGRAFIJE: STIPE SURA\u0106<\/p>\n<\/div><\/section>\n<\/div><\/div><\/div><!-- close content main div --><\/div><\/div><div id='after_section_3' class='main_color av_default_container_wrap container_wrap sidebar_right'   ><div class='container' ><div class='template-page content  av-content-small alpha units'><div class='post-entry post-entry-type-page post-entry-11899'><div class='entry-content-wrapper clearfix'>\n","protected":false},"excerpt":{"rendered":"","protected":false},"author":4,"featured_media":0,"parent":0,"menu_order":0,"comment_status":"closed","ping_status":"closed","template":"","meta":{"footnotes":""},"class_list":["post-11899","page","type-page","status-publish","hentry"],"yoast_head":"<!-- This site is optimized with the Yoast SEO plugin v25.7 - https:\/\/yoast.com\/wordpress\/plugins\/seo\/ -->\n<title>PROMOCIJA: Liga ribara - MFK<\/title>\n<meta name=\"robots\" content=\"noindex, follow, max-snippet:-1, max-image-preview:large, max-video-preview:-1\" \/>\n<meta property=\"og:locale\" content=\"hr_HR\" \/>\n<meta property=\"og:type\" content=\"article\" \/>\n<meta property=\"og:title\" content=\"PROMOCIJA: Liga ribara - MFK\" \/>\n<meta property=\"og:url\" content=\"https:\/\/mfk.hr\/2024\/promocija-liga-ribara\/\" \/>\n<meta property=\"og:site_name\" content=\"MFK\" \/>\n<meta property=\"article:modified_time\" content=\"2024-09-26T09:35:39+00:00\" \/>\n<meta name=\"twitter:card\" content=\"summary_large_image\" \/>\n<meta name=\"twitter:label1\" content=\"Procijenjeno vrijeme \u010ditanja\" \/>\n\t<meta name=\"twitter:data1\" content=\"3 minute\" \/>\n<script type=\"application\/ld+json\" class=\"yoast-schema-graph\">{\"@context\":\"https:\/\/schema.org\",\"@graph\":[{\"@type\":\"WebPage\",\"@id\":\"https:\/\/mfk.hr\/2024\/promocija-liga-ribara\/\",\"url\":\"https:\/\/mfk.hr\/2024\/promocija-liga-ribara\/\",\"name\":\"PROMOCIJA: Liga ribara - MFK\",\"isPartOf\":{\"@id\":\"https:\/\/mfk.hr\/2024\/#website\"},\"datePublished\":\"2024-09-22T21:51:03+00:00\",\"dateModified\":\"2024-09-26T09:35:39+00:00\",\"breadcrumb\":{\"@id\":\"https:\/\/mfk.hr\/2024\/promocija-liga-ribara\/#breadcrumb\"},\"inLanguage\":\"hr\",\"potentialAction\":[{\"@type\":\"ReadAction\",\"target\":[\"https:\/\/mfk.hr\/2024\/promocija-liga-ribara\/\"]}]},{\"@type\":\"BreadcrumbList\",\"@id\":\"https:\/\/mfk.hr\/2024\/promocija-liga-ribara\/#breadcrumb\",\"itemListElement\":[{\"@type\":\"ListItem\",\"position\":1,\"name\":\"Po\u010detna stranica\",\"item\":\"https:\/\/mfk.hr\/2024\/\"},{\"@type\":\"ListItem\",\"position\":2,\"name\":\"PROMOCIJA: Liga ribara\"}]},{\"@type\":\"WebSite\",\"@id\":\"https:\/\/mfk.hr\/2024\/#website\",\"url\":\"https:\/\/mfk.hr\/2024\/\",\"name\":\"MFK\",\"description\":\"mediteranski festival knjige\",\"potentialAction\":[{\"@type\":\"SearchAction\",\"target\":{\"@type\":\"EntryPoint\",\"urlTemplate\":\"https:\/\/mfk.hr\/2024\/?s={search_term_string}\"},\"query-input\":{\"@type\":\"PropertyValueSpecification\",\"valueRequired\":true,\"valueName\":\"search_term_string\"}}],\"inLanguage\":\"hr\"}]}<\/script>\n<!-- \/ Yoast SEO plugin. -->","yoast_head_json":{"title":"PROMOCIJA: Liga ribara - MFK","robots":{"index":"noindex","follow":"follow","max-snippet":"max-snippet:-1","max-image-preview":"max-image-preview:large","max-video-preview":"max-video-preview:-1"},"og_locale":"hr_HR","og_type":"article","og_title":"PROMOCIJA: Liga ribara - MFK","og_url":"https:\/\/mfk.hr\/2024\/promocija-liga-ribara\/","og_site_name":"MFK","article_modified_time":"2024-09-26T09:35:39+00:00","twitter_card":"summary_large_image","twitter_misc":{"Procijenjeno vrijeme \u010ditanja":"3 minute"},"schema":{"@context":"https:\/\/schema.org","@graph":[{"@type":"WebPage","@id":"https:\/\/mfk.hr\/2024\/promocija-liga-ribara\/","url":"https:\/\/mfk.hr\/2024\/promocija-liga-ribara\/","name":"PROMOCIJA: Liga ribara - MFK","isPartOf":{"@id":"https:\/\/mfk.hr\/2024\/#website"},"datePublished":"2024-09-22T21:51:03+00:00","dateModified":"2024-09-26T09:35:39+00:00","breadcrumb":{"@id":"https:\/\/mfk.hr\/2024\/promocija-liga-ribara\/#breadcrumb"},"inLanguage":"hr","potentialAction":[{"@type":"ReadAction","target":["https:\/\/mfk.hr\/2024\/promocija-liga-ribara\/"]}]},{"@type":"BreadcrumbList","@id":"https:\/\/mfk.hr\/2024\/promocija-liga-ribara\/#breadcrumb","itemListElement":[{"@type":"ListItem","position":1,"name":"Po\u010detna stranica","item":"https:\/\/mfk.hr\/2024\/"},{"@type":"ListItem","position":2,"name":"PROMOCIJA: Liga ribara"}]},{"@type":"WebSite","@id":"https:\/\/mfk.hr\/2024\/#website","url":"https:\/\/mfk.hr\/2024\/","name":"MFK","description":"mediteranski festival knjige","potentialAction":[{"@type":"SearchAction","target":{"@type":"EntryPoint","urlTemplate":"https:\/\/mfk.hr\/2024\/?s={search_term_string}"},"query-input":{"@type":"PropertyValueSpecification","valueRequired":true,"valueName":"search_term_string"}}],"inLanguage":"hr"}]}},"_links":{"self":[{"href":"https:\/\/mfk.hr\/2024\/wp-json\/wp\/v2\/pages\/11899","targetHints":{"allow":["GET"]}}],"collection":[{"href":"https:\/\/mfk.hr\/2024\/wp-json\/wp\/v2\/pages"}],"about":[{"href":"https:\/\/mfk.hr\/2024\/wp-json\/wp\/v2\/types\/page"}],"author":[{"embeddable":true,"href":"https:\/\/mfk.hr\/2024\/wp-json\/wp\/v2\/users\/4"}],"replies":[{"embeddable":true,"href":"https:\/\/mfk.hr\/2024\/wp-json\/wp\/v2\/comments?post=11899"}],"version-history":[{"count":5,"href":"https:\/\/mfk.hr\/2024\/wp-json\/wp\/v2\/pages\/11899\/revisions"}],"predecessor-version":[{"id":12190,"href":"https:\/\/mfk.hr\/2024\/wp-json\/wp\/v2\/pages\/11899\/revisions\/12190"}],"wp:attachment":[{"href":"https:\/\/mfk.hr\/2024\/wp-json\/wp\/v2\/media?parent=11899"}],"curies":[{"name":"wp","href":"https:\/\/api.w.org\/{rel}","templated":true}]}}