{"id":11885,"date":"2024-09-22T21:02:42","date_gmt":"2024-09-22T21:02:42","guid":{"rendered":"https:\/\/mfk.hr\/2024\/?page_id=11885"},"modified":"2024-09-26T09:35:02","modified_gmt":"2024-09-26T09:35:02","slug":"promocija-stripoterapija","status":"publish","type":"page","link":"https:\/\/mfk.hr\/2024\/promocija-stripoterapija\/","title":{"rendered":"PROMOCIJA: Stripoterapija"},"content":{"rendered":"<\/div><\/div><\/div><!-- close content main div --><\/div><\/div><div id='naslov_bijeli' class='avia-section main_color avia-section-default avia-no-shadow avia-bg-style-scroll  container_wrap sidebar_right'   ><div class='container' ><div class='template-page content  av-content-small alpha units'><div class='post-entry post-entry-type-page post-entry-11885'><div class='entry-content-wrapper clearfix'>\n<div style='padding-bottom:0px;' class='av-special-heading av-special-heading-h1  blockquote modern-quote modern-centered '><h1 class='av-special-heading-tag'  itemprop=\"headline\"  >PROMOCIJA: Ana Petrovi\u0107: <span class='special_amp'>\u201e<\/span>Stripoterapija<span class='special_amp'>\u201c<\/span><\/h1><div class='special-heading-border'><div class='special-heading-inner-border' ><\/div><\/div><\/div>\n<\/div><\/div><\/div><!-- close content main div --><\/div><\/div><div id='after_section_1' class='main_color av_default_container_wrap container_wrap sidebar_right'   ><div class='container' ><div class='template-page content  av-content-small alpha units'><div class='post-entry post-entry-type-page post-entry-11885'><div class='entry-content-wrapper clearfix'>\n<\/div><\/div><\/div><!-- close content main div --><\/div><\/div><div id='mobileprikaz' class='avia-section main_color avia-section-default avia-no-shadow avia-bg-style-scroll  container_wrap sidebar_right' style = 'background-color: #ffffff; '  ><div class='container' ><div class='template-page content  av-content-small alpha units'><div class='post-entry post-entry-type-page post-entry-11885'><div class='entry-content-wrapper clearfix'>\n<div class=\"flex_column av_one_half  flex_column_div av-zero-column-padding first  \" style='border-radius:0px; '><section class=\"av_textblock_section\"  itemscope=\"itemscope\" itemtype=\"https:\/\/schema.org\/CreativeWork\" ><div class='avia_textblock '   itemprop=\"text\" ><h1 class=\"p1\">Ana Petrovi\u0107: \u201eStripoterapija\u201c<\/h1>\n<h2 style=\"text-align: left;\">predstavlja: Kruno Lokotar<\/h2>\n<p>Subota, 28.9. \/ 15.00 \/ Velika dvorana<\/p>\n<div style='height:50px' class='hr hr-invisible '><span class='hr-inner ' ><span class='hr-inner-style'><\/span><\/span><\/div>\n<p>U \u017eelji da \u010ditateljicama i \u010ditateljima pribli\u017ei proces psihoterapije kroz koji je prolazila, autorica je po\u010dela crtati razne situacije u odnosu klijentkinje i terapeutkinje, prikazuju\u0107i ih vjerno, duhovito i empati\u010dno.<\/p>\n<p>Autobiografska pri\u010da o glavnoj junakinji i njezinoj psihoterapeutkinji po\u010dinje prepoznavanjem problema i suo\u010davanjem s potrebom da potra\u017eimo pomo\u0107 u njegovu rje\u0161avanju. Nekoliko upe\u010datljivih simbola i figura koji se ponavljaju iz stripa u strip potvr\u0111uje repetitivnost procesa, a time i upornost junakinje da uz pomo\u0107 terapeutkinje napreduje u rje\u0161avanju problema.<\/p>\n<p>S druge strane, sitni detalji \u2013 varijacije u ekspresiji lica, polo\u017eaju tijela, odje\u0107i i ambijentu \u2013 privla\u010de pa\u017enju \u010ditatelja i suptilno ali efektno, i uvijek duhovito, isti\u010du klju\u010dna zna\u010denja u svakom stripu.<\/p>\n<p>Pomo\u0107u tih detalja autenti\u010dno se prikazuju usponi i padovi u ovom procesu, koji nema svoj kona\u010dan zavr\u0161etak. Odnos izme\u0111u terapeutkinje i klijentkinje, iako \u010desto mo\u017ee izgledati i antagonisti\u010dno, osvjetljava razli\u010dite kuteve junakinjine borbe, koja ponekad umije biti neugodna i te\u0161ka, a ponekad zabavna i rastere\u0107uju\u0107a, ali uvijek pra\u0107ena podr\u0161kom osobe koja sjedi prekoputa i koja je, kao i u stripu, uvijek tu kada zatreba.<\/p>\n<p>Naklada: <a href=\"https:\/\/www.nakladanika.hr\/artikli\/Ana-Petrovic-Stripoterapija\" target=\"_blank\" rel=\"noopener\"><strong>NAKLADA NIKA<\/strong><\/a><\/p>\n<\/div><\/section><\/div><div class=\"flex_column av_one_half  flex_column_div av-zero-column-padding   \" style='border-radius:0px; '><div class='avia-image-container  av-styling- av-hover-grow  avia-align-center '  itemscope=\"itemscope\" itemtype=\"https:\/\/schema.org\/ImageObject\"  ><div class='avia-image-container-inner'><img class='avia_image ' src='https:\/\/mfk.hr\/2024\/wp-content\/uploads\/2024\/09\/stripoterapija-ana-petrovic-mfk-1.png' alt='' title=''   itemprop=\"thumbnailUrl\"  \/><\/div><\/div><\/div>\n<\/div><\/div><\/div><!-- close content main div --><\/div><\/div><div id='after_section_2' class='main_color av_default_container_wrap container_wrap sidebar_right'   ><div class='container' ><div class='template-page content  av-content-small alpha units'><div class='post-entry post-entry-type-page post-entry-11885'><div class='entry-content-wrapper clearfix'>\n<\/div><\/div><\/div><!-- close content main div --><\/div><\/div><div id='boxtransparent4' class='avia-section main_color avia-section-no-padding avia-no-border-styling avia-bg-style-scroll  av-minimum-height av-minimum-height-custom container_wrap sidebar_right'   ><div class='container' style='height:50px'><div class='template-page content  av-content-small alpha units'><div class='post-entry post-entry-type-page post-entry-11885'><div class='entry-content-wrapper clearfix'>\n<section class=\"av_textblock_section\"  itemscope=\"itemscope\" itemtype=\"https:\/\/schema.org\/CreativeWork\" ><div class='avia_textblock '   itemprop=\"text\" ><p>AUTOR FOTOGRAFIJE: STIPE SURA\u0106<\/p>\n<\/div><\/section>\n<\/div><\/div><\/div><!-- close content main div --><\/div><\/div><div id='after_section_3' class='main_color av_default_container_wrap container_wrap sidebar_right'   ><div class='container' ><div class='template-page content  av-content-small alpha units'><div class='post-entry post-entry-type-page post-entry-11885'><div class='entry-content-wrapper clearfix'>\n","protected":false},"excerpt":{"rendered":"","protected":false},"author":4,"featured_media":0,"parent":0,"menu_order":0,"comment_status":"closed","ping_status":"closed","template":"","meta":{"footnotes":""},"class_list":["post-11885","page","type-page","status-publish","hentry"],"yoast_head":"<!-- This site is optimized with the Yoast SEO plugin v25.7 - https:\/\/yoast.com\/wordpress\/plugins\/seo\/ -->\n<title>PROMOCIJA: Stripoterapija - MFK<\/title>\n<meta name=\"robots\" content=\"noindex, follow, max-snippet:-1, max-image-preview:large, max-video-preview:-1\" \/>\n<meta property=\"og:locale\" content=\"hr_HR\" \/>\n<meta property=\"og:type\" content=\"article\" \/>\n<meta property=\"og:title\" content=\"PROMOCIJA: Stripoterapija - MFK\" \/>\n<meta property=\"og:url\" content=\"https:\/\/mfk.hr\/2024\/promocija-stripoterapija\/\" \/>\n<meta property=\"og:site_name\" content=\"MFK\" \/>\n<meta property=\"article:modified_time\" content=\"2024-09-26T09:35:02+00:00\" \/>\n<meta name=\"twitter:card\" content=\"summary_large_image\" \/>\n<meta name=\"twitter:label1\" content=\"Procijenjeno vrijeme \u010ditanja\" \/>\n\t<meta name=\"twitter:data1\" content=\"3 minute\" \/>\n<script type=\"application\/ld+json\" class=\"yoast-schema-graph\">{\"@context\":\"https:\/\/schema.org\",\"@graph\":[{\"@type\":\"WebPage\",\"@id\":\"https:\/\/mfk.hr\/2024\/promocija-stripoterapija\/\",\"url\":\"https:\/\/mfk.hr\/2024\/promocija-stripoterapija\/\",\"name\":\"PROMOCIJA: Stripoterapija - MFK\",\"isPartOf\":{\"@id\":\"https:\/\/mfk.hr\/2024\/#website\"},\"datePublished\":\"2024-09-22T21:02:42+00:00\",\"dateModified\":\"2024-09-26T09:35:02+00:00\",\"breadcrumb\":{\"@id\":\"https:\/\/mfk.hr\/2024\/promocija-stripoterapija\/#breadcrumb\"},\"inLanguage\":\"hr\",\"potentialAction\":[{\"@type\":\"ReadAction\",\"target\":[\"https:\/\/mfk.hr\/2024\/promocija-stripoterapija\/\"]}]},{\"@type\":\"BreadcrumbList\",\"@id\":\"https:\/\/mfk.hr\/2024\/promocija-stripoterapija\/#breadcrumb\",\"itemListElement\":[{\"@type\":\"ListItem\",\"position\":1,\"name\":\"Po\u010detna stranica\",\"item\":\"https:\/\/mfk.hr\/2024\/\"},{\"@type\":\"ListItem\",\"position\":2,\"name\":\"PROMOCIJA: Stripoterapija\"}]},{\"@type\":\"WebSite\",\"@id\":\"https:\/\/mfk.hr\/2024\/#website\",\"url\":\"https:\/\/mfk.hr\/2024\/\",\"name\":\"MFK\",\"description\":\"mediteranski festival knjige\",\"potentialAction\":[{\"@type\":\"SearchAction\",\"target\":{\"@type\":\"EntryPoint\",\"urlTemplate\":\"https:\/\/mfk.hr\/2024\/?s={search_term_string}\"},\"query-input\":{\"@type\":\"PropertyValueSpecification\",\"valueRequired\":true,\"valueName\":\"search_term_string\"}}],\"inLanguage\":\"hr\"}]}<\/script>\n<!-- \/ Yoast SEO plugin. -->","yoast_head_json":{"title":"PROMOCIJA: Stripoterapija - MFK","robots":{"index":"noindex","follow":"follow","max-snippet":"max-snippet:-1","max-image-preview":"max-image-preview:large","max-video-preview":"max-video-preview:-1"},"og_locale":"hr_HR","og_type":"article","og_title":"PROMOCIJA: Stripoterapija - MFK","og_url":"https:\/\/mfk.hr\/2024\/promocija-stripoterapija\/","og_site_name":"MFK","article_modified_time":"2024-09-26T09:35:02+00:00","twitter_card":"summary_large_image","twitter_misc":{"Procijenjeno vrijeme \u010ditanja":"3 minute"},"schema":{"@context":"https:\/\/schema.org","@graph":[{"@type":"WebPage","@id":"https:\/\/mfk.hr\/2024\/promocija-stripoterapija\/","url":"https:\/\/mfk.hr\/2024\/promocija-stripoterapija\/","name":"PROMOCIJA: Stripoterapija - MFK","isPartOf":{"@id":"https:\/\/mfk.hr\/2024\/#website"},"datePublished":"2024-09-22T21:02:42+00:00","dateModified":"2024-09-26T09:35:02+00:00","breadcrumb":{"@id":"https:\/\/mfk.hr\/2024\/promocija-stripoterapija\/#breadcrumb"},"inLanguage":"hr","potentialAction":[{"@type":"ReadAction","target":["https:\/\/mfk.hr\/2024\/promocija-stripoterapija\/"]}]},{"@type":"BreadcrumbList","@id":"https:\/\/mfk.hr\/2024\/promocija-stripoterapija\/#breadcrumb","itemListElement":[{"@type":"ListItem","position":1,"name":"Po\u010detna stranica","item":"https:\/\/mfk.hr\/2024\/"},{"@type":"ListItem","position":2,"name":"PROMOCIJA: Stripoterapija"}]},{"@type":"WebSite","@id":"https:\/\/mfk.hr\/2024\/#website","url":"https:\/\/mfk.hr\/2024\/","name":"MFK","description":"mediteranski festival knjige","potentialAction":[{"@type":"SearchAction","target":{"@type":"EntryPoint","urlTemplate":"https:\/\/mfk.hr\/2024\/?s={search_term_string}"},"query-input":{"@type":"PropertyValueSpecification","valueRequired":true,"valueName":"search_term_string"}}],"inLanguage":"hr"}]}},"_links":{"self":[{"href":"https:\/\/mfk.hr\/2024\/wp-json\/wp\/v2\/pages\/11885","targetHints":{"allow":["GET"]}}],"collection":[{"href":"https:\/\/mfk.hr\/2024\/wp-json\/wp\/v2\/pages"}],"about":[{"href":"https:\/\/mfk.hr\/2024\/wp-json\/wp\/v2\/types\/page"}],"author":[{"embeddable":true,"href":"https:\/\/mfk.hr\/2024\/wp-json\/wp\/v2\/users\/4"}],"replies":[{"embeddable":true,"href":"https:\/\/mfk.hr\/2024\/wp-json\/wp\/v2\/comments?post=11885"}],"version-history":[{"count":4,"href":"https:\/\/mfk.hr\/2024\/wp-json\/wp\/v2\/pages\/11885\/revisions"}],"predecessor-version":[{"id":12184,"href":"https:\/\/mfk.hr\/2024\/wp-json\/wp\/v2\/pages\/11885\/revisions\/12184"}],"wp:attachment":[{"href":"https:\/\/mfk.hr\/2024\/wp-json\/wp\/v2\/media?parent=11885"}],"curies":[{"name":"wp","href":"https:\/\/api.w.org\/{rel}","templated":true}]}}