{"id":11880,"date":"2024-09-22T20:53:00","date_gmt":"2024-09-22T20:53:00","guid":{"rendered":"https:\/\/mfk.hr\/2024\/?page_id=11880"},"modified":"2024-09-26T18:04:41","modified_gmt":"2024-09-26T18:04:41","slug":"promocija-o-glumi-bez-glume","status":"publish","type":"page","link":"https:\/\/mfk.hr\/2024\/promocija-o-glumi-bez-glume\/","title":{"rendered":"PROMOCIJA: O glumi bez glume"},"content":{"rendered":"<\/div><\/div><\/div><!-- close content main div --><\/div><\/div><div id='naslov_bijeli' class='avia-section main_color avia-section-default avia-no-shadow avia-bg-style-scroll  container_wrap sidebar_right'   ><div class='container' ><div class='template-page content  av-content-small alpha units'><div class='post-entry post-entry-type-page post-entry-11880'><div class='entry-content-wrapper clearfix'>\n<div style='padding-bottom:0px;' class='av-special-heading av-special-heading-h1  blockquote modern-quote modern-centered '><h1 class='av-special-heading-tag'  itemprop=\"headline\"  >PROMOCIJA: Bogdan Dikli\u0107: <span class='special_amp'>\u201e<\/span>O glumi bez glume<span class='special_amp'>\u201c<\/span><\/h1><div class='special-heading-border'><div class='special-heading-inner-border' ><\/div><\/div><\/div>\n<\/div><\/div><\/div><!-- close content main div --><\/div><\/div><div id='after_section_1' class='main_color av_default_container_wrap container_wrap sidebar_right'   ><div class='container' ><div class='template-page content  av-content-small alpha units'><div class='post-entry post-entry-type-page post-entry-11880'><div class='entry-content-wrapper clearfix'>\n<\/div><\/div><\/div><!-- close content main div --><\/div><\/div><div id='mobileprikaz' class='avia-section main_color avia-section-default avia-no-shadow avia-bg-style-scroll  container_wrap sidebar_right' style = 'background-color: #ffffff; '  ><div class='container' ><div class='template-page content  av-content-small alpha units'><div class='post-entry post-entry-type-page post-entry-11880'><div class='entry-content-wrapper clearfix'>\n<div class=\"flex_column av_one_half  flex_column_div av-zero-column-padding first  \" style='border-radius:0px; '><section class=\"av_textblock_section\"  itemscope=\"itemscope\" itemtype=\"https:\/\/schema.org\/CreativeWork\" ><div class='avia_textblock '   itemprop=\"text\" ><h1 class=\"p1\">Bogdan Dikli\u0107: \u201eO glumi bez glume\u201c<\/h1>\n<h2 style=\"text-align: left;\">predstavlja: Jasen Boko<\/h2>\n<p>Petak, 27.9. \/ 20.00 \/ Velika dvorana<\/p>\n<div style='height:50px' class='hr hr-invisible '><span class='hr-inner ' ><span class='hr-inner-style'><\/span><\/span><\/div>\n<p>Gledate ih i slu\u0161ate dok govore, pla\u010du i smiju se, gledate ih kad sjede, le\u017ee, kre\u0107u se, ska\u010du i padaju, gledate ih kad vole, mrze i umiru&#8230; Gledate ih u svim \u017eivotnim situacijama, stanjima tijela, du\u0161e i duha \u2013 gledate ih dok glume&#8230; Kako to \u010dine?<\/p>\n<p>Kroz svoje poimanje gluma\u010dke umjetnosti<strong><em> glumac Bogdan Dikli\u0107<\/em><\/strong> nam otkriva tajnu onoga \u0161to ne vidimo kada ih gledamo. Ova knjiga sadr\u017ei duboko pro\u017eivljeno iskustvo glumca koji ve\u0107 \u010detrdeset osam godina glumu \u017eivi, osje\u0107a i promi\u0161lja kao istinski umjetni\u010dki poziv. Kroz osamdeset jedno poglavlje, \u201eO-izam\u201d, kako ih autor naziva, Dikli\u0107evo gluma\u010dko iskustvo vodi nas kroz mnoge tajne i zamke gluma\u010dke profesije. Sa\u017eete u bitno, ove duhovite pouke i mudrosti nemaju ambiciju da budu imperativi, postulati ili kanoni, ve\u0107 prije svega poticaj za razmi\u0161ljanje o gluma\u010dkoj umjetnosti, pa i \u0161ire.<\/p>\n<p>Naklada: <strong><a href=\"https:\/\/www.superknjizara.hr\/hr\/o-glumi-bez-glume-2023-bogdan-diklic\" target=\"_blank\" rel=\"noopener\">JESENSKI I TURK<\/a><\/strong><\/p>\n<\/div><\/section><\/div><div class=\"flex_column av_one_half  flex_column_div av-zero-column-padding   \" style='border-radius:0px; '><div class='avia-image-container  av-styling- av-hover-grow  avia-align-center '  itemscope=\"itemscope\" itemtype=\"https:\/\/schema.org\/ImageObject\"  ><div class='avia-image-container-inner'><img class='avia_image ' src='https:\/\/mfk.hr\/2024\/wp-content\/uploads\/2024\/09\/o-glumi-bez-glume-mfk.jpg' alt='' title=''   itemprop=\"thumbnailUrl\"  \/><\/div><\/div><\/div><\/div><\/div><\/div><!-- close content main div --><\/div><\/div><div id='after_section_2' class='main_color av_default_container_wrap container_wrap sidebar_right'   ><div class='container' ><div class='template-page content  av-content-small alpha units'><div class='post-entry post-entry-type-page post-entry-11880'><div class='entry-content-wrapper clearfix'><\/div><\/div><\/div><!-- close content main div --><\/div><\/div><div id='boxtransparent4' class='avia-section main_color avia-section-no-padding avia-no-border-styling avia-bg-style-scroll  av-minimum-height av-minimum-height-custom container_wrap sidebar_right'   ><div class='container' style='height:50px'><div class='template-page content  av-content-small alpha units'><div class='post-entry post-entry-type-page post-entry-11880'><div class='entry-content-wrapper clearfix'>\n<section class=\"av_textblock_section\"  itemscope=\"itemscope\" itemtype=\"https:\/\/schema.org\/CreativeWork\" ><div class='avia_textblock '   itemprop=\"text\" ><p>AUTOR FOTOGRAFIJE: STIPE SURA\u0106<\/p>\n<\/div><\/section>\n<\/div><\/div><\/div><!-- close content main div --><\/div><\/div><div id='after_section_3' class='main_color av_default_container_wrap container_wrap sidebar_right'   ><div class='container' ><div class='template-page content  av-content-small alpha units'><div class='post-entry post-entry-type-page post-entry-11880'><div class='entry-content-wrapper clearfix'><\/p>\n","protected":false},"excerpt":{"rendered":"","protected":false},"author":4,"featured_media":0,"parent":0,"menu_order":0,"comment_status":"closed","ping_status":"closed","template":"","meta":{"footnotes":""},"class_list":["post-11880","page","type-page","status-publish","hentry"],"yoast_head":"<!-- This site is optimized with the Yoast SEO plugin v25.7 - https:\/\/yoast.com\/wordpress\/plugins\/seo\/ -->\n<title>PROMOCIJA: O glumi bez glume - MFK<\/title>\n<meta name=\"robots\" content=\"noindex, follow, max-snippet:-1, max-image-preview:large, max-video-preview:-1\" \/>\n<meta property=\"og:locale\" content=\"hr_HR\" \/>\n<meta property=\"og:type\" content=\"article\" \/>\n<meta property=\"og:title\" content=\"PROMOCIJA: O glumi bez glume - MFK\" \/>\n<meta property=\"og:url\" content=\"https:\/\/mfk.hr\/2024\/promocija-o-glumi-bez-glume\/\" \/>\n<meta property=\"og:site_name\" content=\"MFK\" \/>\n<meta property=\"article:modified_time\" content=\"2024-09-26T18:04:41+00:00\" \/>\n<meta name=\"twitter:card\" content=\"summary_large_image\" \/>\n<meta name=\"twitter:label1\" content=\"Procijenjeno vrijeme \u010ditanja\" \/>\n\t<meta name=\"twitter:data1\" content=\"2 minute\" \/>\n<script type=\"application\/ld+json\" class=\"yoast-schema-graph\">{\"@context\":\"https:\/\/schema.org\",\"@graph\":[{\"@type\":\"WebPage\",\"@id\":\"https:\/\/mfk.hr\/2024\/promocija-o-glumi-bez-glume\/\",\"url\":\"https:\/\/mfk.hr\/2024\/promocija-o-glumi-bez-glume\/\",\"name\":\"PROMOCIJA: O glumi bez glume - MFK\",\"isPartOf\":{\"@id\":\"https:\/\/mfk.hr\/2024\/#website\"},\"datePublished\":\"2024-09-22T20:53:00+00:00\",\"dateModified\":\"2024-09-26T18:04:41+00:00\",\"breadcrumb\":{\"@id\":\"https:\/\/mfk.hr\/2024\/promocija-o-glumi-bez-glume\/#breadcrumb\"},\"inLanguage\":\"hr\",\"potentialAction\":[{\"@type\":\"ReadAction\",\"target\":[\"https:\/\/mfk.hr\/2024\/promocija-o-glumi-bez-glume\/\"]}]},{\"@type\":\"BreadcrumbList\",\"@id\":\"https:\/\/mfk.hr\/2024\/promocija-o-glumi-bez-glume\/#breadcrumb\",\"itemListElement\":[{\"@type\":\"ListItem\",\"position\":1,\"name\":\"Po\u010detna stranica\",\"item\":\"https:\/\/mfk.hr\/2024\/\"},{\"@type\":\"ListItem\",\"position\":2,\"name\":\"PROMOCIJA: O glumi bez glume\"}]},{\"@type\":\"WebSite\",\"@id\":\"https:\/\/mfk.hr\/2024\/#website\",\"url\":\"https:\/\/mfk.hr\/2024\/\",\"name\":\"MFK\",\"description\":\"mediteranski festival knjige\",\"potentialAction\":[{\"@type\":\"SearchAction\",\"target\":{\"@type\":\"EntryPoint\",\"urlTemplate\":\"https:\/\/mfk.hr\/2024\/?s={search_term_string}\"},\"query-input\":{\"@type\":\"PropertyValueSpecification\",\"valueRequired\":true,\"valueName\":\"search_term_string\"}}],\"inLanguage\":\"hr\"}]}<\/script>\n<!-- \/ Yoast SEO plugin. -->","yoast_head_json":{"title":"PROMOCIJA: O glumi bez glume - MFK","robots":{"index":"noindex","follow":"follow","max-snippet":"max-snippet:-1","max-image-preview":"max-image-preview:large","max-video-preview":"max-video-preview:-1"},"og_locale":"hr_HR","og_type":"article","og_title":"PROMOCIJA: O glumi bez glume - MFK","og_url":"https:\/\/mfk.hr\/2024\/promocija-o-glumi-bez-glume\/","og_site_name":"MFK","article_modified_time":"2024-09-26T18:04:41+00:00","twitter_card":"summary_large_image","twitter_misc":{"Procijenjeno vrijeme \u010ditanja":"2 minute"},"schema":{"@context":"https:\/\/schema.org","@graph":[{"@type":"WebPage","@id":"https:\/\/mfk.hr\/2024\/promocija-o-glumi-bez-glume\/","url":"https:\/\/mfk.hr\/2024\/promocija-o-glumi-bez-glume\/","name":"PROMOCIJA: O glumi bez glume - MFK","isPartOf":{"@id":"https:\/\/mfk.hr\/2024\/#website"},"datePublished":"2024-09-22T20:53:00+00:00","dateModified":"2024-09-26T18:04:41+00:00","breadcrumb":{"@id":"https:\/\/mfk.hr\/2024\/promocija-o-glumi-bez-glume\/#breadcrumb"},"inLanguage":"hr","potentialAction":[{"@type":"ReadAction","target":["https:\/\/mfk.hr\/2024\/promocija-o-glumi-bez-glume\/"]}]},{"@type":"BreadcrumbList","@id":"https:\/\/mfk.hr\/2024\/promocija-o-glumi-bez-glume\/#breadcrumb","itemListElement":[{"@type":"ListItem","position":1,"name":"Po\u010detna stranica","item":"https:\/\/mfk.hr\/2024\/"},{"@type":"ListItem","position":2,"name":"PROMOCIJA: O glumi bez glume"}]},{"@type":"WebSite","@id":"https:\/\/mfk.hr\/2024\/#website","url":"https:\/\/mfk.hr\/2024\/","name":"MFK","description":"mediteranski festival knjige","potentialAction":[{"@type":"SearchAction","target":{"@type":"EntryPoint","urlTemplate":"https:\/\/mfk.hr\/2024\/?s={search_term_string}"},"query-input":{"@type":"PropertyValueSpecification","valueRequired":true,"valueName":"search_term_string"}}],"inLanguage":"hr"}]}},"_links":{"self":[{"href":"https:\/\/mfk.hr\/2024\/wp-json\/wp\/v2\/pages\/11880","targetHints":{"allow":["GET"]}}],"collection":[{"href":"https:\/\/mfk.hr\/2024\/wp-json\/wp\/v2\/pages"}],"about":[{"href":"https:\/\/mfk.hr\/2024\/wp-json\/wp\/v2\/types\/page"}],"author":[{"embeddable":true,"href":"https:\/\/mfk.hr\/2024\/wp-json\/wp\/v2\/users\/4"}],"replies":[{"embeddable":true,"href":"https:\/\/mfk.hr\/2024\/wp-json\/wp\/v2\/comments?post=11880"}],"version-history":[{"count":4,"href":"https:\/\/mfk.hr\/2024\/wp-json\/wp\/v2\/pages\/11880\/revisions"}],"predecessor-version":[{"id":12333,"href":"https:\/\/mfk.hr\/2024\/wp-json\/wp\/v2\/pages\/11880\/revisions\/12333"}],"wp:attachment":[{"href":"https:\/\/mfk.hr\/2024\/wp-json\/wp\/v2\/media?parent=11880"}],"curies":[{"name":"wp","href":"https:\/\/api.w.org\/{rel}","templated":true}]}}