{"id":11876,"date":"2024-09-22T20:44:23","date_gmt":"2024-09-22T20:44:23","guid":{"rendered":"https:\/\/mfk.hr\/2024\/?page_id=11876"},"modified":"2024-09-26T09:34:36","modified_gmt":"2024-09-26T09:34:36","slug":"veliki-mediteranski-kanconijer","status":"publish","type":"page","link":"https:\/\/mfk.hr\/2024\/veliki-mediteranski-kanconijer\/","title":{"rendered":"PROMOCIJA: Veliki mediteranski kanconijer"},"content":{"rendered":"<\/div><\/div><\/div><!-- close content main div --><\/div><\/div><div id='naslov_bijeli' class='avia-section main_color avia-section-default avia-no-shadow avia-bg-style-scroll  container_wrap sidebar_right'   ><div class='container' ><div class='template-page content  av-content-small alpha units'><div class='post-entry post-entry-type-page post-entry-11876'><div class='entry-content-wrapper clearfix'>\n<div style='padding-bottom:0px;' class='av-special-heading av-special-heading-h1  blockquote modern-quote modern-centered '><h1 class='av-special-heading-tag'  itemprop=\"headline\"  >PROMOCIJA: Veljko Barbieri: <span class='special_amp'>\u201e<\/span>Veliki mediteranski kanconijer<span class='special_amp'>\u201c<\/span><\/h1><div class='special-heading-border'><div class='special-heading-inner-border' ><\/div><\/div><\/div>\n<\/div><\/div><\/div><!-- close content main div --><\/div><\/div><div id='after_section_1' class='main_color av_default_container_wrap container_wrap sidebar_right'   ><div class='container' ><div class='template-page content  av-content-small alpha units'><div class='post-entry post-entry-type-page post-entry-11876'><div class='entry-content-wrapper clearfix'>\n<\/div><\/div><\/div><!-- close content main div --><\/div><\/div><div id='mobileprikaz' class='avia-section main_color avia-section-default avia-no-shadow avia-bg-style-scroll  container_wrap sidebar_right' style = 'background-color: #ffffff; '  ><div class='container' ><div class='template-page content  av-content-small alpha units'><div class='post-entry post-entry-type-page post-entry-11876'><div class='entry-content-wrapper clearfix'>\n<div class=\"flex_column av_one_half  flex_column_div av-zero-column-padding first  \" style='border-radius:0px; '><section class=\"av_textblock_section\"  itemscope=\"itemscope\" itemtype=\"https:\/\/schema.org\/CreativeWork\" ><div class='avia_textblock '   itemprop=\"text\" ><h1 class=\"p1\">Veljko Barbieri: \u201eVeliki mediteranski kanconijer\u201c<\/h1>\n<h2 style=\"text-align: left;\">predstavljaju: Ljubica Hardman, Ivana Prijatelj Pavi\u010di\u0107<\/h2>\n<p>Petak, 27.9. \/ 18.00 \/ Velika dvorana<\/p>\n<div style='height:50px' class='hr hr-invisible '><span class='hr-inner ' ><span class='hr-inner-style'><\/span><\/span><\/div>\n<p>Mediteran je sredi\u0161te svijeta, izvor iz kojeg je potekla civilizacija, s njom i gastronomsko naslje\u0111e pradavnih vremena i drevnih lo\u017ei\u0161ta, stoga nedvojbeno zaslu\u017euje da ga Veljko Barbieri opjeva i opi\u0161e u Velikom mediteranskom kanconijeru, krunskom djelu svojega gastronomsko-knji\u017eevnog opusa. Od zore anti\u010dke civilizacije do u\u017eurbanih kairskih tr\u017enica, od Gibraltara do Bliskoga istoka, od Homera do Petra Hektorovi\u0107a, od bogovskih gozbi do marendina u dalmatinskim konobama, Barbieri isprepli\u0107e ovo gastronomsko-knji\u017eevno remekdjelo nadahnuto mediteranskom gastronomskom riznicom.<\/p>\n<p>Podijeljen na 90 poglavlja po namirnicama odnosno pojedinim jelima, Veliki mediteranski kanconijer donosi vi\u0161e od 350 recepata koje je autor sam spravio i fotografirao. Uz obilje izvrsnih i vrlo primjenjivih recepata, uvodni dio svakog od 90 poglavlja posve\u0107en je nekoj temi, odnosno osobama, doga\u0111ajima i svemu onome \u0161to tvori Mediteran \u010dime oboga\u0107uje na\u0161e poznavanje kulture i povijesti ove kolijevke civilizacije.<\/p>\n<p>Upe\u010datljivo je autorovo silno detaljno poznavanje gastronomske povijesti Mediterana i autora koji su pridonijeli preno\u0161enju drevnih obi\u010daja i jela sve do dana\u0161njih dana.<\/p>\n<p>Naklada: <a href=\"https:\/\/www.vbz.hr\/book\/veliki-mediteranski-kanconijer-tu\/\" target=\"_blank\" rel=\"noopener\"><strong>V.B.Z.<\/strong><\/a><\/p>\n<\/div><\/section><\/div><div class=\"flex_column av_one_half  flex_column_div av-zero-column-padding   \" style='border-radius:0px; '><div class='avia-image-container  av-styling- av-hover-grow  avia-align-center '  itemscope=\"itemscope\" itemtype=\"https:\/\/schema.org\/ImageObject\"  ><div class='avia-image-container-inner'><img class='avia_image ' src='https:\/\/mfk.hr\/2024\/wp-content\/uploads\/2024\/09\/Veliki-mediteranski-kanconijer-mfk-1.jpg' alt='' title='Veliki-mediteranski-kanconijer-mfk'   itemprop=\"thumbnailUrl\"  \/><\/div><\/div><\/div>\n<\/div><\/div><\/div><!-- close content main div --><\/div><\/div><div id='after_section_2' class='main_color av_default_container_wrap container_wrap sidebar_right'   ><div class='container' ><div class='template-page content  av-content-small alpha units'><div class='post-entry post-entry-type-page post-entry-11876'><div class='entry-content-wrapper clearfix'>\n<\/div><\/div><\/div><!-- close content main div --><\/div><\/div><div id='boxtransparent4' class='avia-section main_color avia-section-no-padding avia-no-border-styling avia-bg-style-scroll  av-minimum-height av-minimum-height-custom container_wrap sidebar_right'   ><div class='container' style='height:50px'><div class='template-page content  av-content-small alpha units'><div class='post-entry post-entry-type-page post-entry-11876'><div class='entry-content-wrapper clearfix'>\n<section class=\"av_textblock_section\"  itemscope=\"itemscope\" itemtype=\"https:\/\/schema.org\/CreativeWork\" ><div class='avia_textblock '   itemprop=\"text\" ><p>AUTOR FOTOGRAFIJE: STIPE SURA\u0106<\/p>\n<\/div><\/section>\n<\/div><\/div><\/div><!-- close content main div --><\/div><\/div><div id='after_section_3' class='main_color av_default_container_wrap container_wrap sidebar_right'   ><div class='container' ><div class='template-page content  av-content-small alpha units'><div class='post-entry post-entry-type-page post-entry-11876'><div class='entry-content-wrapper clearfix'>\n","protected":false},"excerpt":{"rendered":"","protected":false},"author":4,"featured_media":0,"parent":0,"menu_order":0,"comment_status":"closed","ping_status":"closed","template":"","meta":{"footnotes":""},"class_list":["post-11876","page","type-page","status-publish","hentry"],"yoast_head":"<!-- This site is optimized with the Yoast SEO plugin v25.7 - https:\/\/yoast.com\/wordpress\/plugins\/seo\/ -->\n<title>PROMOCIJA: Veliki mediteranski kanconijer - MFK<\/title>\n<meta name=\"robots\" content=\"noindex, follow, max-snippet:-1, max-image-preview:large, max-video-preview:-1\" \/>\n<meta property=\"og:locale\" content=\"hr_HR\" \/>\n<meta property=\"og:type\" content=\"article\" \/>\n<meta property=\"og:title\" content=\"PROMOCIJA: Veliki mediteranski kanconijer - MFK\" \/>\n<meta property=\"og:url\" content=\"https:\/\/mfk.hr\/2024\/veliki-mediteranski-kanconijer\/\" \/>\n<meta property=\"og:site_name\" content=\"MFK\" \/>\n<meta property=\"article:modified_time\" content=\"2024-09-26T09:34:36+00:00\" \/>\n<meta name=\"twitter:card\" content=\"summary_large_image\" \/>\n<meta name=\"twitter:label1\" content=\"Procijenjeno vrijeme \u010ditanja\" \/>\n\t<meta name=\"twitter:data1\" content=\"2 minute\" \/>\n<script type=\"application\/ld+json\" class=\"yoast-schema-graph\">{\"@context\":\"https:\/\/schema.org\",\"@graph\":[{\"@type\":\"WebPage\",\"@id\":\"https:\/\/mfk.hr\/2024\/veliki-mediteranski-kanconijer\/\",\"url\":\"https:\/\/mfk.hr\/2024\/veliki-mediteranski-kanconijer\/\",\"name\":\"PROMOCIJA: Veliki mediteranski kanconijer - MFK\",\"isPartOf\":{\"@id\":\"https:\/\/mfk.hr\/2024\/#website\"},\"datePublished\":\"2024-09-22T20:44:23+00:00\",\"dateModified\":\"2024-09-26T09:34:36+00:00\",\"breadcrumb\":{\"@id\":\"https:\/\/mfk.hr\/2024\/veliki-mediteranski-kanconijer\/#breadcrumb\"},\"inLanguage\":\"hr\",\"potentialAction\":[{\"@type\":\"ReadAction\",\"target\":[\"https:\/\/mfk.hr\/2024\/veliki-mediteranski-kanconijer\/\"]}]},{\"@type\":\"BreadcrumbList\",\"@id\":\"https:\/\/mfk.hr\/2024\/veliki-mediteranski-kanconijer\/#breadcrumb\",\"itemListElement\":[{\"@type\":\"ListItem\",\"position\":1,\"name\":\"Po\u010detna stranica\",\"item\":\"https:\/\/mfk.hr\/2024\/\"},{\"@type\":\"ListItem\",\"position\":2,\"name\":\"PROMOCIJA: Veliki mediteranski kanconijer\"}]},{\"@type\":\"WebSite\",\"@id\":\"https:\/\/mfk.hr\/2024\/#website\",\"url\":\"https:\/\/mfk.hr\/2024\/\",\"name\":\"MFK\",\"description\":\"mediteranski festival knjige\",\"potentialAction\":[{\"@type\":\"SearchAction\",\"target\":{\"@type\":\"EntryPoint\",\"urlTemplate\":\"https:\/\/mfk.hr\/2024\/?s={search_term_string}\"},\"query-input\":{\"@type\":\"PropertyValueSpecification\",\"valueRequired\":true,\"valueName\":\"search_term_string\"}}],\"inLanguage\":\"hr\"}]}<\/script>\n<!-- \/ Yoast SEO plugin. -->","yoast_head_json":{"title":"PROMOCIJA: Veliki mediteranski kanconijer - MFK","robots":{"index":"noindex","follow":"follow","max-snippet":"max-snippet:-1","max-image-preview":"max-image-preview:large","max-video-preview":"max-video-preview:-1"},"og_locale":"hr_HR","og_type":"article","og_title":"PROMOCIJA: Veliki mediteranski kanconijer - MFK","og_url":"https:\/\/mfk.hr\/2024\/veliki-mediteranski-kanconijer\/","og_site_name":"MFK","article_modified_time":"2024-09-26T09:34:36+00:00","twitter_card":"summary_large_image","twitter_misc":{"Procijenjeno vrijeme \u010ditanja":"2 minute"},"schema":{"@context":"https:\/\/schema.org","@graph":[{"@type":"WebPage","@id":"https:\/\/mfk.hr\/2024\/veliki-mediteranski-kanconijer\/","url":"https:\/\/mfk.hr\/2024\/veliki-mediteranski-kanconijer\/","name":"PROMOCIJA: Veliki mediteranski kanconijer - MFK","isPartOf":{"@id":"https:\/\/mfk.hr\/2024\/#website"},"datePublished":"2024-09-22T20:44:23+00:00","dateModified":"2024-09-26T09:34:36+00:00","breadcrumb":{"@id":"https:\/\/mfk.hr\/2024\/veliki-mediteranski-kanconijer\/#breadcrumb"},"inLanguage":"hr","potentialAction":[{"@type":"ReadAction","target":["https:\/\/mfk.hr\/2024\/veliki-mediteranski-kanconijer\/"]}]},{"@type":"BreadcrumbList","@id":"https:\/\/mfk.hr\/2024\/veliki-mediteranski-kanconijer\/#breadcrumb","itemListElement":[{"@type":"ListItem","position":1,"name":"Po\u010detna stranica","item":"https:\/\/mfk.hr\/2024\/"},{"@type":"ListItem","position":2,"name":"PROMOCIJA: Veliki mediteranski kanconijer"}]},{"@type":"WebSite","@id":"https:\/\/mfk.hr\/2024\/#website","url":"https:\/\/mfk.hr\/2024\/","name":"MFK","description":"mediteranski festival knjige","potentialAction":[{"@type":"SearchAction","target":{"@type":"EntryPoint","urlTemplate":"https:\/\/mfk.hr\/2024\/?s={search_term_string}"},"query-input":{"@type":"PropertyValueSpecification","valueRequired":true,"valueName":"search_term_string"}}],"inLanguage":"hr"}]}},"_links":{"self":[{"href":"https:\/\/mfk.hr\/2024\/wp-json\/wp\/v2\/pages\/11876","targetHints":{"allow":["GET"]}}],"collection":[{"href":"https:\/\/mfk.hr\/2024\/wp-json\/wp\/v2\/pages"}],"about":[{"href":"https:\/\/mfk.hr\/2024\/wp-json\/wp\/v2\/types\/page"}],"author":[{"embeddable":true,"href":"https:\/\/mfk.hr\/2024\/wp-json\/wp\/v2\/users\/4"}],"replies":[{"embeddable":true,"href":"https:\/\/mfk.hr\/2024\/wp-json\/wp\/v2\/comments?post=11876"}],"version-history":[{"count":3,"href":"https:\/\/mfk.hr\/2024\/wp-json\/wp\/v2\/pages\/11876\/revisions"}],"predecessor-version":[{"id":12180,"href":"https:\/\/mfk.hr\/2024\/wp-json\/wp\/v2\/pages\/11876\/revisions\/12180"}],"wp:attachment":[{"href":"https:\/\/mfk.hr\/2024\/wp-json\/wp\/v2\/media?parent=11876"}],"curies":[{"name":"wp","href":"https:\/\/api.w.org\/{rel}","templated":true}]}}