{"id":11868,"date":"2024-09-22T20:36:10","date_gmt":"2024-09-22T20:36:10","guid":{"rendered":"https:\/\/mfk.hr\/2024\/?page_id=11868"},"modified":"2024-09-26T09:34:16","modified_gmt":"2024-09-26T09:34:16","slug":"vidjet-ces-kad-odrastes","status":"publish","type":"page","link":"https:\/\/mfk.hr\/2024\/vidjet-ces-kad-odrastes\/","title":{"rendered":"PROMOCIJA: Vidjet \u0107e\u0161 kad odraste\u0161"},"content":{"rendered":"<\/div><\/div><\/div><!-- close content main div --><\/div><\/div><div id='naslov_bijeli' class='avia-section main_color avia-section-default avia-no-shadow avia-bg-style-scroll  container_wrap sidebar_right'   ><div class='container' ><div class='template-page content  av-content-small alpha units'><div class='post-entry post-entry-type-page post-entry-11868'><div class='entry-content-wrapper clearfix'>\n<div style='padding-bottom:0px;' class='av-special-heading av-special-heading-h1  blockquote modern-quote modern-centered '><h1 class='av-special-heading-tag'  itemprop=\"headline\"  >PROMOCIJA: Luca Kozina: Vidjet \u0107e\u0161 kad odraste\u0161<\/h1><div class='special-heading-border'><div class='special-heading-inner-border' ><\/div><\/div><\/div>\n<\/div><\/div><\/div><!-- close content main div --><\/div><\/div><div id='after_section_1' class='main_color av_default_container_wrap container_wrap sidebar_right'   ><div class='container' ><div class='template-page content  av-content-small alpha units'><div class='post-entry post-entry-type-page post-entry-11868'><div class='entry-content-wrapper clearfix'>\n<\/div><\/div><\/div><!-- close content main div --><\/div><\/div><div id='mobileprikaz' class='avia-section main_color avia-section-default avia-no-shadow avia-bg-style-scroll  container_wrap sidebar_right' style = 'background-color: #ffffff; '  ><div class='container' ><div class='template-page content  av-content-small alpha units'><div class='post-entry post-entry-type-page post-entry-11868'><div class='entry-content-wrapper clearfix'>\n<div class=\"flex_column av_one_half  flex_column_div av-zero-column-padding first  \" style='border-radius:0px; '><section class=\"av_textblock_section\"  itemscope=\"itemscope\" itemtype=\"https:\/\/schema.org\/CreativeWork\" ><div class='avia_textblock '   itemprop=\"text\" ><h1 class=\"p1\">Luca Kozina: \u201eVidjet \u0107e\u0161 kad odraste\u0161\u201c<\/h1>\n<h2 style=\"text-align: left;\">predstavlja: Sara Tvrdi\u0107<\/h2>\n<p>Petak, 27.9. \/ 17.00 \/ Velika dvorana<\/p>\n<div style='height:50px' class='hr hr-invisible '><span class='hr-inner ' ><span class='hr-inner-style'><\/span><\/span><\/div>\n<p>Kako pre\u017eivjeti vlastito djetinjstvo?<\/p>\n<p>Dje\u010dji je svijet pun suprotnosti; istovremenog u\u017easa i ushita, ranjivosti i prkosa, nevinosti i okrutnosti. Dje\u010dji je svijet nerijetko nalik na postapokalipti\u010dno igrali\u0161te na kojem nema pravila, osim onoga da se \u2013 ostane \u017eiv.<\/p>\n<p>Obitelj, koja bi trebala biti prostor sigurnosti i povjerenja, ponekad je mjesto gdje nam se zadaje najvi\u0161e udaraca. \u0160kola i susjedstvo \u010desto postanu popri\u0161ta u\u017easavaju\u0107eg vr\u0161nja\u010dkog nasilja. Prepu\u0161teni sami sebi, djevoj\u010dice i dje\u010daci tada \u0107e, kao u pri\u010dama Luce Kozine, po\u010deti stvarnost promatrati kao kazali\u0161nu predstavu, postati \u017ertve ili nasilnici, upadati u nezdrave odnose, maloljetni\u010dke trudno\u0107e, depresiju.<\/p>\n<p>Zbirkom pri\u010da \u201eVidjet \u0107e\u0161 kad odraste\u0161\u201c Luca Kozina suo\u010dava nas pripovijedaju\u0107i iz dje\u010dje perspektive s nasilnim i licemjernim dru\u0161tvom u kojem \u017eivimo, koje pred problemima djece i mladih zatvara o\u010di, iako se neprestano govori o brizi za njih. Svjesna da u gotovo svakom djetinjstvu postoji skriven jedan mali pakao pred kojim okolina zatvara o\u010di, Luca Kozina taj pakao nepretenciozno i uvjerljivo razotkriva daju\u0107i autenti\u010dan prikaz dje\u010dje nemo\u0107i, straha, ali i nade. Koliko god pukotine kroz koju svjetlost mo\u017ee pro\u0107i bile neznatne, nada je u ovim pri\u010dama opipljiva, i skriva se neo\u010dekivanim nje\u017enostima, ili prijateljstvu. I ponekad zaista spasi ne\u010diji \u017eivot.<\/p>\n<p>Naklada: <a href=\"https:\/\/fraktura.hr\/vidjet-ces-kad-odrastes.html\" target=\"_blank\" rel=\"noopener\"><b>FRAKTURA<\/b><\/a><\/p>\n<\/div><\/section><\/div><div class=\"flex_column av_one_half  flex_column_div av-zero-column-padding   \" style='border-radius:0px; '><div class='avia-image-container  av-styling- av-hover-grow  avia-align-center '  itemscope=\"itemscope\" itemtype=\"https:\/\/schema.org\/ImageObject\"  ><div class='avia-image-container-inner'><img class='avia_image ' src='https:\/\/mfk.hr\/2024\/wp-content\/uploads\/2024\/09\/vidjet_ces_kad_odrastes_mfk.jpg' alt='' title=''   itemprop=\"thumbnailUrl\"  \/><\/div><\/div><\/div>\n<\/div><\/div><\/div><!-- close content main div --><\/div><\/div><div id='after_section_2' class='main_color av_default_container_wrap container_wrap sidebar_right'   ><div class='container' ><div class='template-page content  av-content-small alpha units'><div class='post-entry post-entry-type-page post-entry-11868'><div class='entry-content-wrapper clearfix'>\n<\/div><\/div><\/div><!-- close content main div --><\/div><\/div><div id='boxtransparent4' class='avia-section main_color avia-section-no-padding avia-no-border-styling avia-bg-style-scroll  av-minimum-height av-minimum-height-custom container_wrap sidebar_right'   ><div class='container' style='height:50px'><div class='template-page content  av-content-small alpha units'><div class='post-entry post-entry-type-page post-entry-11868'><div class='entry-content-wrapper clearfix'>\n<section class=\"av_textblock_section\"  itemscope=\"itemscope\" itemtype=\"https:\/\/schema.org\/CreativeWork\" ><div class='avia_textblock '   itemprop=\"text\" ><p>AUTOR FOTOGRAFIJE: STIPE SURA\u0106<\/p>\n<\/div><\/section>\n<\/div><\/div><\/div><!-- close content main div --><\/div><\/div><div id='after_section_3' class='main_color av_default_container_wrap container_wrap sidebar_right'   ><div class='container' ><div class='template-page content  av-content-small alpha units'><div class='post-entry post-entry-type-page post-entry-11868'><div class='entry-content-wrapper clearfix'>\n","protected":false},"excerpt":{"rendered":"","protected":false},"author":4,"featured_media":0,"parent":0,"menu_order":0,"comment_status":"closed","ping_status":"closed","template":"","meta":{"footnotes":""},"class_list":["post-11868","page","type-page","status-publish","hentry"],"yoast_head":"<!-- This site is optimized with the Yoast SEO plugin v25.7 - https:\/\/yoast.com\/wordpress\/plugins\/seo\/ -->\n<title>PROMOCIJA: Vidjet \u0107e\u0161 kad odraste\u0161 - MFK<\/title>\n<meta name=\"robots\" content=\"noindex, follow, max-snippet:-1, max-image-preview:large, max-video-preview:-1\" \/>\n<meta property=\"og:locale\" content=\"hr_HR\" \/>\n<meta property=\"og:type\" content=\"article\" \/>\n<meta property=\"og:title\" content=\"PROMOCIJA: Vidjet \u0107e\u0161 kad odraste\u0161 - MFK\" \/>\n<meta property=\"og:url\" content=\"https:\/\/mfk.hr\/2024\/vidjet-ces-kad-odrastes\/\" \/>\n<meta property=\"og:site_name\" content=\"MFK\" \/>\n<meta property=\"article:modified_time\" content=\"2024-09-26T09:34:16+00:00\" \/>\n<meta name=\"twitter:card\" content=\"summary_large_image\" \/>\n<meta name=\"twitter:label1\" content=\"Procijenjeno vrijeme \u010ditanja\" \/>\n\t<meta name=\"twitter:data1\" content=\"3 minute\" \/>\n<script type=\"application\/ld+json\" class=\"yoast-schema-graph\">{\"@context\":\"https:\/\/schema.org\",\"@graph\":[{\"@type\":\"WebPage\",\"@id\":\"https:\/\/mfk.hr\/2024\/vidjet-ces-kad-odrastes\/\",\"url\":\"https:\/\/mfk.hr\/2024\/vidjet-ces-kad-odrastes\/\",\"name\":\"PROMOCIJA: Vidjet \u0107e\u0161 kad odraste\u0161 - MFK\",\"isPartOf\":{\"@id\":\"https:\/\/mfk.hr\/2024\/#website\"},\"datePublished\":\"2024-09-22T20:36:10+00:00\",\"dateModified\":\"2024-09-26T09:34:16+00:00\",\"breadcrumb\":{\"@id\":\"https:\/\/mfk.hr\/2024\/vidjet-ces-kad-odrastes\/#breadcrumb\"},\"inLanguage\":\"hr\",\"potentialAction\":[{\"@type\":\"ReadAction\",\"target\":[\"https:\/\/mfk.hr\/2024\/vidjet-ces-kad-odrastes\/\"]}]},{\"@type\":\"BreadcrumbList\",\"@id\":\"https:\/\/mfk.hr\/2024\/vidjet-ces-kad-odrastes\/#breadcrumb\",\"itemListElement\":[{\"@type\":\"ListItem\",\"position\":1,\"name\":\"Po\u010detna stranica\",\"item\":\"https:\/\/mfk.hr\/2024\/\"},{\"@type\":\"ListItem\",\"position\":2,\"name\":\"PROMOCIJA: Vidjet \u0107e\u0161 kad odraste\u0161\"}]},{\"@type\":\"WebSite\",\"@id\":\"https:\/\/mfk.hr\/2024\/#website\",\"url\":\"https:\/\/mfk.hr\/2024\/\",\"name\":\"MFK\",\"description\":\"mediteranski festival knjige\",\"potentialAction\":[{\"@type\":\"SearchAction\",\"target\":{\"@type\":\"EntryPoint\",\"urlTemplate\":\"https:\/\/mfk.hr\/2024\/?s={search_term_string}\"},\"query-input\":{\"@type\":\"PropertyValueSpecification\",\"valueRequired\":true,\"valueName\":\"search_term_string\"}}],\"inLanguage\":\"hr\"}]}<\/script>\n<!-- \/ Yoast SEO plugin. -->","yoast_head_json":{"title":"PROMOCIJA: Vidjet \u0107e\u0161 kad odraste\u0161 - MFK","robots":{"index":"noindex","follow":"follow","max-snippet":"max-snippet:-1","max-image-preview":"max-image-preview:large","max-video-preview":"max-video-preview:-1"},"og_locale":"hr_HR","og_type":"article","og_title":"PROMOCIJA: Vidjet \u0107e\u0161 kad odraste\u0161 - MFK","og_url":"https:\/\/mfk.hr\/2024\/vidjet-ces-kad-odrastes\/","og_site_name":"MFK","article_modified_time":"2024-09-26T09:34:16+00:00","twitter_card":"summary_large_image","twitter_misc":{"Procijenjeno vrijeme \u010ditanja":"3 minute"},"schema":{"@context":"https:\/\/schema.org","@graph":[{"@type":"WebPage","@id":"https:\/\/mfk.hr\/2024\/vidjet-ces-kad-odrastes\/","url":"https:\/\/mfk.hr\/2024\/vidjet-ces-kad-odrastes\/","name":"PROMOCIJA: Vidjet \u0107e\u0161 kad odraste\u0161 - MFK","isPartOf":{"@id":"https:\/\/mfk.hr\/2024\/#website"},"datePublished":"2024-09-22T20:36:10+00:00","dateModified":"2024-09-26T09:34:16+00:00","breadcrumb":{"@id":"https:\/\/mfk.hr\/2024\/vidjet-ces-kad-odrastes\/#breadcrumb"},"inLanguage":"hr","potentialAction":[{"@type":"ReadAction","target":["https:\/\/mfk.hr\/2024\/vidjet-ces-kad-odrastes\/"]}]},{"@type":"BreadcrumbList","@id":"https:\/\/mfk.hr\/2024\/vidjet-ces-kad-odrastes\/#breadcrumb","itemListElement":[{"@type":"ListItem","position":1,"name":"Po\u010detna stranica","item":"https:\/\/mfk.hr\/2024\/"},{"@type":"ListItem","position":2,"name":"PROMOCIJA: Vidjet \u0107e\u0161 kad odraste\u0161"}]},{"@type":"WebSite","@id":"https:\/\/mfk.hr\/2024\/#website","url":"https:\/\/mfk.hr\/2024\/","name":"MFK","description":"mediteranski festival knjige","potentialAction":[{"@type":"SearchAction","target":{"@type":"EntryPoint","urlTemplate":"https:\/\/mfk.hr\/2024\/?s={search_term_string}"},"query-input":{"@type":"PropertyValueSpecification","valueRequired":true,"valueName":"search_term_string"}}],"inLanguage":"hr"}]}},"_links":{"self":[{"href":"https:\/\/mfk.hr\/2024\/wp-json\/wp\/v2\/pages\/11868","targetHints":{"allow":["GET"]}}],"collection":[{"href":"https:\/\/mfk.hr\/2024\/wp-json\/wp\/v2\/pages"}],"about":[{"href":"https:\/\/mfk.hr\/2024\/wp-json\/wp\/v2\/types\/page"}],"author":[{"embeddable":true,"href":"https:\/\/mfk.hr\/2024\/wp-json\/wp\/v2\/users\/4"}],"replies":[{"embeddable":true,"href":"https:\/\/mfk.hr\/2024\/wp-json\/wp\/v2\/comments?post=11868"}],"version-history":[{"count":3,"href":"https:\/\/mfk.hr\/2024\/wp-json\/wp\/v2\/pages\/11868\/revisions"}],"predecessor-version":[{"id":12174,"href":"https:\/\/mfk.hr\/2024\/wp-json\/wp\/v2\/pages\/11868\/revisions\/12174"}],"wp:attachment":[{"href":"https:\/\/mfk.hr\/2024\/wp-json\/wp\/v2\/media?parent=11868"}],"curies":[{"name":"wp","href":"https:\/\/api.w.org\/{rel}","templated":true}]}}