{"id":11854,"date":"2024-09-22T20:05:34","date_gmt":"2024-09-22T20:05:34","guid":{"rendered":"https:\/\/mfk.hr\/2024\/?page_id=11854"},"modified":"2024-09-26T18:00:40","modified_gmt":"2024-09-26T18:00:40","slug":"homo-tamo-di-je-boje","status":"publish","type":"page","link":"https:\/\/mfk.hr\/2024\/homo-tamo-di-je-boje\/","title":{"rendered":"PROMOCIJA: Homo tamo di je boje"},"content":{"rendered":"<\/div><\/div><\/div><!-- close content main div --><\/div><\/div><div id='naslov_bijeli' class='avia-section main_color avia-section-default avia-no-shadow avia-bg-style-scroll  container_wrap sidebar_right'   ><div class='container' ><div class='template-page content  av-content-small alpha units'><div class='post-entry post-entry-type-page post-entry-11854'><div class='entry-content-wrapper clearfix'>\n<div style='padding-bottom:0px;' class='av-special-heading av-special-heading-h1  blockquote modern-quote modern-centered '><h1 class='av-special-heading-tag'  itemprop=\"headline\"  >PROMOCIJA: \u017dan Jakopa\u010d: Homo tamo di je boje<\/h1><div class='special-heading-border'><div class='special-heading-inner-border' ><\/div><\/div><\/div>\n<\/div><\/div><\/div><!-- close content main div --><\/div><\/div><div id='after_section_1' class='main_color av_default_container_wrap container_wrap sidebar_right'   ><div class='container' ><div class='template-page content  av-content-small alpha units'><div class='post-entry post-entry-type-page post-entry-11854'><div class='entry-content-wrapper clearfix'>\n<\/div><\/div><\/div><!-- close content main div --><\/div><\/div><div id='mobileprikaz' class='avia-section main_color avia-section-default avia-no-shadow avia-bg-style-scroll  container_wrap sidebar_right' style = 'background-color: #ffffff; '  ><div class='container' ><div class='template-page content  av-content-small alpha units'><div class='post-entry post-entry-type-page post-entry-11854'><div class='entry-content-wrapper clearfix'>\n<div class=\"flex_column av_one_half  flex_column_div av-zero-column-padding first  \" style='border-radius:0px; '><section class=\"av_textblock_section\"  itemscope=\"itemscope\" itemtype=\"https:\/\/schema.org\/CreativeWork\" ><div class='avia_textblock '   itemprop=\"text\" ><h1 class=\"p1\"><strong>\u017dan Jakopa\u010d: \u201eHomo tamo di je boje\u201c<\/strong><\/h1>\n<h2 style=\"text-align: left;\">predstavljaju: Hrvoje Marko Peruzovi\u0107, Sanja Bakovi\u0107<\/h2>\n<p>Petak, 27.9. \/ 19.00 \/ Velika dvorana<\/p>\n<div style='height:50px' class='hr hr-invisible '><span class='hr-inner ' ><span class='hr-inner-style'><\/span><\/span><\/div>\n<p>U petak, 27.9., u 19.00 sati \u0107e glazbenik i pjesnik <em><strong>\u017dan Jakopa\u010d<\/strong> u razgovoru s <strong>Hrvojem Markom Peruzovi\u0107em<\/strong> i urednicom <strong>Sanjom Bakovi\u0107<\/strong><\/em> predstaviti svoju zbirku <strong><em>&#8220;Homo tamo di je boje&#8221;.<\/em><\/strong><\/p>\n<p>Vi\u0161e od dva desetlje\u0107a nakon genijalnog albuma \u201eVelegradele\u201c \u017dana Jakopa\u010da i \u201e\u0160o! Mazgoona!\u201c, pokreta\u010da tzv. \u201eoto\u010dkog vala\u201c, sti\u017ee nam zbirka poezije \u017dana Jakopa\u010da naslovljena Homo tamo di je boje. Zbirka sadr\u017ei stihove ve\u0107 poznatih nam uglazbljenih hitova, toliko puta izvedenih na koncertima i odslu\u0161anih na tulumima, no donosi i potpuno novu poeziju i novu poetsku dimenziju ovog svestranog umjetnika koji vje\u0161to povezuje oto\u010dnost i urbanost, te poeziju i glazbu. Pjesme koje znamo, primjerice \u201eOto\u010de\u201c i \u201eNa Palagruzu\u201c postale su kolektivno simboli\u010dko mjesto radosnog mediteranskog eskapizma suprotstavljaju\u0107i se ustrojstvu svijeta koji priti\u0161\u0107e i nasr\u0107e na \u010dovjeka kao bi\u0107e slobode. Upravo je sloboda u podlozi svega \u0161to pi\u0161e i stvara \u017dan Jakopa\u010d.<\/p>\n<p>Kazati da su nje\u017enost, otpor, humor, ljubav, strast prema rodnom otoku, teme kojima se u svojoj poeziji Jakopa\u010d bavi, bilo bi istinito, no nedovoljno. Pjesme \u017dana Jakopa\u010da valja istra\u017eiti, \u010ditati naglas i poja\u010dati muziku s novog albuma koji je tako\u0111er dio ove knjige, valja zaplesati, otka\u010diti se uz stihove, odati se bez susprezanja nostalgiji i zaboravu, hode\u0107i \u201etamo di je boje\u201c, tamo gdje je bolje, gdje je svijet oslobo\u0111en grubosti i nadmenosti, a za\u010dinjen smijehom, opu\u0161teno\u0161\u0107u i morem. (Sanja Bakovi\u0107)<\/p>\n<p>Naklada: <strong><a href=\"https:\/\/www.jesenski-turk.hr\/hr\/homo-tamo-di-je-boje-2024-zan-jakopac\" target=\"_blank\" rel=\"noopener\">JESENSKI I TURK<\/a><\/strong><\/p>\n<\/div><\/section><\/div><div class=\"flex_column av_one_half  flex_column_div av-zero-column-padding   \" style='border-radius:0px; '><div class='avia-image-container  av-styling- av-hover-grow  avia-align-center '  itemscope=\"itemscope\" itemtype=\"https:\/\/schema.org\/ImageObject\"  ><div class='avia-image-container-inner'><img class='avia_image ' src='https:\/\/mfk.hr\/2024\/wp-content\/uploads\/2024\/09\/homo-tamo-di-je-boje-mfk.jpg' alt='' title=''   itemprop=\"thumbnailUrl\"  \/><\/div><\/div><\/div><\/div><\/div><\/div><!-- close content main div --><\/div><\/div><div id='after_section_2' class='main_color av_default_container_wrap container_wrap sidebar_right'   ><div class='container' ><div class='template-page content  av-content-small alpha units'><div class='post-entry post-entry-type-page post-entry-11854'><div class='entry-content-wrapper clearfix'><\/div><\/div><\/div><!-- close content main div --><\/div><\/div><div id='boxtransparent4' class='avia-section main_color avia-section-no-padding avia-no-border-styling avia-bg-style-scroll  av-minimum-height av-minimum-height-custom container_wrap sidebar_right'   ><div class='container' style='height:50px'><div class='template-page content  av-content-small alpha units'><div class='post-entry post-entry-type-page post-entry-11854'><div class='entry-content-wrapper clearfix'>\n<section class=\"av_textblock_section\"  itemscope=\"itemscope\" itemtype=\"https:\/\/schema.org\/CreativeWork\" ><div class='avia_textblock '   itemprop=\"text\" ><p>AUTOR FOTOGRAFIJE: STIPE SURA\u0106<\/p>\n<\/div><\/section>\n<\/div><\/div><\/div><!-- close content main div --><\/div><\/div><div id='after_section_3' class='main_color av_default_container_wrap container_wrap sidebar_right'   ><div class='container' ><div class='template-page content  av-content-small alpha units'><div class='post-entry post-entry-type-page post-entry-11854'><div class='entry-content-wrapper clearfix'><\/p>\n","protected":false},"excerpt":{"rendered":"","protected":false},"author":4,"featured_media":0,"parent":0,"menu_order":0,"comment_status":"closed","ping_status":"closed","template":"","meta":{"footnotes":""},"class_list":["post-11854","page","type-page","status-publish","hentry"],"yoast_head":"<!-- This site is optimized with the Yoast SEO plugin v25.7 - https:\/\/yoast.com\/wordpress\/plugins\/seo\/ -->\n<title>PROMOCIJA: Homo tamo di je boje - MFK<\/title>\n<meta name=\"robots\" content=\"noindex, follow, max-snippet:-1, max-image-preview:large, max-video-preview:-1\" \/>\n<meta property=\"og:locale\" content=\"hr_HR\" \/>\n<meta property=\"og:type\" content=\"article\" \/>\n<meta property=\"og:title\" content=\"PROMOCIJA: Homo tamo di je boje - MFK\" \/>\n<meta property=\"og:url\" content=\"https:\/\/mfk.hr\/2024\/homo-tamo-di-je-boje\/\" \/>\n<meta property=\"og:site_name\" content=\"MFK\" \/>\n<meta property=\"article:modified_time\" content=\"2024-09-26T18:00:40+00:00\" \/>\n<meta name=\"twitter:card\" content=\"summary_large_image\" \/>\n<meta name=\"twitter:label1\" content=\"Procijenjeno vrijeme \u010ditanja\" \/>\n\t<meta name=\"twitter:data1\" content=\"3 minute\" \/>\n<script type=\"application\/ld+json\" class=\"yoast-schema-graph\">{\"@context\":\"https:\/\/schema.org\",\"@graph\":[{\"@type\":\"WebPage\",\"@id\":\"https:\/\/mfk.hr\/2024\/homo-tamo-di-je-boje\/\",\"url\":\"https:\/\/mfk.hr\/2024\/homo-tamo-di-je-boje\/\",\"name\":\"PROMOCIJA: Homo tamo di je boje - MFK\",\"isPartOf\":{\"@id\":\"https:\/\/mfk.hr\/2024\/#website\"},\"datePublished\":\"2024-09-22T20:05:34+00:00\",\"dateModified\":\"2024-09-26T18:00:40+00:00\",\"breadcrumb\":{\"@id\":\"https:\/\/mfk.hr\/2024\/homo-tamo-di-je-boje\/#breadcrumb\"},\"inLanguage\":\"hr\",\"potentialAction\":[{\"@type\":\"ReadAction\",\"target\":[\"https:\/\/mfk.hr\/2024\/homo-tamo-di-je-boje\/\"]}]},{\"@type\":\"BreadcrumbList\",\"@id\":\"https:\/\/mfk.hr\/2024\/homo-tamo-di-je-boje\/#breadcrumb\",\"itemListElement\":[{\"@type\":\"ListItem\",\"position\":1,\"name\":\"Po\u010detna stranica\",\"item\":\"https:\/\/mfk.hr\/2024\/\"},{\"@type\":\"ListItem\",\"position\":2,\"name\":\"PROMOCIJA: Homo tamo di je boje\"}]},{\"@type\":\"WebSite\",\"@id\":\"https:\/\/mfk.hr\/2024\/#website\",\"url\":\"https:\/\/mfk.hr\/2024\/\",\"name\":\"MFK\",\"description\":\"mediteranski festival knjige\",\"potentialAction\":[{\"@type\":\"SearchAction\",\"target\":{\"@type\":\"EntryPoint\",\"urlTemplate\":\"https:\/\/mfk.hr\/2024\/?s={search_term_string}\"},\"query-input\":{\"@type\":\"PropertyValueSpecification\",\"valueRequired\":true,\"valueName\":\"search_term_string\"}}],\"inLanguage\":\"hr\"}]}<\/script>\n<!-- \/ Yoast SEO plugin. -->","yoast_head_json":{"title":"PROMOCIJA: Homo tamo di je boje - MFK","robots":{"index":"noindex","follow":"follow","max-snippet":"max-snippet:-1","max-image-preview":"max-image-preview:large","max-video-preview":"max-video-preview:-1"},"og_locale":"hr_HR","og_type":"article","og_title":"PROMOCIJA: Homo tamo di je boje - MFK","og_url":"https:\/\/mfk.hr\/2024\/homo-tamo-di-je-boje\/","og_site_name":"MFK","article_modified_time":"2024-09-26T18:00:40+00:00","twitter_card":"summary_large_image","twitter_misc":{"Procijenjeno vrijeme \u010ditanja":"3 minute"},"schema":{"@context":"https:\/\/schema.org","@graph":[{"@type":"WebPage","@id":"https:\/\/mfk.hr\/2024\/homo-tamo-di-je-boje\/","url":"https:\/\/mfk.hr\/2024\/homo-tamo-di-je-boje\/","name":"PROMOCIJA: Homo tamo di je boje - MFK","isPartOf":{"@id":"https:\/\/mfk.hr\/2024\/#website"},"datePublished":"2024-09-22T20:05:34+00:00","dateModified":"2024-09-26T18:00:40+00:00","breadcrumb":{"@id":"https:\/\/mfk.hr\/2024\/homo-tamo-di-je-boje\/#breadcrumb"},"inLanguage":"hr","potentialAction":[{"@type":"ReadAction","target":["https:\/\/mfk.hr\/2024\/homo-tamo-di-je-boje\/"]}]},{"@type":"BreadcrumbList","@id":"https:\/\/mfk.hr\/2024\/homo-tamo-di-je-boje\/#breadcrumb","itemListElement":[{"@type":"ListItem","position":1,"name":"Po\u010detna stranica","item":"https:\/\/mfk.hr\/2024\/"},{"@type":"ListItem","position":2,"name":"PROMOCIJA: Homo tamo di je boje"}]},{"@type":"WebSite","@id":"https:\/\/mfk.hr\/2024\/#website","url":"https:\/\/mfk.hr\/2024\/","name":"MFK","description":"mediteranski festival knjige","potentialAction":[{"@type":"SearchAction","target":{"@type":"EntryPoint","urlTemplate":"https:\/\/mfk.hr\/2024\/?s={search_term_string}"},"query-input":{"@type":"PropertyValueSpecification","valueRequired":true,"valueName":"search_term_string"}}],"inLanguage":"hr"}]}},"_links":{"self":[{"href":"https:\/\/mfk.hr\/2024\/wp-json\/wp\/v2\/pages\/11854","targetHints":{"allow":["GET"]}}],"collection":[{"href":"https:\/\/mfk.hr\/2024\/wp-json\/wp\/v2\/pages"}],"about":[{"href":"https:\/\/mfk.hr\/2024\/wp-json\/wp\/v2\/types\/page"}],"author":[{"embeddable":true,"href":"https:\/\/mfk.hr\/2024\/wp-json\/wp\/v2\/users\/4"}],"replies":[{"embeddable":true,"href":"https:\/\/mfk.hr\/2024\/wp-json\/wp\/v2\/comments?post=11854"}],"version-history":[{"count":4,"href":"https:\/\/mfk.hr\/2024\/wp-json\/wp\/v2\/pages\/11854\/revisions"}],"predecessor-version":[{"id":12331,"href":"https:\/\/mfk.hr\/2024\/wp-json\/wp\/v2\/pages\/11854\/revisions\/12331"}],"wp:attachment":[{"href":"https:\/\/mfk.hr\/2024\/wp-json\/wp\/v2\/media?parent=11854"}],"curies":[{"name":"wp","href":"https:\/\/api.w.org\/{rel}","templated":true}]}}