{"id":11820,"date":"2024-09-22T17:39:15","date_gmt":"2024-09-22T17:39:15","guid":{"rendered":"https:\/\/mfk.hr\/2024\/?page_id=11820"},"modified":"2024-09-26T09:32:35","modified_gmt":"2024-09-26T09:32:35","slug":"oceanska-hrvatska","status":"publish","type":"page","link":"https:\/\/mfk.hr\/2024\/oceanska-hrvatska\/","title":{"rendered":"PROMOCIJA: Oceanska Hrvatska"},"content":{"rendered":"<\/div><\/div><\/div><!-- close content main div --><\/div><\/div><div id='naslov_bijeli' class='avia-section main_color avia-section-default avia-no-shadow avia-bg-style-scroll  container_wrap sidebar_right'   ><div class='container' ><div class='template-page content  av-content-small alpha units'><div class='post-entry post-entry-type-page post-entry-11820'><div class='entry-content-wrapper clearfix'>\n<div style='padding-bottom:0px;' class='av-special-heading av-special-heading-h1  blockquote modern-quote modern-centered '><h1 class='av-special-heading-tag'  itemprop=\"headline\"  >PROMOCIJA: Jo\u0161ko Bo\u017eani\u0107: Oceanska Hrvatska<\/h1><div class='special-heading-border'><div class='special-heading-inner-border' ><\/div><\/div><\/div>\n<\/div><\/div><\/div><!-- close content main div --><\/div><\/div><div id='after_section_1' class='main_color av_default_container_wrap container_wrap sidebar_right'   ><div class='container' ><div class='template-page content  av-content-small alpha units'><div class='post-entry post-entry-type-page post-entry-11820'><div class='entry-content-wrapper clearfix'>\n<\/div><\/div><\/div><!-- close content main div --><\/div><\/div><div id='mobileprikaz' class='avia-section main_color avia-section-default avia-no-shadow avia-bg-style-scroll  container_wrap sidebar_right' style = 'background-color: #ffffff; '  ><div class='container' ><div class='template-page content  av-content-small alpha units'><div class='post-entry post-entry-type-page post-entry-11820'><div class='entry-content-wrapper clearfix'>\n<div class=\"flex_column av_one_half  flex_column_div av-zero-column-padding first  \" style='border-radius:0px; '><section class=\"av_textblock_section\"  itemscope=\"itemscope\" itemtype=\"https:\/\/schema.org\/CreativeWork\" ><div class='avia_textblock '   itemprop=\"text\" ><h1 class=\"p1\"><strong>Jo\u0161ko Bo\u017eani\u0107: \u201eOceanska Hrvatska\u201c<\/strong><\/h1>\n<h2 style=\"text-align: left;\">predstavlja: Sini\u0161a Vukovi\u0107<\/h2>\n<p>Srijeda, 25.9. \/ 18.00 \/ Velika dvorana<\/p>\n<div style='height:50px' class='hr hr-invisible '><span class='hr-inner ' ><span class='hr-inner-style'><\/span><\/span><\/div>\n<p class=\"p1\"><em><strong>Oceansku Hrvatsku<\/strong> mogao je napisati samo <\/em><strong><em>Jo\u0161ko Bo\u017eani\u0107<\/em>,<\/strong> najve\u0107i poznavatelj hrvatske maritimne kulture i zna\u010daja doprinosa hrvatskih u globalnom ribarstvu pro\u0161log stolje\u0107a.<\/p>\n<p class=\"p1\">Knjiga je summa njegova vi\u0161edesetljetnog bavljenja spomenutim fenomenom. Knjiga znatno nadogra\u0111uje i zaokru\u017euje dosada\u0161nje spoznaje o doprinusu hrvatskih ribara svjetskom ribarstvu, produbljuju\u0107i razumijevanje \u017eivota Hrvata raspr\u0161enih u iseljeni\u010dkim strujama od krajnjeg juga Ju\u017ene Amerike do krajnjeg sjevera Sjeverne Amerike i Australije. Nastala je, dakle, temeljem autorovih dugogodi\u0161njih interdisciplinarnih istra\u017eivanja, ove dosad gotovo neistra\u017eene i nepoznate teme u obimnoj literaturi o hrvatskoj dijaspori diljem svijeta.<\/p>\n<p class=\"p1\">Pisana je dobro prepoznatljivim autorovim stilom koji se odlikuje poetskim izrazom i sposobno\u0161\u0107u da tehni\u010dku materiju prika\u017ee jasnim opisima, \u0161to je jamstvo da \u0107e privu\u0107i i \u0161ire \u010ditateljstvo. Knjiga u velikoj mjeri nadokna\u0111uje zapravo te\u0161ko shvatljivu lakunu u literaturi o ulozi ribara hrvatskoga podrijetla u razvoju svjetskog ribarstva 20. stolje\u0107a, pridonose\u0107i boljem razumijevanju doprinosa malog hrvatskog naroda tehnolo\u0161kom napretku ribarske industrije globalne zajednice. (Josip Belamari\u0107)<\/p>\n<p>Naklada: <a href=\"https:\/\/www.unizd.hr\/\" target=\"_blank\" rel=\"noopener\"><strong>Sveu\u010dili\u0161te u Zadru<\/strong><\/a><\/p>\n<\/div><\/section><\/div><div class=\"flex_column av_one_half  flex_column_div av-zero-column-padding   \" style='border-radius:0px; '><div class='avia-image-container  av-styling- av-hover-grow  avia-align-center '  itemscope=\"itemscope\" itemtype=\"https:\/\/schema.org\/ImageObject\"  ><div class='avia-image-container-inner'><img class='avia_image ' src='https:\/\/mfk.hr\/2024\/wp-content\/uploads\/2024\/09\/oceanska-hrvatska-mfk.jpg' alt='' title=''   itemprop=\"thumbnailUrl\"  \/><\/div><\/div><\/div>\n<\/div><\/div><\/div><!-- close content main div --><\/div><\/div><div id='after_section_2' class='main_color av_default_container_wrap container_wrap sidebar_right'   ><div class='container' ><div class='template-page content  av-content-small alpha units'><div class='post-entry post-entry-type-page post-entry-11820'><div class='entry-content-wrapper clearfix'>\n<\/div><\/div><\/div><!-- close content main div --><\/div><\/div><div id='boxtransparent4' class='avia-section main_color avia-section-no-padding avia-no-border-styling avia-bg-style-scroll  av-minimum-height av-minimum-height-custom container_wrap sidebar_right'   ><div class='container' style='height:50px'><div class='template-page content  av-content-small alpha units'><div class='post-entry post-entry-type-page post-entry-11820'><div class='entry-content-wrapper clearfix'>\n<section class=\"av_textblock_section\"  itemscope=\"itemscope\" itemtype=\"https:\/\/schema.org\/CreativeWork\" ><div class='avia_textblock '   itemprop=\"text\" ><p>AUTOR FOTOGRAFIJE: STIPE SURA\u0106<\/p>\n<\/div><\/section>\n<\/div><\/div><\/div><!-- close content main div --><\/div><\/div><div id='after_section_3' class='main_color av_default_container_wrap container_wrap sidebar_right'   ><div class='container' ><div class='template-page content  av-content-small alpha units'><div class='post-entry post-entry-type-page post-entry-11820'><div class='entry-content-wrapper clearfix'>\n","protected":false},"excerpt":{"rendered":"","protected":false},"author":4,"featured_media":0,"parent":0,"menu_order":0,"comment_status":"closed","ping_status":"closed","template":"","meta":{"footnotes":""},"class_list":["post-11820","page","type-page","status-publish","hentry"],"yoast_head":"<!-- This site is optimized with the Yoast SEO plugin v25.7 - https:\/\/yoast.com\/wordpress\/plugins\/seo\/ -->\n<title>PROMOCIJA: Oceanska Hrvatska - MFK<\/title>\n<meta name=\"robots\" content=\"noindex, follow, max-snippet:-1, max-image-preview:large, max-video-preview:-1\" \/>\n<meta property=\"og:locale\" content=\"hr_HR\" \/>\n<meta property=\"og:type\" content=\"article\" \/>\n<meta property=\"og:title\" content=\"PROMOCIJA: Oceanska Hrvatska - MFK\" \/>\n<meta property=\"og:url\" content=\"https:\/\/mfk.hr\/2024\/oceanska-hrvatska\/\" \/>\n<meta property=\"og:site_name\" content=\"MFK\" \/>\n<meta property=\"article:modified_time\" content=\"2024-09-26T09:32:35+00:00\" \/>\n<meta name=\"twitter:card\" content=\"summary_large_image\" \/>\n<meta name=\"twitter:label1\" content=\"Procijenjeno vrijeme \u010ditanja\" \/>\n\t<meta name=\"twitter:data1\" content=\"2 minute\" \/>\n<script type=\"application\/ld+json\" class=\"yoast-schema-graph\">{\"@context\":\"https:\/\/schema.org\",\"@graph\":[{\"@type\":\"WebPage\",\"@id\":\"https:\/\/mfk.hr\/2024\/oceanska-hrvatska\/\",\"url\":\"https:\/\/mfk.hr\/2024\/oceanska-hrvatska\/\",\"name\":\"PROMOCIJA: Oceanska Hrvatska - MFK\",\"isPartOf\":{\"@id\":\"https:\/\/mfk.hr\/2024\/#website\"},\"datePublished\":\"2024-09-22T17:39:15+00:00\",\"dateModified\":\"2024-09-26T09:32:35+00:00\",\"breadcrumb\":{\"@id\":\"https:\/\/mfk.hr\/2024\/oceanska-hrvatska\/#breadcrumb\"},\"inLanguage\":\"hr\",\"potentialAction\":[{\"@type\":\"ReadAction\",\"target\":[\"https:\/\/mfk.hr\/2024\/oceanska-hrvatska\/\"]}]},{\"@type\":\"BreadcrumbList\",\"@id\":\"https:\/\/mfk.hr\/2024\/oceanska-hrvatska\/#breadcrumb\",\"itemListElement\":[{\"@type\":\"ListItem\",\"position\":1,\"name\":\"Po\u010detna stranica\",\"item\":\"https:\/\/mfk.hr\/2024\/\"},{\"@type\":\"ListItem\",\"position\":2,\"name\":\"PROMOCIJA: Oceanska Hrvatska\"}]},{\"@type\":\"WebSite\",\"@id\":\"https:\/\/mfk.hr\/2024\/#website\",\"url\":\"https:\/\/mfk.hr\/2024\/\",\"name\":\"MFK\",\"description\":\"mediteranski festival knjige\",\"potentialAction\":[{\"@type\":\"SearchAction\",\"target\":{\"@type\":\"EntryPoint\",\"urlTemplate\":\"https:\/\/mfk.hr\/2024\/?s={search_term_string}\"},\"query-input\":{\"@type\":\"PropertyValueSpecification\",\"valueRequired\":true,\"valueName\":\"search_term_string\"}}],\"inLanguage\":\"hr\"}]}<\/script>\n<!-- \/ Yoast SEO plugin. -->","yoast_head_json":{"title":"PROMOCIJA: Oceanska Hrvatska - MFK","robots":{"index":"noindex","follow":"follow","max-snippet":"max-snippet:-1","max-image-preview":"max-image-preview:large","max-video-preview":"max-video-preview:-1"},"og_locale":"hr_HR","og_type":"article","og_title":"PROMOCIJA: Oceanska Hrvatska - MFK","og_url":"https:\/\/mfk.hr\/2024\/oceanska-hrvatska\/","og_site_name":"MFK","article_modified_time":"2024-09-26T09:32:35+00:00","twitter_card":"summary_large_image","twitter_misc":{"Procijenjeno vrijeme \u010ditanja":"2 minute"},"schema":{"@context":"https:\/\/schema.org","@graph":[{"@type":"WebPage","@id":"https:\/\/mfk.hr\/2024\/oceanska-hrvatska\/","url":"https:\/\/mfk.hr\/2024\/oceanska-hrvatska\/","name":"PROMOCIJA: Oceanska Hrvatska - MFK","isPartOf":{"@id":"https:\/\/mfk.hr\/2024\/#website"},"datePublished":"2024-09-22T17:39:15+00:00","dateModified":"2024-09-26T09:32:35+00:00","breadcrumb":{"@id":"https:\/\/mfk.hr\/2024\/oceanska-hrvatska\/#breadcrumb"},"inLanguage":"hr","potentialAction":[{"@type":"ReadAction","target":["https:\/\/mfk.hr\/2024\/oceanska-hrvatska\/"]}]},{"@type":"BreadcrumbList","@id":"https:\/\/mfk.hr\/2024\/oceanska-hrvatska\/#breadcrumb","itemListElement":[{"@type":"ListItem","position":1,"name":"Po\u010detna stranica","item":"https:\/\/mfk.hr\/2024\/"},{"@type":"ListItem","position":2,"name":"PROMOCIJA: Oceanska Hrvatska"}]},{"@type":"WebSite","@id":"https:\/\/mfk.hr\/2024\/#website","url":"https:\/\/mfk.hr\/2024\/","name":"MFK","description":"mediteranski festival knjige","potentialAction":[{"@type":"SearchAction","target":{"@type":"EntryPoint","urlTemplate":"https:\/\/mfk.hr\/2024\/?s={search_term_string}"},"query-input":{"@type":"PropertyValueSpecification","valueRequired":true,"valueName":"search_term_string"}}],"inLanguage":"hr"}]}},"_links":{"self":[{"href":"https:\/\/mfk.hr\/2024\/wp-json\/wp\/v2\/pages\/11820","targetHints":{"allow":["GET"]}}],"collection":[{"href":"https:\/\/mfk.hr\/2024\/wp-json\/wp\/v2\/pages"}],"about":[{"href":"https:\/\/mfk.hr\/2024\/wp-json\/wp\/v2\/types\/page"}],"author":[{"embeddable":true,"href":"https:\/\/mfk.hr\/2024\/wp-json\/wp\/v2\/users\/4"}],"replies":[{"embeddable":true,"href":"https:\/\/mfk.hr\/2024\/wp-json\/wp\/v2\/comments?post=11820"}],"version-history":[{"count":4,"href":"https:\/\/mfk.hr\/2024\/wp-json\/wp\/v2\/pages\/11820\/revisions"}],"predecessor-version":[{"id":12160,"href":"https:\/\/mfk.hr\/2024\/wp-json\/wp\/v2\/pages\/11820\/revisions\/12160"}],"wp:attachment":[{"href":"https:\/\/mfk.hr\/2024\/wp-json\/wp\/v2\/media?parent=11820"}],"curies":[{"name":"wp","href":"https:\/\/api.w.org\/{rel}","templated":true}]}}