{"id":11695,"date":"2024-09-21T13:26:04","date_gmt":"2024-09-21T13:26:04","guid":{"rendered":"https:\/\/mfk.hr\/2024\/?page_id=11695"},"modified":"2024-09-21T14:17:18","modified_gmt":"2024-09-21T14:17:18","slug":"putujemo-na-drugu-planetu","status":"publish","type":"page","link":"https:\/\/mfk.hr\/2024\/putujemo-na-drugu-planetu\/","title":{"rendered":"RADIONICA: Putujemo na drugu planetu"},"content":{"rendered":"<\/div><\/div><\/div><!-- close content main div --><\/div><\/div><div id='naslov_bijeli' class='avia-section main_color avia-section-default avia-no-shadow avia-bg-style-scroll  container_wrap sidebar_right'   ><div class='container' ><div class='template-page content  av-content-small alpha units'><div class='post-entry post-entry-type-page post-entry-11695'><div class='entry-content-wrapper clearfix'>\n<div style='padding-bottom:0px;' class='av-special-heading av-special-heading-h1  blockquote modern-quote modern-centered '><h1 class='av-special-heading-tag'  itemprop=\"headline\"  >Putujemo na drugu planetu<\/h1><div class='special-heading-border'><div class='special-heading-inner-border' ><\/div><\/div><\/div>\n<\/div><\/div><\/div><!-- close content main div --><\/div><\/div><div id='after_section_1' class='main_color av_default_container_wrap container_wrap sidebar_right'   ><div class='container' ><div class='template-page content  av-content-small alpha units'><div class='post-entry post-entry-type-page post-entry-11695'><div class='entry-content-wrapper clearfix'>\n<\/div><\/div><\/div><!-- close content main div --><\/div><\/div><div id='av_section_2' class='avia-section main_color avia-section-default avia-no-shadow avia-bg-style-scroll  container_wrap sidebar_right' style = 'background-color: #ffffff; '  ><div class='container' ><div class='template-page content  av-content-small alpha units'><div class='post-entry post-entry-type-page post-entry-11695'><div class='entry-content-wrapper clearfix'>\n<section class=\"av_textblock_section\"  itemscope=\"itemscope\" itemtype=\"https:\/\/schema.org\/CreativeWork\" ><div class='avia_textblock '   itemprop=\"text\" ><h2>KREATIVNA RADIONICA<\/h2>\n<p><strong>vode:<\/strong> Jasminka Petrovi\u0107, Ana Petrovi\u0107<br \/>\n<strong>trajanje:<\/strong> 60 minuta<br \/>\n<strong>uzrast:<\/strong> 3. i 4. razred osnovne \u0161kole<br \/>\n<strong>termini: <\/strong>petak, 27.9., od 17:30 do 18:30<br \/>\nonline <a href=\"https:\/\/form.jotform.com\/242643841709360\" target=\"_blank\" rel=\"noopener\"><strong>prijava<\/strong><\/a><\/p>\n<hr \/>\n<p>Radionica je zasnovana na knjizi Ho\u0107u ku\u0107i autorice Jasminke Petrovi\u0107 (ilustratorica: Ana Petrovi\u0107).<\/p>\n<p>Zajedno sa glavnim junakom Nikolom, sudionici \u0107e imati priliku putovati na drugu planetu. Tamo upoznaju razli\u010dite biljke, \u017eivotinje, predmete, bi\u0107a, ali i razli\u010dite roditelje. Kroz glumu, crtanje, razgovor i prije svega &#8211; igru, \u0107e se na zabavan i kreativan na\u010din razmatrati odnose izme\u0111u roditelja i djece.<\/p>\n<p><strong>O voditeljicama radionice:<\/strong><\/p>\n<p><strong>Jasminka Petrovi\u0107<\/strong> (1960, Beograd) pi\u0161e za djecu i mlade. Njezine knjige su dvaput bile me\u0111u 200 najboljih dje\u010djih knjiga svijeta i uvr\u0161tene su u katalog White Ravens me\u0111unarodne knji\u017enice za mlade u Mu\u0308nchenu &#8211; roman Ljeto kad sam nau\u010dila letjeti (2016) i kratki roman za po\u010detnike u \u010ditanju Ho\u0107u ku\u0107i (2017).<br \/>\nKnjige su joj prevedene na vi\u0161e od trideset jezika. Prema nekima su nastale predstave koje se izvode u kazali\u0161tima za djecu a tako\u0111e su snimljena dva igrana filma.<\/p>\n<p><strong>Ana Petrovi\u0107<\/strong> (1989, Beograd) bavi se ilustriranjem knjiga i drugih izdanja za djecu i odrasle. Do sada potpisuje preko trideset naslova. Diplomirala je na Fakultetu primenjenih umetnosti u Beogradu 2012. Godinu dana kasnije na istom fakultetu zavr\u0161ila je magistarski studij, modul &#8211; primijenjena grafika, atelje grafike i knjige, predmet \u2013 ilustracija.<\/p>\n<\/div><\/section>\n<div class='avia-gallery avia-gallery-1 deactivate_avia_lazyload avia_animate_when_visible '  itemscope=\"itemscope\" itemtype=\"https:\/\/schema.org\/ImageObject\" ><div class='avia-gallery-thumb'> <a href='https:\/\/mfk.hr\/2024\/wp-content\/uploads\/2024\/09\/hocu-kuci-mfk-1.png' data-rel='gallery-1' data-prev-img='https:\/\/mfk.hr\/2024\/wp-content\/uploads\/2024\/09\/hocu-kuci-mfk-1-495x400.png' class='first_thumb avianolink noLightbox ' data-onclick='1' title=''  itemprop=\"thumbnailUrl\" ><img  src='https:\/\/mfk.hr\/2024\/wp-content\/uploads\/2024\/09\/hocu-kuci-mfk-1-495x400.png' width='495' height='400'  title='hocu-kuci-mfk (1)' alt='' \/><\/a> <a href='https:\/\/mfk.hr\/2024\/wp-content\/uploads\/2024\/09\/jasminka-petrovic-mfk.jpg' data-rel='gallery-1' data-prev-img='https:\/\/mfk.hr\/2024\/wp-content\/uploads\/2024\/09\/jasminka-petrovic-mfk-495x400.jpg' class='avianolink noLightbox ' data-onclick='2' title=''  itemprop=\"thumbnailUrl\" ><img  src='https:\/\/mfk.hr\/2024\/wp-content\/uploads\/2024\/09\/jasminka-petrovic-mfk-495x400.jpg' width='495' height='400'  title='jasminka-petrovic-mfk' alt='' \/><\/a> <a href='https:\/\/mfk.hr\/2024\/wp-content\/uploads\/2024\/09\/ana-petrovic-mfk.jpeg' data-rel='gallery-1' data-prev-img='https:\/\/mfk.hr\/2024\/wp-content\/uploads\/2024\/09\/ana-petrovic-mfk-495x400.jpeg' class='avianolink noLightbox ' data-onclick='3' title=''  itemprop=\"thumbnailUrl\" ><img  src='https:\/\/mfk.hr\/2024\/wp-content\/uploads\/2024\/09\/ana-petrovic-mfk-495x400.jpeg' width='495' height='400'  title='ana petrovic - mfk' alt='' \/><\/a><\/div><\/div>\n<\/div><\/div><\/div><!-- close content main div --><\/div><\/div><div id='after_section_2' class='main_color av_default_container_wrap container_wrap sidebar_right'   ><div class='container' ><div class='template-page content  av-content-small alpha units'><div class='post-entry post-entry-type-page post-entry-11695'><div class='entry-content-wrapper clearfix'><\/div><\/div><\/div><!-- close content main div --><\/div><\/div><div id='boxtransparent4' class='avia-section main_color avia-section-no-padding avia-no-border-styling avia-bg-style-scroll  av-minimum-height av-minimum-height-custom container_wrap sidebar_right'   ><div class='container' style='height:50px'><div class='template-page content  av-content-small alpha units'><div class='post-entry post-entry-type-page post-entry-11695'><div class='entry-content-wrapper clearfix'>\n<section class=\"av_textblock_section\"  itemscope=\"itemscope\" itemtype=\"https:\/\/schema.org\/CreativeWork\" ><div class='avia_textblock '   itemprop=\"text\" ><p>AUTOR FOTOGRAFIJE: STIPE SURA\u0106<\/p>\n<\/div><\/section>\n<\/div><\/div><\/div><!-- close content main div --><\/div><\/div><div id='after_section_3' class='main_color av_default_container_wrap container_wrap sidebar_right'   ><div class='container' ><div class='template-page content  av-content-small alpha units'><div class='post-entry post-entry-type-page post-entry-11695'><div class='entry-content-wrapper clearfix'><\/p>\n","protected":false},"excerpt":{"rendered":"","protected":false},"author":4,"featured_media":0,"parent":0,"menu_order":0,"comment_status":"closed","ping_status":"closed","template":"","meta":{"footnotes":""},"class_list":["post-11695","page","type-page","status-publish","hentry"],"yoast_head":"<!-- This site is optimized with the Yoast SEO plugin v25.7 - https:\/\/yoast.com\/wordpress\/plugins\/seo\/ -->\n<title>RADIONICA: Putujemo na drugu planetu - MFK<\/title>\n<meta name=\"robots\" content=\"noindex, follow, max-snippet:-1, max-image-preview:large, max-video-preview:-1\" \/>\n<meta property=\"og:locale\" content=\"hr_HR\" \/>\n<meta property=\"og:type\" content=\"article\" \/>\n<meta property=\"og:title\" content=\"RADIONICA: Putujemo na drugu planetu - MFK\" \/>\n<meta property=\"og:url\" content=\"https:\/\/mfk.hr\/2024\/putujemo-na-drugu-planetu\/\" \/>\n<meta property=\"og:site_name\" content=\"MFK\" \/>\n<meta property=\"article:modified_time\" content=\"2024-09-21T14:17:18+00:00\" \/>\n<meta name=\"twitter:card\" content=\"summary_large_image\" \/>\n<meta name=\"twitter:label1\" content=\"Procijenjeno vrijeme \u010ditanja\" \/>\n\t<meta name=\"twitter:data1\" content=\"2 minute\" \/>\n<script type=\"application\/ld+json\" class=\"yoast-schema-graph\">{\"@context\":\"https:\/\/schema.org\",\"@graph\":[{\"@type\":\"WebPage\",\"@id\":\"https:\/\/mfk.hr\/2024\/putujemo-na-drugu-planetu\/\",\"url\":\"https:\/\/mfk.hr\/2024\/putujemo-na-drugu-planetu\/\",\"name\":\"RADIONICA: Putujemo na drugu planetu - MFK\",\"isPartOf\":{\"@id\":\"https:\/\/mfk.hr\/2024\/#website\"},\"datePublished\":\"2024-09-21T13:26:04+00:00\",\"dateModified\":\"2024-09-21T14:17:18+00:00\",\"breadcrumb\":{\"@id\":\"https:\/\/mfk.hr\/2024\/putujemo-na-drugu-planetu\/#breadcrumb\"},\"inLanguage\":\"hr\",\"potentialAction\":[{\"@type\":\"ReadAction\",\"target\":[\"https:\/\/mfk.hr\/2024\/putujemo-na-drugu-planetu\/\"]}]},{\"@type\":\"BreadcrumbList\",\"@id\":\"https:\/\/mfk.hr\/2024\/putujemo-na-drugu-planetu\/#breadcrumb\",\"itemListElement\":[{\"@type\":\"ListItem\",\"position\":1,\"name\":\"Po\u010detna stranica\",\"item\":\"https:\/\/mfk.hr\/2024\/\"},{\"@type\":\"ListItem\",\"position\":2,\"name\":\"RADIONICA: Putujemo na drugu planetu\"}]},{\"@type\":\"WebSite\",\"@id\":\"https:\/\/mfk.hr\/2024\/#website\",\"url\":\"https:\/\/mfk.hr\/2024\/\",\"name\":\"MFK\",\"description\":\"mediteranski festival knjige\",\"potentialAction\":[{\"@type\":\"SearchAction\",\"target\":{\"@type\":\"EntryPoint\",\"urlTemplate\":\"https:\/\/mfk.hr\/2024\/?s={search_term_string}\"},\"query-input\":{\"@type\":\"PropertyValueSpecification\",\"valueRequired\":true,\"valueName\":\"search_term_string\"}}],\"inLanguage\":\"hr\"}]}<\/script>\n<!-- \/ Yoast SEO plugin. -->","yoast_head_json":{"title":"RADIONICA: Putujemo na drugu planetu - MFK","robots":{"index":"noindex","follow":"follow","max-snippet":"max-snippet:-1","max-image-preview":"max-image-preview:large","max-video-preview":"max-video-preview:-1"},"og_locale":"hr_HR","og_type":"article","og_title":"RADIONICA: Putujemo na drugu planetu - MFK","og_url":"https:\/\/mfk.hr\/2024\/putujemo-na-drugu-planetu\/","og_site_name":"MFK","article_modified_time":"2024-09-21T14:17:18+00:00","twitter_card":"summary_large_image","twitter_misc":{"Procijenjeno vrijeme \u010ditanja":"2 minute"},"schema":{"@context":"https:\/\/schema.org","@graph":[{"@type":"WebPage","@id":"https:\/\/mfk.hr\/2024\/putujemo-na-drugu-planetu\/","url":"https:\/\/mfk.hr\/2024\/putujemo-na-drugu-planetu\/","name":"RADIONICA: Putujemo na drugu planetu - MFK","isPartOf":{"@id":"https:\/\/mfk.hr\/2024\/#website"},"datePublished":"2024-09-21T13:26:04+00:00","dateModified":"2024-09-21T14:17:18+00:00","breadcrumb":{"@id":"https:\/\/mfk.hr\/2024\/putujemo-na-drugu-planetu\/#breadcrumb"},"inLanguage":"hr","potentialAction":[{"@type":"ReadAction","target":["https:\/\/mfk.hr\/2024\/putujemo-na-drugu-planetu\/"]}]},{"@type":"BreadcrumbList","@id":"https:\/\/mfk.hr\/2024\/putujemo-na-drugu-planetu\/#breadcrumb","itemListElement":[{"@type":"ListItem","position":1,"name":"Po\u010detna stranica","item":"https:\/\/mfk.hr\/2024\/"},{"@type":"ListItem","position":2,"name":"RADIONICA: Putujemo na drugu planetu"}]},{"@type":"WebSite","@id":"https:\/\/mfk.hr\/2024\/#website","url":"https:\/\/mfk.hr\/2024\/","name":"MFK","description":"mediteranski festival knjige","potentialAction":[{"@type":"SearchAction","target":{"@type":"EntryPoint","urlTemplate":"https:\/\/mfk.hr\/2024\/?s={search_term_string}"},"query-input":{"@type":"PropertyValueSpecification","valueRequired":true,"valueName":"search_term_string"}}],"inLanguage":"hr"}]}},"_links":{"self":[{"href":"https:\/\/mfk.hr\/2024\/wp-json\/wp\/v2\/pages\/11695","targetHints":{"allow":["GET"]}}],"collection":[{"href":"https:\/\/mfk.hr\/2024\/wp-json\/wp\/v2\/pages"}],"about":[{"href":"https:\/\/mfk.hr\/2024\/wp-json\/wp\/v2\/types\/page"}],"author":[{"embeddable":true,"href":"https:\/\/mfk.hr\/2024\/wp-json\/wp\/v2\/users\/4"}],"replies":[{"embeddable":true,"href":"https:\/\/mfk.hr\/2024\/wp-json\/wp\/v2\/comments?post=11695"}],"version-history":[{"count":5,"href":"https:\/\/mfk.hr\/2024\/wp-json\/wp\/v2\/pages\/11695\/revisions"}],"predecessor-version":[{"id":11715,"href":"https:\/\/mfk.hr\/2024\/wp-json\/wp\/v2\/pages\/11695\/revisions\/11715"}],"wp:attachment":[{"href":"https:\/\/mfk.hr\/2024\/wp-json\/wp\/v2\/media?parent=11695"}],"curies":[{"name":"wp","href":"https:\/\/api.w.org\/{rel}","templated":true}]}}