{"id":11334,"date":"2024-09-15T22:02:45","date_gmt":"2024-09-15T22:02:45","guid":{"rendered":"https:\/\/mfk.hr\/2024\/?page_id=11334"},"modified":"2024-09-16T18:06:08","modified_gmt":"2024-09-16T18:06:08","slug":"stem-i-art-idu-skupa","status":"publish","type":"page","link":"https:\/\/mfk.hr\/2024\/stem-i-art-idu-skupa\/","title":{"rendered":"RADIONICA: STEM I ART IDU SKUPA"},"content":{"rendered":"<\/div><\/div><\/div><!-- close content main div --><\/div><\/div><div id='naslov_bijeli' class='avia-section main_color avia-section-default avia-no-shadow avia-bg-style-scroll  container_wrap sidebar_right'   ><div class='container' ><div class='template-page content  av-content-small alpha units'><div class='post-entry post-entry-type-page post-entry-11334'><div class='entry-content-wrapper clearfix'>\n<div style='padding-bottom:0px;' class='av-special-heading av-special-heading-h1  blockquote modern-quote modern-centered '><h1 class='av-special-heading-tag'  itemprop=\"headline\"  >STEM I ART IDU SKUPA<\/h1><div class='special-heading-border'><div class='special-heading-inner-border' ><\/div><\/div><\/div>\n<\/div><\/div><\/div><!-- close content main div --><\/div><\/div><div id='after_section_1' class='main_color av_default_container_wrap container_wrap sidebar_right'   ><div class='container' ><div class='template-page content  av-content-small alpha units'><div class='post-entry post-entry-type-page post-entry-11334'><div class='entry-content-wrapper clearfix'>\n<\/div><\/div><\/div><!-- close content main div --><\/div><\/div><div id='av_section_2' class='avia-section main_color avia-section-default avia-no-shadow avia-bg-style-scroll  container_wrap sidebar_right' style = 'background-color: #ffffff; '  ><div class='container' ><div class='template-page content  av-content-small alpha units'><div class='post-entry post-entry-type-page post-entry-11334'><div class='entry-content-wrapper clearfix'>\n<section class=\"av_textblock_section\"  itemscope=\"itemscope\" itemtype=\"https:\/\/schema.org\/CreativeWork\" ><div class='avia_textblock '   itemprop=\"text\" ><h2>STEM RADIONICA<\/h2>\n<p><strong>vode:<\/strong> Iva Vrdoljak i Svjetlana Toj\u010di\u0107<br \/>\n<strong>uzrast: <\/strong>1. &#8211; 4. razred osnovne \u0161kole<strong><br \/>\ntrajanje:<\/strong> 60 minuta<br \/>\n<strong>termin: <\/strong>17.30 &#8211; 18.30<br \/>\nonline <strong><a href=\"https:\/\/form.jotform.com\/242594682504361\" target=\"_blank\" rel=\"noopener\">prijava<\/a><\/strong><\/p>\n<hr \/>\n<p><strong>O udruzi Eureka i voditeljicama radionice:<\/strong><\/p>\n<p><strong>Eureka<\/strong> je udruga za popularizaciju znanosti koja djecu od 3 do 12 godina uz pokuse, istra\u017eivanja i zabavu uvodi u svijet znanosti.<\/p>\n<p>Otvaraju vrata znanosti svima, poti\u010du\u0107i znati\u017eelju i interes za matematiku, fiziku te srodne znanosti, te odr\u017eavaju redovite edukativne radionice, gdje sudionici imaju priliku istra\u017eivati svijet znanosti na interaktivan i stimuliraju\u0107i na\u010din. Udruga je fokusirana na razvoj djece i mladih kroz aktivnosti koje poti\u010du kriti\u010dko razmi\u0161ljanje i analiti\u010dki pristup znanstvenim konceptima.<\/p>\n<p><strong>Iva Vrdoljak<\/strong>\u00a0je magistra fizike koja aktivno radi na svojoj tituli doktorice prirodnih znanosti, kao mlada znanstvenica na Institutu Ru\u0111er Bo\u0161kovi\u0107. Posve\u0107ena je istra\u017eivanju i edukaciji, te redovito svojim predavanjima sudjeluje u projektima, konferencijama i edukacijama za obrazovne djelatnike, kako u Hrvatskoj tako i izvan nje.<br \/>\nNjezino stru\u010dno znanje, ali i posve\u0107enost i entuzijazam pru\u017eaju novu dimenziju STEM radionicama, a osim toga imaju i pozitivan utjecaj na \u017eelju djece za bavljenjem znano\u0161\u0107u, koji nerijetko nakon sudjelovanja u radionicama imaju \u017eelju &#8220;biti znanstvenici kao teta Iva&#8221;.<\/p>\n<p><strong>Svjetlana Toj\u010di\u0107<\/strong> ima vi\u0161e od 25 godina iskustva rada s djecom kao profesorica matematike i fizike, te je sudjelovala u nizu doma\u0107ih i me\u0111unarodnih projekata, Erasmus programa i Festivala znanosti, gdje je s ponosom predstavljala svoje talentirane u\u010denike i njihove projekte. Njezino ime zaslu\u017eeno je krasilo listu najboljih nastavnika u Republici Hrvatskoj, a njezina strast prema STEM podru\u010dju i pozitivna energija su zarazni, pa je najmla\u0111i od milja zovu i \u201cteta Svjeklana\u201d.<\/p>\n<\/div><\/section>\n<\/div><\/div><\/div><!-- close content main div --><\/div><\/div><div id='after_section_2' class='main_color av_default_container_wrap container_wrap sidebar_right'   ><div class='container' ><div class='template-page content  av-content-small alpha units'><div class='post-entry post-entry-type-page post-entry-11334'><div class='entry-content-wrapper clearfix'><\/div><\/div><\/div><!-- close content main div --><\/div><\/div><div id='boxtransparent4' class='avia-section main_color avia-section-no-padding avia-no-border-styling avia-bg-style-scroll  av-minimum-height av-minimum-height-custom container_wrap sidebar_right'   ><div class='container' style='height:50px'><div class='template-page content  av-content-small alpha units'><div class='post-entry post-entry-type-page post-entry-11334'><div class='entry-content-wrapper clearfix'>\n<section class=\"av_textblock_section\"  itemscope=\"itemscope\" itemtype=\"https:\/\/schema.org\/CreativeWork\" ><div class='avia_textblock '   itemprop=\"text\" ><p>AUTOR FOTOGRAFIJE: STIPE SURA\u0106<\/p>\n<\/div><\/section>\n<\/div><\/div><\/div><!-- close content main div --><\/div><\/div><div id='after_section_3' class='main_color av_default_container_wrap container_wrap sidebar_right'   ><div class='container' ><div class='template-page content  av-content-small alpha units'><div class='post-entry post-entry-type-page post-entry-11334'><div class='entry-content-wrapper clearfix'><\/p>\n","protected":false},"excerpt":{"rendered":"","protected":false},"author":4,"featured_media":0,"parent":0,"menu_order":0,"comment_status":"closed","ping_status":"closed","template":"","meta":{"footnotes":""},"class_list":["post-11334","page","type-page","status-publish","hentry"],"yoast_head":"<!-- This site is optimized with the Yoast SEO plugin v25.7 - https:\/\/yoast.com\/wordpress\/plugins\/seo\/ -->\n<title>RADIONICA: STEM I ART IDU SKUPA - MFK<\/title>\n<meta name=\"robots\" content=\"noindex, follow, max-snippet:-1, max-image-preview:large, max-video-preview:-1\" \/>\n<meta property=\"og:locale\" content=\"hr_HR\" \/>\n<meta property=\"og:type\" content=\"article\" \/>\n<meta property=\"og:title\" content=\"RADIONICA: STEM I ART IDU SKUPA - MFK\" \/>\n<meta property=\"og:url\" content=\"https:\/\/mfk.hr\/2024\/stem-i-art-idu-skupa\/\" \/>\n<meta property=\"og:site_name\" content=\"MFK\" \/>\n<meta property=\"article:modified_time\" content=\"2024-09-16T18:06:08+00:00\" \/>\n<meta name=\"twitter:card\" content=\"summary_large_image\" \/>\n<meta name=\"twitter:label1\" content=\"Procijenjeno vrijeme \u010ditanja\" \/>\n\t<meta name=\"twitter:data1\" content=\"3 minute\" \/>\n<script type=\"application\/ld+json\" class=\"yoast-schema-graph\">{\"@context\":\"https:\/\/schema.org\",\"@graph\":[{\"@type\":\"WebPage\",\"@id\":\"https:\/\/mfk.hr\/2024\/stem-i-art-idu-skupa\/\",\"url\":\"https:\/\/mfk.hr\/2024\/stem-i-art-idu-skupa\/\",\"name\":\"RADIONICA: STEM I ART IDU SKUPA - MFK\",\"isPartOf\":{\"@id\":\"https:\/\/mfk.hr\/2024\/#website\"},\"datePublished\":\"2024-09-15T22:02:45+00:00\",\"dateModified\":\"2024-09-16T18:06:08+00:00\",\"breadcrumb\":{\"@id\":\"https:\/\/mfk.hr\/2024\/stem-i-art-idu-skupa\/#breadcrumb\"},\"inLanguage\":\"hr\",\"potentialAction\":[{\"@type\":\"ReadAction\",\"target\":[\"https:\/\/mfk.hr\/2024\/stem-i-art-idu-skupa\/\"]}]},{\"@type\":\"BreadcrumbList\",\"@id\":\"https:\/\/mfk.hr\/2024\/stem-i-art-idu-skupa\/#breadcrumb\",\"itemListElement\":[{\"@type\":\"ListItem\",\"position\":1,\"name\":\"Po\u010detna stranica\",\"item\":\"https:\/\/mfk.hr\/2024\/\"},{\"@type\":\"ListItem\",\"position\":2,\"name\":\"RADIONICA: STEM I ART IDU SKUPA\"}]},{\"@type\":\"WebSite\",\"@id\":\"https:\/\/mfk.hr\/2024\/#website\",\"url\":\"https:\/\/mfk.hr\/2024\/\",\"name\":\"MFK\",\"description\":\"mediteranski festival knjige\",\"potentialAction\":[{\"@type\":\"SearchAction\",\"target\":{\"@type\":\"EntryPoint\",\"urlTemplate\":\"https:\/\/mfk.hr\/2024\/?s={search_term_string}\"},\"query-input\":{\"@type\":\"PropertyValueSpecification\",\"valueRequired\":true,\"valueName\":\"search_term_string\"}}],\"inLanguage\":\"hr\"}]}<\/script>\n<!-- \/ Yoast SEO plugin. -->","yoast_head_json":{"title":"RADIONICA: STEM I ART IDU SKUPA - MFK","robots":{"index":"noindex","follow":"follow","max-snippet":"max-snippet:-1","max-image-preview":"max-image-preview:large","max-video-preview":"max-video-preview:-1"},"og_locale":"hr_HR","og_type":"article","og_title":"RADIONICA: STEM I ART IDU SKUPA - MFK","og_url":"https:\/\/mfk.hr\/2024\/stem-i-art-idu-skupa\/","og_site_name":"MFK","article_modified_time":"2024-09-16T18:06:08+00:00","twitter_card":"summary_large_image","twitter_misc":{"Procijenjeno vrijeme \u010ditanja":"3 minute"},"schema":{"@context":"https:\/\/schema.org","@graph":[{"@type":"WebPage","@id":"https:\/\/mfk.hr\/2024\/stem-i-art-idu-skupa\/","url":"https:\/\/mfk.hr\/2024\/stem-i-art-idu-skupa\/","name":"RADIONICA: STEM I ART IDU SKUPA - MFK","isPartOf":{"@id":"https:\/\/mfk.hr\/2024\/#website"},"datePublished":"2024-09-15T22:02:45+00:00","dateModified":"2024-09-16T18:06:08+00:00","breadcrumb":{"@id":"https:\/\/mfk.hr\/2024\/stem-i-art-idu-skupa\/#breadcrumb"},"inLanguage":"hr","potentialAction":[{"@type":"ReadAction","target":["https:\/\/mfk.hr\/2024\/stem-i-art-idu-skupa\/"]}]},{"@type":"BreadcrumbList","@id":"https:\/\/mfk.hr\/2024\/stem-i-art-idu-skupa\/#breadcrumb","itemListElement":[{"@type":"ListItem","position":1,"name":"Po\u010detna stranica","item":"https:\/\/mfk.hr\/2024\/"},{"@type":"ListItem","position":2,"name":"RADIONICA: STEM I ART IDU SKUPA"}]},{"@type":"WebSite","@id":"https:\/\/mfk.hr\/2024\/#website","url":"https:\/\/mfk.hr\/2024\/","name":"MFK","description":"mediteranski festival knjige","potentialAction":[{"@type":"SearchAction","target":{"@type":"EntryPoint","urlTemplate":"https:\/\/mfk.hr\/2024\/?s={search_term_string}"},"query-input":{"@type":"PropertyValueSpecification","valueRequired":true,"valueName":"search_term_string"}}],"inLanguage":"hr"}]}},"_links":{"self":[{"href":"https:\/\/mfk.hr\/2024\/wp-json\/wp\/v2\/pages\/11334","targetHints":{"allow":["GET"]}}],"collection":[{"href":"https:\/\/mfk.hr\/2024\/wp-json\/wp\/v2\/pages"}],"about":[{"href":"https:\/\/mfk.hr\/2024\/wp-json\/wp\/v2\/types\/page"}],"author":[{"embeddable":true,"href":"https:\/\/mfk.hr\/2024\/wp-json\/wp\/v2\/users\/4"}],"replies":[{"embeddable":true,"href":"https:\/\/mfk.hr\/2024\/wp-json\/wp\/v2\/comments?post=11334"}],"version-history":[{"count":4,"href":"https:\/\/mfk.hr\/2024\/wp-json\/wp\/v2\/pages\/11334\/revisions"}],"predecessor-version":[{"id":11562,"href":"https:\/\/mfk.hr\/2024\/wp-json\/wp\/v2\/pages\/11334\/revisions\/11562"}],"wp:attachment":[{"href":"https:\/\/mfk.hr\/2024\/wp-json\/wp\/v2\/media?parent=11334"}],"curies":[{"name":"wp","href":"https:\/\/api.w.org\/{rel}","templated":true}]}}