{"id":11307,"date":"2024-09-15T21:15:03","date_gmt":"2024-09-15T21:15:03","guid":{"rendered":"https:\/\/mfk.hr\/2024\/?page_id=11307"},"modified":"2024-09-22T17:03:54","modified_gmt":"2024-09-22T17:03:54","slug":"radionica-mastaonica","status":"publish","type":"page","link":"https:\/\/mfk.hr\/2024\/radionica-mastaonica\/","title":{"rendered":"RADIONICA: Ma\u0161taonica 2024"},"content":{"rendered":"<\/div><\/div><\/div><!-- close content main div --><\/div><\/div><div id='naslov_bijeli' class='avia-section main_color avia-section-default avia-no-shadow avia-bg-style-scroll  container_wrap sidebar_right'   ><div class='container' ><div class='template-page content  av-content-small alpha units'><div class='post-entry post-entry-type-page post-entry-11307'><div class='entry-content-wrapper clearfix'>\n<div style='padding-bottom:0px;' class='av-special-heading av-special-heading-h1  blockquote modern-quote modern-centered '><h1 class='av-special-heading-tag'  itemprop=\"headline\"  >Ma\u0161taonica<\/h1><div class='special-heading-border'><div class='special-heading-inner-border' ><\/div><\/div><\/div>\n<\/div><\/div><\/div><!-- close content main div --><\/div><\/div><div id='after_section_1' class='main_color av_default_container_wrap container_wrap sidebar_right'   ><div class='container' ><div class='template-page content  av-content-small alpha units'><div class='post-entry post-entry-type-page post-entry-11307'><div class='entry-content-wrapper clearfix'>\n<\/div><\/div><\/div><!-- close content main div --><\/div><\/div><div id='av_section_2' class='avia-section main_color avia-section-default avia-no-shadow avia-bg-style-scroll  container_wrap sidebar_right' style = 'background-color: #ffffff; '  ><div class='container' ><div class='template-page content  av-content-small alpha units'><div class='post-entry post-entry-type-page post-entry-11307'><div class='entry-content-wrapper clearfix'>\n<section class=\"av_textblock_section\"  itemscope=\"itemscope\" itemtype=\"https:\/\/schema.org\/CreativeWork\" ><div class='avia_textblock '   itemprop=\"text\" ><h2>KREATIVNA RADIONICA<\/h2>\n<p><strong>vodi:<\/strong> Slavica Mihotovi\u0107<br \/>\n<strong>trajanje:<\/strong> 60 minuta<br \/>\n<strong>uzrast:<\/strong> 5 do 10 godina<br \/>\n<strong>termini:<\/strong><br \/>\n&#8211; srijeda, 25.9., od 18.00 do 19 sati<br \/>\n&#8211; \u010detvrtak, 26.9., petak ,27.9., subota, 28.9., od 19.00 do 20.00 sati<br \/>\n&#8211; nedjelja, 29.9. od 18.00 do 19.00 sati<br \/>\n<em><strong>nije potrebna prijava<\/strong><\/em><\/p>\n<hr \/>\n<p><strong>Cilj<\/strong> radionice je osvijestiti vlasititu ulogu u \u201e\u010dinjenju svijeta boljim mjestom\u201c \u2013 kako kroz odnose, obiteljske i prijateljske, kao i nasumi\u010dne \u2013 pomo\u0107 potrebitom susjedu, prosjaku, osobi u nevolji, tako i kroz odnos prema prirodi i okoli\u0161u u kom se nalazimo.<\/p>\n<p><strong>Teme:<\/strong> ma\u0161ta, pomaganje, razumijevanje, empatija, volontiranje, okoli\u0161, o\u010duvanje prirode, recikliranje.<br \/>\n<strong>Metode:<\/strong> izlaganje, razgovor, crtanje, pisanje.<br \/>\n<strong>Materijali:<\/strong> 37 slika neimenovanih motiva (animiranih, prilago\u0111enih dje\u010djoj dobi) \u2013 koje<br \/>\ndjeca samostalno probiru i povezuju u cjelinu te tako stvaraju svoju pri\u010du o \u010dinovima<br \/>\ndobrote.<\/p>\n<p><strong>O voditeljici radionice:<\/strong><\/p>\n<p><strong>Slavica Mihotovi\u0107<\/strong> je magistra edukacije Hrvatskog jezika i knji\u017eevnosti i Filozofije, te uskoro i diplomirana socijalna radnica. Dugogodi\u0161nje iskustvo u radu s djecom i mladima je stekla kroz volonterski rad (izvi\u0111a\u010dke skupine, vr\u0161nja\u010dka pomo\u0107 u udruzi MoSt), te kroz profesionalni rad u osnovnim i srednjim \u0161kolama kao profesorica Hrvatskog jezika, Osnova komunikologije, Filozofije, Etike i Logike, te kao u\u010diteljica u Centru za autizam.<\/p>\n<p>Trenutno radi kao voditeljica Produ\u017eenog stu\u010dnog postupka pri Centru za pru\u017eanje usluga u zajednici.<\/p>\n<\/div><\/section>\n<div class='avia-gallery avia-gallery-1 deactivate_avia_lazyload avia_animate_when_visible '  itemscope=\"itemscope\" itemtype=\"https:\/\/schema.org\/ImageObject\" ><div class='avia-gallery-thumb'> <a href='https:\/\/mfk.hr\/2024\/wp-content\/uploads\/2024\/09\/mastaonica_mfk-.jpg' data-rel='gallery-1' data-prev-img='https:\/\/mfk.hr\/2024\/wp-content\/uploads\/2024\/09\/mastaonica_mfk--495x400.jpg' class='first_thumb avianolink noLightbox ' data-onclick='1' title=''  itemprop=\"thumbnailUrl\" ><img  src='https:\/\/mfk.hr\/2024\/wp-content\/uploads\/2024\/09\/mastaonica_mfk--495x400.jpg' width='495' height='400'  title='mastaonica_mfk-' alt='' \/><\/a> <a href='https:\/\/mfk.hr\/2024\/wp-content\/uploads\/2024\/09\/mastaonica_mfk-1-1.jpg' data-rel='gallery-1' data-prev-img='https:\/\/mfk.hr\/2024\/wp-content\/uploads\/2024\/09\/mastaonica_mfk-1-1-495x400.jpg' class='avianolink noLightbox ' data-onclick='2' title=''  itemprop=\"thumbnailUrl\" ><img  src='https:\/\/mfk.hr\/2024\/wp-content\/uploads\/2024\/09\/mastaonica_mfk-1-1-495x400.jpg' width='495' height='400'  title='mastaonica_mfk-1' alt='' \/><\/a><\/div><\/div>\n<\/div><\/div><\/div><!-- close content main div --><\/div><\/div><div id='after_section_2' class='main_color av_default_container_wrap container_wrap sidebar_right'   ><div class='container' ><div class='template-page content  av-content-small alpha units'><div class='post-entry post-entry-type-page post-entry-11307'><div class='entry-content-wrapper clearfix'><\/div><\/div><\/div><!-- close content main div --><\/div><\/div><div id='boxtransparent4' class='avia-section main_color avia-section-no-padding avia-no-border-styling avia-bg-style-scroll  av-minimum-height av-minimum-height-custom container_wrap sidebar_right'   ><div class='container' style='height:50px'><div class='template-page content  av-content-small alpha units'><div class='post-entry post-entry-type-page post-entry-11307'><div class='entry-content-wrapper clearfix'>\n<section class=\"av_textblock_section\"  itemscope=\"itemscope\" itemtype=\"https:\/\/schema.org\/CreativeWork\" ><div class='avia_textblock '   itemprop=\"text\" ><p>AUTOR FOTOGRAFIJE: STIPE SURA\u0106<\/p>\n<\/div><\/section>\n<\/div><\/div><\/div><!-- close content main div --><\/div><\/div><div id='after_section_3' class='main_color av_default_container_wrap container_wrap sidebar_right'   ><div class='container' ><div class='template-page content  av-content-small alpha units'><div class='post-entry post-entry-type-page post-entry-11307'><div class='entry-content-wrapper clearfix'><\/p>\n","protected":false},"excerpt":{"rendered":"","protected":false},"author":4,"featured_media":0,"parent":0,"menu_order":0,"comment_status":"closed","ping_status":"closed","template":"","meta":{"footnotes":""},"class_list":["post-11307","page","type-page","status-publish","hentry"],"yoast_head":"<!-- This site is optimized with the Yoast SEO plugin v25.7 - https:\/\/yoast.com\/wordpress\/plugins\/seo\/ -->\n<title>RADIONICA: Ma\u0161taonica 2024 - MFK<\/title>\n<meta name=\"robots\" content=\"noindex, follow, max-snippet:-1, max-image-preview:large, max-video-preview:-1\" \/>\n<meta property=\"og:locale\" content=\"hr_HR\" \/>\n<meta property=\"og:type\" content=\"article\" \/>\n<meta property=\"og:title\" content=\"RADIONICA: Ma\u0161taonica 2024 - MFK\" \/>\n<meta property=\"og:url\" content=\"https:\/\/mfk.hr\/2024\/radionica-mastaonica\/\" \/>\n<meta property=\"og:site_name\" content=\"MFK\" \/>\n<meta property=\"article:modified_time\" content=\"2024-09-22T17:03:54+00:00\" \/>\n<meta name=\"twitter:card\" content=\"summary_large_image\" \/>\n<meta name=\"twitter:label1\" content=\"Procijenjeno vrijeme \u010ditanja\" \/>\n\t<meta name=\"twitter:data1\" content=\"2 minute\" \/>\n<script type=\"application\/ld+json\" class=\"yoast-schema-graph\">{\"@context\":\"https:\/\/schema.org\",\"@graph\":[{\"@type\":\"WebPage\",\"@id\":\"https:\/\/mfk.hr\/2024\/radionica-mastaonica\/\",\"url\":\"https:\/\/mfk.hr\/2024\/radionica-mastaonica\/\",\"name\":\"RADIONICA: Ma\u0161taonica 2024 - MFK\",\"isPartOf\":{\"@id\":\"https:\/\/mfk.hr\/2024\/#website\"},\"datePublished\":\"2024-09-15T21:15:03+00:00\",\"dateModified\":\"2024-09-22T17:03:54+00:00\",\"breadcrumb\":{\"@id\":\"https:\/\/mfk.hr\/2024\/radionica-mastaonica\/#breadcrumb\"},\"inLanguage\":\"hr\",\"potentialAction\":[{\"@type\":\"ReadAction\",\"target\":[\"https:\/\/mfk.hr\/2024\/radionica-mastaonica\/\"]}]},{\"@type\":\"BreadcrumbList\",\"@id\":\"https:\/\/mfk.hr\/2024\/radionica-mastaonica\/#breadcrumb\",\"itemListElement\":[{\"@type\":\"ListItem\",\"position\":1,\"name\":\"Po\u010detna stranica\",\"item\":\"https:\/\/mfk.hr\/2024\/\"},{\"@type\":\"ListItem\",\"position\":2,\"name\":\"RADIONICA: Ma\u0161taonica 2024\"}]},{\"@type\":\"WebSite\",\"@id\":\"https:\/\/mfk.hr\/2024\/#website\",\"url\":\"https:\/\/mfk.hr\/2024\/\",\"name\":\"MFK\",\"description\":\"mediteranski festival knjige\",\"potentialAction\":[{\"@type\":\"SearchAction\",\"target\":{\"@type\":\"EntryPoint\",\"urlTemplate\":\"https:\/\/mfk.hr\/2024\/?s={search_term_string}\"},\"query-input\":{\"@type\":\"PropertyValueSpecification\",\"valueRequired\":true,\"valueName\":\"search_term_string\"}}],\"inLanguage\":\"hr\"}]}<\/script>\n<!-- \/ Yoast SEO plugin. -->","yoast_head_json":{"title":"RADIONICA: Ma\u0161taonica 2024 - MFK","robots":{"index":"noindex","follow":"follow","max-snippet":"max-snippet:-1","max-image-preview":"max-image-preview:large","max-video-preview":"max-video-preview:-1"},"og_locale":"hr_HR","og_type":"article","og_title":"RADIONICA: Ma\u0161taonica 2024 - MFK","og_url":"https:\/\/mfk.hr\/2024\/radionica-mastaonica\/","og_site_name":"MFK","article_modified_time":"2024-09-22T17:03:54+00:00","twitter_card":"summary_large_image","twitter_misc":{"Procijenjeno vrijeme \u010ditanja":"2 minute"},"schema":{"@context":"https:\/\/schema.org","@graph":[{"@type":"WebPage","@id":"https:\/\/mfk.hr\/2024\/radionica-mastaonica\/","url":"https:\/\/mfk.hr\/2024\/radionica-mastaonica\/","name":"RADIONICA: Ma\u0161taonica 2024 - MFK","isPartOf":{"@id":"https:\/\/mfk.hr\/2024\/#website"},"datePublished":"2024-09-15T21:15:03+00:00","dateModified":"2024-09-22T17:03:54+00:00","breadcrumb":{"@id":"https:\/\/mfk.hr\/2024\/radionica-mastaonica\/#breadcrumb"},"inLanguage":"hr","potentialAction":[{"@type":"ReadAction","target":["https:\/\/mfk.hr\/2024\/radionica-mastaonica\/"]}]},{"@type":"BreadcrumbList","@id":"https:\/\/mfk.hr\/2024\/radionica-mastaonica\/#breadcrumb","itemListElement":[{"@type":"ListItem","position":1,"name":"Po\u010detna stranica","item":"https:\/\/mfk.hr\/2024\/"},{"@type":"ListItem","position":2,"name":"RADIONICA: Ma\u0161taonica 2024"}]},{"@type":"WebSite","@id":"https:\/\/mfk.hr\/2024\/#website","url":"https:\/\/mfk.hr\/2024\/","name":"MFK","description":"mediteranski festival knjige","potentialAction":[{"@type":"SearchAction","target":{"@type":"EntryPoint","urlTemplate":"https:\/\/mfk.hr\/2024\/?s={search_term_string}"},"query-input":{"@type":"PropertyValueSpecification","valueRequired":true,"valueName":"search_term_string"}}],"inLanguage":"hr"}]}},"_links":{"self":[{"href":"https:\/\/mfk.hr\/2024\/wp-json\/wp\/v2\/pages\/11307","targetHints":{"allow":["GET"]}}],"collection":[{"href":"https:\/\/mfk.hr\/2024\/wp-json\/wp\/v2\/pages"}],"about":[{"href":"https:\/\/mfk.hr\/2024\/wp-json\/wp\/v2\/types\/page"}],"author":[{"embeddable":true,"href":"https:\/\/mfk.hr\/2024\/wp-json\/wp\/v2\/users\/4"}],"replies":[{"embeddable":true,"href":"https:\/\/mfk.hr\/2024\/wp-json\/wp\/v2\/comments?post=11307"}],"version-history":[{"count":8,"href":"https:\/\/mfk.hr\/2024\/wp-json\/wp\/v2\/pages\/11307\/revisions"}],"predecessor-version":[{"id":11805,"href":"https:\/\/mfk.hr\/2024\/wp-json\/wp\/v2\/pages\/11307\/revisions\/11805"}],"wp:attachment":[{"href":"https:\/\/mfk.hr\/2024\/wp-json\/wp\/v2\/media?parent=11307"}],"curies":[{"name":"wp","href":"https:\/\/api.w.org\/{rel}","templated":true}]}}