{"id":11271,"date":"2024-09-15T18:57:43","date_gmt":"2024-09-15T18:57:43","guid":{"rendered":"https:\/\/mfk.hr\/2024\/?page_id=11271"},"modified":"2024-09-24T01:12:46","modified_gmt":"2024-09-24T01:12:46","slug":"radionice-za-djecu","status":"publish","type":"page","link":"https:\/\/mfk.hr\/2024\/radionice-za-djecu\/","title":{"rendered":"RADIONICE ZA DJECU &#8211; 2024"},"content":{"rendered":"<\/div><\/div><\/div><!-- close content main div --><\/div><\/div><div id='naslov_bijeli' class='avia-section main_color avia-section-no-padding avia-no-border-styling avia-bg-style-scroll  container_wrap sidebar_right'   ><div class='container' ><div class='template-page content  av-content-small alpha units'><div class='post-entry post-entry-type-page post-entry-11271'><div class='entry-content-wrapper clearfix'>\n<div style='padding-bottom:0px;' class='av-special-heading av-special-heading-h1  blockquote modern-quote modern-centered '><h1 class='av-special-heading-tag'  itemprop=\"headline\"  >Radionice za djecu<\/h1><div class='special-heading-border'><div class='special-heading-inner-border' ><\/div><\/div><\/div>\n<\/div><\/div><\/div><!-- close content main div --><\/div><\/div><div id='after_section_1' class='main_color av_default_container_wrap container_wrap sidebar_right'   ><div class='container' ><div class='template-page content  av-content-small alpha units'><div class='post-entry post-entry-type-page post-entry-11271'><div class='entry-content-wrapper clearfix'>\n<\/div><\/div><\/div><!-- close content main div --><\/div><\/div><div id='av_section_2' class='avia-section main_color avia-section-default avia-no-shadow avia-bg-style-scroll  container_wrap sidebar_right' style = 'background-color: #ffffff; '  ><div class='container' ><div class='template-page content  av-content-small alpha units'><div class='post-entry post-entry-type-page post-entry-11271'><div class='entry-content-wrapper clearfix'>\n<section class=\"av_textblock_section\"  itemscope=\"itemscope\" itemtype=\"https:\/\/schema.org\/CreativeWork\" ><div class='avia_textblock '   itemprop=\"text\" ><p>I ove godine smo pripremili brojne kreativne i edukativne dje\u010dje radionice. Sve radionice su besplatne, te je broj mjesta ograni\u010den, stoga svakako po\u017eurite svoje mlade kreativce prijaviti na vrijeme!<\/p>\n<\/div><\/section>\n<\/div><\/div><\/div><!-- close content main div --><\/div><\/div><div id='after_section_2' class='main_color av_default_container_wrap container_wrap sidebar_right'   ><div class='container' ><div class='template-page content  av-content-small alpha units'><div class='post-entry post-entry-type-page post-entry-11271'><div class='entry-content-wrapper clearfix'>\n<\/div><\/div><\/div><!-- close content main div --><\/div><\/div><div id='av-layout-grid-1' class='av-layout-grid-container entry-content-wrapper main_color av-flex-cells  container_wrap sidebar_right'   >\n<div class=\"flex_cell no_margin av_one_half   \" style='vertical-align:top; padding:30px; background-color:#ffffff; '><div class='flex_cell_inner' ><p><div class='avia-image-container  av-styling- av-hover-grow noHover  av-overlay-hover-deactivate  avia-align-center '  itemscope=\"itemscope\" itemtype=\"https:\/\/schema.org\/ImageObject\"  ><div class='avia-image-container-inner'><a href='https:\/\/mfk.hr\/2024\/radionica-strip-i-karikatura\/' class='avia_image'  ><div class='av-image-caption-overlay'><div class='av-caption-image-overlay-bg' style='opacity:0.4; background-color:#000000; '><\/div><div class='av-image-caption-overlay-position'><div class='av-image-caption-overlay-center' style='color:#ffffff; '><p>STRIP I KARIKATURA S TISJOM KLJAKOVI\u0106 BRAI\u0106<br \/>\nza djecu 11+ godina<\/p>\n<\/div><\/div><\/div><img class='avia_image ' src='https:\/\/mfk.hr\/2024\/wp-content\/uploads\/2024\/09\/Tisja-Kljakovic-Braic-mfk-1030x630.png' alt='' title='Tisja Kljakovi\u0107 Brai\u0107 - mfk -'  itemprop=\"thumbnailUrl\"  \/><\/a><\/div><\/div><br \/>\n<div style='height:60px' class='hr hr-invisible '><span class='hr-inner ' ><span class='hr-inner-style'><\/span><\/span><\/div><br \/>\n<div class='avia-image-container  av-styling- av-hover-grow noHover  av-overlay-hover-deactivate  avia-align-center '  itemscope=\"itemscope\" itemtype=\"https:\/\/schema.org\/ImageObject\"  ><div class='avia-image-container-inner'><a href='https:\/\/mfk.hr\/2024\/putujemo-na-drugu-planetu\/' class='avia_image'  ><div class='av-image-caption-overlay'><div class='av-caption-image-overlay-bg' style='opacity:0.4; background-color:#000000; '><\/div><div class='av-image-caption-overlay-position'><div class='av-image-caption-overlay-center' style='color:#ffffff; '><p>PUTUJEMO NA DRUGU PLANETU<br \/>\nza mla\u0111e osnovno\u0161kolce<br \/>\n(3. i 4. razred)<\/p>\n<\/div><\/div><\/div><img class='avia_image ' src='https:\/\/mfk.hr\/2024\/wp-content\/uploads\/2024\/09\/hocu-kuci-mfk-1-1030x630.png' alt='' title='hocu-kuci-mfk (1)'  itemprop=\"thumbnailUrl\"  \/><\/a><\/div><\/div><br \/>\n<div style='height:60px' class='hr hr-invisible '><span class='hr-inner ' ><span class='hr-inner-style'><\/span><\/span><\/div><br \/>\n<div class='avia-image-container  av-styling- av-hover-grow noHover  av-overlay-hover-deactivate  avia-align-center '  itemscope=\"itemscope\" itemtype=\"https:\/\/schema.org\/ImageObject\"  ><div class='avia-image-container-inner'><a href='https:\/\/mfk.hr\/2024\/lego-radionica' class='avia_image'  ><div class='av-image-caption-overlay'><div class='av-caption-image-overlay-bg' style='opacity:0.4; background-color:#000000; '><\/div><div class='av-image-caption-overlay-position'><div class='av-image-caption-overlay-center' style='color:#ffffff; '><p>EDUKATIVNE<br \/>\nLEGO\u00ae RADIONICE<br \/>\nza djecu vrti\u0107ke dobi i osnovno\u0161kolce<\/p>\n<\/div><\/div><\/div><img class='avia_image ' src='https:\/\/mfk.hr\/2024\/wp-content\/uploads\/2024\/09\/edukido-radionica-mfk-1030x630.jpg' alt='' title='edukido-radionica-mfk'  itemprop=\"thumbnailUrl\"  \/><\/a><\/div><\/div><br \/>\n<div style='height:60px' class='hr hr-invisible '><span class='hr-inner ' ><span class='hr-inner-style'><\/span><\/span><\/div><br \/>\n<div class='avia-image-container  av-styling- av-hover-grow noHover  av-overlay-hover-deactivate  avia-align-center '  itemscope=\"itemscope\" itemtype=\"https:\/\/schema.org\/ImageObject\"  ><div class='avia-image-container-inner'><a href='https:\/\/mfk.hr\/2024\/citanje-prica-tete-i-barbe-pricalice-citaju' class='avia_image'  ><div class='av-image-caption-overlay'><div class='av-caption-image-overlay-bg' style='opacity:0.4; background-color:#000000; '><\/div><div class='av-image-caption-overlay-position'><div class='av-image-caption-overlay-center' style='color:#ffffff; '><p>TETE I BARBE PRI\u010cALICE \u010cITAJU<br \/>\nza djecu od 3+ godina<\/p>\n<\/div><\/div><\/div><img class='avia_image ' src='https:\/\/mfk.hr\/2024\/wp-content\/uploads\/2024\/09\/tete-i-barbe-citalice-mfk-4-1030x630.jpg' alt='' title='tete-i-barbe-citalice-mfk-4'  itemprop=\"thumbnailUrl\"  \/><\/a><\/div><\/div><br \/>\n<div style='height:60px' class='hr hr-invisible '><span class='hr-inner ' ><span class='hr-inner-style'><\/span><\/span><\/div><br \/>\n<div class='avia-image-container  av-styling- av-hover-grow noHover  av-overlay-hover-deactivate  avia-align-center '  itemscope=\"itemscope\" itemtype=\"https:\/\/schema.org\/ImageObject\"  ><div class='avia-image-container-inner'><a href='https:\/\/mfk.hr\/2024\/500-godina-judite\/' class='avia_image'  ><div class='av-image-caption-overlay'><div class='av-caption-image-overlay-bg' style='opacity:0.4; background-color:#000000; '><\/div><div class='av-image-caption-overlay-position'><div class='av-image-caption-overlay-center' style='color:#ffffff; '><p>PROJEKCIJA PROMOTIVNOG FILMA ,,500 GODINA JUDITE&#8221; (GKMM) I NAGRADNI KVIZ<br \/>\nza djecu 12+ godina<\/p>\n<\/div><\/div><\/div><img class='avia_image ' src='https:\/\/mfk.hr\/2024\/wp-content\/uploads\/2024\/09\/500-godina-judite-gkmm-mfk-1-1-1030x630.jpg' alt='' title='500 godina judite-gkmm-mfk-1'  itemprop=\"thumbnailUrl\"  \/><\/a><\/div><\/div><br \/>\n<div style='height:60px' class='hr hr-invisible '><span class='hr-inner ' ><span class='hr-inner-style'><\/span><\/span><\/div><br \/>\n<div class='avia-image-container  av-styling- av-hover-grow noHover  av-overlay-hover-deactivate  avia-align-center '  itemscope=\"itemscope\" itemtype=\"https:\/\/schema.org\/ImageObject\"  ><div class='avia-image-container-inner'><a href='https:\/\/mfk.hr\/2024\/marul-i-judita-prica-glasovita' class='avia_image'  ><div class='av-image-caption-overlay'><div class='av-caption-image-overlay-bg' style='opacity:0.4; background-color:#000000; '><\/div><div class='av-image-caption-overlay-position'><div class='av-image-caption-overlay-center' style='color:#ffffff; '><p>MARUL I JUDITA: PRI\u010cA GLASOVITA<br \/>\nza djecu 12+ godina<\/p>\n<\/div><\/div><\/div><img class='avia_image ' src='https:\/\/mfk.hr\/2024\/wp-content\/uploads\/2024\/09\/marul-i-judita-prica-glasovita-gkmm-mfk-2-1030x630.jpg' alt='' title='marul-i-judita-prica-glasovita-gkmm-mfk'  itemprop=\"thumbnailUrl\"  \/><\/a><\/div><\/div><br \/>\n<div style='height:60px' class='hr hr-invisible '><span class='hr-inner ' ><span class='hr-inner-style'><\/span><\/span><\/div><br \/>\n<div class='avia-image-container  av-styling- av-hover-grow noHover  av-overlay-hover-deactivate  avia-align-center '  itemscope=\"itemscope\" itemtype=\"https:\/\/schema.org\/ImageObject\"  ><div class='avia-image-container-inner'><a href='https:\/\/mfk.hr\/2024\/radionica-mastaonica' class='avia_image'  ><div class='av-image-caption-overlay'><div class='av-caption-image-overlay-bg' style='opacity:0.4; background-color:#000000; '><\/div><div class='av-image-caption-overlay-position'><div class='av-image-caption-overlay-center' style='color:#ffffff; '><p>MA\u0160TAONICA<br \/>\nKreativna radionica za djecu od 5 do 10 godina<\/p>\n<\/div><\/div><\/div><img class='avia_image ' src='https:\/\/mfk.hr\/2024\/wp-content\/uploads\/2024\/09\/mastaonica_mfk-1-1030x630.jpg' alt='' title='mastaonica_mfk-1'  itemprop=\"thumbnailUrl\"  \/><\/a><\/div><\/div><\/p>\n<\/div><\/div><div class=\"flex_cell no_margin av_one_half   \" style='vertical-align:top; padding:30px; background-color:#ffffff; '><div class='flex_cell_inner' ><p><div class='avia-image-container  av-styling- av-hover-grow noHover  av-overlay-hover-deactivate  avia-align-center '  itemscope=\"itemscope\" itemtype=\"https:\/\/schema.org\/ImageObject\"  ><div class='avia-image-container-inner'><a href='https:\/\/mfk.hr\/2024\/spajanje-nespojivog' class='avia_image'  ><div class='av-image-caption-overlay'><div class='av-caption-image-overlay-bg' style='opacity:0.4; background-color:#000000; '><\/div><div class='av-image-caption-overlay-position'><div class='av-image-caption-overlay-center' style='color:#ffffff; '><p>SPAJANJE NESPOJIVOG<br \/>\nLikovna radionica za djecu od 10 do 14 godina<\/p>\n<\/div><\/div><\/div><img class='avia_image ' src='https:\/\/mfk.hr\/2024\/wp-content\/uploads\/2024\/09\/likovna-radionica-mfk-1030x630.jpg' alt='' title='likovna radionica-mfk'  itemprop=\"thumbnailUrl\"  \/><\/a><\/div><\/div><br \/>\n<div style='height:60px' class='hr hr-invisible '><span class='hr-inner ' ><span class='hr-inner-style'><\/span><\/span><\/div><br \/>\n<div class='avia-image-container  av-styling- av-hover-grow noHover  av-overlay-hover-deactivate  avia-align-center '  itemscope=\"itemscope\" itemtype=\"https:\/\/schema.org\/ImageObject\"  ><div class='avia-image-container-inner'><a href='https:\/\/mfk.hr\/2024\/radionica-pisem-ti-pricu\/' class='avia_image'  ><div class='av-image-caption-overlay'><div class='av-caption-image-overlay-bg' style='opacity:0.4; background-color:#000000; '><\/div><div class='av-image-caption-overlay-position'><div class='av-image-caption-overlay-center' style='color:#ffffff; '><p>LITERARNA RADIONICA &#8220;PI\u0160EM TI PRI\u010cU&#8221;<br \/>\nza djecu od 6 do 12 godina<\/p>\n<\/div><\/div><\/div><img class='avia_image ' src='https:\/\/mfk.hr\/2024\/wp-content\/uploads\/2024\/09\/pricam-ti-pricu-radionica-zelimir-peris-mfk-2-1030x630.jpeg' alt='' title='pricam-ti-pricu-radionica-zelimir-peris-mfk-2'  itemprop=\"thumbnailUrl\"  \/><\/a><\/div><\/div><br \/>\n<div style='height:60px' class='hr hr-invisible '><span class='hr-inner ' ><span class='hr-inner-style'><\/span><\/span><\/div><br \/>\n<div class='avia-image-container  av-styling- av-hover-grow noHover  av-overlay-hover-deactivate  avia-align-center '  itemscope=\"itemscope\" itemtype=\"https:\/\/schema.org\/ImageObject\"  ><div class='avia-image-container-inner'><a href='https:\/\/mfk.hr\/2024\/slatko-novinarstvo\/' class='avia_image'  ><div class='av-image-caption-overlay'><div class='av-caption-image-overlay-bg' style='opacity:0.4; background-color:#000000; '><\/div><div class='av-image-caption-overlay-position'><div class='av-image-caption-overlay-center' style='color:#ffffff; '><p>SLATKO NOVINARSTVO<br \/>\nNovinarska radionica za djecu od 9 do 14 godina<\/p>\n<\/div><\/div><\/div><img class='avia_image ' src='https:\/\/mfk.hr\/2024\/wp-content\/uploads\/2024\/09\/Untitled-design-2024-09-15T224823.274-1030x630.png' alt='' title='slatko-novinarstvo-radionica-mfk'  itemprop=\"thumbnailUrl\"  \/><\/a><\/div><\/div><br \/>\n<div style='height:60px' class='hr hr-invisible '><span class='hr-inner ' ><span class='hr-inner-style'><\/span><\/span><\/div><br \/>\n<div class='avia-image-container  av-styling- av-hover-grow noHover  av-overlay-hover-deactivate  avia-align-center '  itemscope=\"itemscope\" itemtype=\"https:\/\/schema.org\/ImageObject\"  ><div class='avia-image-container-inner'><a href='https:\/\/mfk.hr\/2024\/radionica-mestrovicev-marko-marulic' class='avia_image'  ><div class='av-image-caption-overlay'><div class='av-caption-image-overlay-bg' style='opacity:0.4; background-color:#000000; '><\/div><div class='av-image-caption-overlay-position'><div class='av-image-caption-overlay-center' style='color:#ffffff; '><p>ME\u0160TROVI\u0106EV &#8220;MARKO MARULI\u0106&#8221;<br \/>\nModeliranje u glini za djecu od 10 do 14 godina<\/p>\n<\/div><\/div><\/div><img class='avia_image ' src='https:\/\/mfk.hr\/2024\/wp-content\/uploads\/2024\/09\/modeliranje-u-glini-mfk-1030x630.jpg' alt='' title='modeliranje u glini-mfk'  itemprop=\"thumbnailUrl\"  \/><\/a><\/div><\/div><br \/>\n<div style='height:60px' class='hr hr-invisible '><span class='hr-inner ' ><span class='hr-inner-style'><\/span><\/span><\/div><br \/>\n<div class='avia-image-container  av-styling- av-hover-grow noHover  av-overlay-hover-deactivate  avia-align-center '  itemscope=\"itemscope\" itemtype=\"https:\/\/schema.org\/ImageObject\"  ><div class='avia-image-container-inner'><a href='https:\/\/mfk.hr\/2024\/marulovim-stopama\/' class='avia_image'  ><div class='av-image-caption-overlay'><div class='av-caption-image-overlay-bg' style='opacity:0.4; background-color:#000000; '><\/div><div class='av-image-caption-overlay-position'><div class='av-image-caption-overlay-center' style='color:#ffffff; '><p>MARULOVIM STOPAMA: DIGITALNI INTERAKTIVNI VODI\u010c I NAGRADNI KVIZ<br \/>\nza djecu 12+ godina<\/p>\n<\/div><\/div><\/div><img class='avia_image ' src='https:\/\/mfk.hr\/2024\/wp-content\/uploads\/2024\/09\/marulovim-stopama-gkmm-mfk-1030x630.jpg' alt='' title='marulovim-stopama-gkmm-mfk'  itemprop=\"thumbnailUrl\"  \/><\/a><\/div><\/div><br \/>\n<div style='height:60px' class='hr hr-invisible '><span class='hr-inner ' ><span class='hr-inner-style'><\/span><\/span><\/div><br \/>\n<div class='avia-image-container  av-styling- av-hover-grow noHover  av-overlay-hover-deactivate  avia-align-center '  itemscope=\"itemscope\" itemtype=\"https:\/\/schema.org\/ImageObject\"  ><div class='avia-image-container-inner'><a href='https:\/\/mfk.hr\/2024\/stem-i-art-idu-skupa' class='avia_image'  ><div class='av-image-caption-overlay'><div class='av-caption-image-overlay-bg' style='opacity:0.4; background-color:#000000; '><\/div><div class='av-image-caption-overlay-position'><div class='av-image-caption-overlay-center' style='color:#ffffff; '><p>STEM I ART IDU SKUPA<br \/>\nza mla\u0111e osnovno\u0161kolce<br \/>\n(1. do 4. razred)<\/p>\n<\/div><\/div><\/div><img class='avia_image ' src='https:\/\/mfk.hr\/2024\/wp-content\/uploads\/2024\/09\/eureka-stem-radionica-mfk-1-1032x630.jpg' alt='' title='eureka-stem-radionica-mfk'  itemprop=\"thumbnailUrl\"  \/><\/a><\/div><\/div><br \/>\n<div style='height:60px' class='hr hr-invisible '><span class='hr-inner ' ><span class='hr-inner-style'><\/span><\/span><\/div><br \/>\n<div class='avia-image-container  av-styling- av-hover-grow noHover  av-overlay-hover-deactivate  avia-align-center '  itemscope=\"itemscope\" itemtype=\"https:\/\/schema.org\/ImageObject\"  ><div class='avia-image-container-inner'><a href='https:\/\/mfk.hr\/2024\/kamomila-bajke' class='avia_image'  ><div class='av-image-caption-overlay'><div class='av-caption-image-overlay-bg' style='opacity:0.4; background-color:#000000; '><\/div><div class='av-image-caption-overlay-position'><div class='av-image-caption-overlay-center' style='color:#ffffff; '><p>KAMOMILA BAJKE<br \/>\nKreativna radionica za djecu od 6 do 10 godina<\/p>\n<\/div><\/div><\/div><img class='avia_image ' src='https:\/\/mfk.hr\/2024\/wp-content\/uploads\/2024\/09\/kamomila-bajke-radionica-mfk-1030x630.jpg' alt='' title='kamomila-bajke-radionica-mfk'  itemprop=\"thumbnailUrl\"  \/><\/a><\/div><\/div><br \/>\n<div style='height:60px' class='hr hr-invisible '><span class='hr-inner ' ><span class='hr-inner-style'><\/span><\/span><\/div><\/p>\n<\/div><\/div><\/div><div style='height:30px' class='hr hr-invisible '><span class='hr-inner ' ><span class='hr-inner-style'><\/span><\/span><\/div><\/p>\n","protected":false},"excerpt":{"rendered":"","protected":false},"author":4,"featured_media":0,"parent":0,"menu_order":0,"comment_status":"closed","ping_status":"closed","template":"","meta":{"footnotes":""},"class_list":["post-11271","page","type-page","status-publish","hentry"],"yoast_head":"<!-- This site is optimized with the Yoast SEO plugin v25.7 - https:\/\/yoast.com\/wordpress\/plugins\/seo\/ -->\n<title>RADIONICE ZA DJECU - 2024 - MFK<\/title>\n<meta name=\"description\" content=\"MFK nudi bogat program edukativnih i kreativnih radionica za djecu i mlade.\" \/>\n<meta name=\"robots\" content=\"noindex, follow, max-snippet:-1, max-image-preview:large, max-video-preview:-1\" \/>\n<meta property=\"og:locale\" content=\"hr_HR\" \/>\n<meta property=\"og:type\" content=\"article\" \/>\n<meta property=\"og:title\" content=\"Dje\u010dji program\" \/>\n<meta property=\"og:description\" content=\"MFK nudi bogat program edukativnih i kreativnih radionica za djecu i mlade.\" \/>\n<meta property=\"og:url\" content=\"https:\/\/mfk.hr\/2024\/radionice-za-djecu\/\" \/>\n<meta property=\"og:site_name\" content=\"MFK\" \/>\n<meta property=\"article:modified_time\" content=\"2024-09-24T01:12:46+00:00\" \/>\n<meta property=\"og:image\" content=\"https:\/\/mfk.hr\/2024\/wp-content\/uploads\/2024\/09\/Djecji-program.png\" \/>\n\t<meta property=\"og:image:width\" content=\"1260\" \/>\n\t<meta property=\"og:image:height\" content=\"630\" \/>\n\t<meta property=\"og:image:type\" content=\"image\/png\" \/>\n<meta name=\"twitter:card\" content=\"summary_large_image\" \/>\n<meta name=\"twitter:label1\" content=\"Procijenjeno vrijeme \u010ditanja\" \/>\n\t<meta name=\"twitter:data1\" content=\"5 minuta\" \/>\n<script type=\"application\/ld+json\" class=\"yoast-schema-graph\">{\"@context\":\"https:\/\/schema.org\",\"@graph\":[{\"@type\":\"WebPage\",\"@id\":\"https:\/\/mfk.hr\/2024\/radionice-za-djecu\/\",\"url\":\"https:\/\/mfk.hr\/2024\/radionice-za-djecu\/\",\"name\":\"RADIONICE ZA DJECU - 2024 - MFK\",\"isPartOf\":{\"@id\":\"https:\/\/mfk.hr\/2024\/#website\"},\"datePublished\":\"2024-09-15T18:57:43+00:00\",\"dateModified\":\"2024-09-24T01:12:46+00:00\",\"description\":\"MFK nudi bogat program edukativnih i kreativnih radionica za djecu i mlade.\",\"breadcrumb\":{\"@id\":\"https:\/\/mfk.hr\/2024\/radionice-za-djecu\/#breadcrumb\"},\"inLanguage\":\"hr\",\"potentialAction\":[{\"@type\":\"ReadAction\",\"target\":[\"https:\/\/mfk.hr\/2024\/radionice-za-djecu\/\"]}]},{\"@type\":\"BreadcrumbList\",\"@id\":\"https:\/\/mfk.hr\/2024\/radionice-za-djecu\/#breadcrumb\",\"itemListElement\":[{\"@type\":\"ListItem\",\"position\":1,\"name\":\"Po\u010detna stranica\",\"item\":\"https:\/\/mfk.hr\/2024\/\"},{\"@type\":\"ListItem\",\"position\":2,\"name\":\"RADIONICE ZA DJECU &#8211; 2024\"}]},{\"@type\":\"WebSite\",\"@id\":\"https:\/\/mfk.hr\/2024\/#website\",\"url\":\"https:\/\/mfk.hr\/2024\/\",\"name\":\"MFK\",\"description\":\"mediteranski festival knjige\",\"potentialAction\":[{\"@type\":\"SearchAction\",\"target\":{\"@type\":\"EntryPoint\",\"urlTemplate\":\"https:\/\/mfk.hr\/2024\/?s={search_term_string}\"},\"query-input\":{\"@type\":\"PropertyValueSpecification\",\"valueRequired\":true,\"valueName\":\"search_term_string\"}}],\"inLanguage\":\"hr\"}]}<\/script>\n<!-- \/ Yoast SEO plugin. -->","yoast_head_json":{"title":"RADIONICE ZA DJECU - 2024 - MFK","description":"MFK nudi bogat program edukativnih i kreativnih radionica za djecu i mlade.","robots":{"index":"noindex","follow":"follow","max-snippet":"max-snippet:-1","max-image-preview":"max-image-preview:large","max-video-preview":"max-video-preview:-1"},"og_locale":"hr_HR","og_type":"article","og_title":"Dje\u010dji program","og_description":"MFK nudi bogat program edukativnih i kreativnih radionica za djecu i mlade.","og_url":"https:\/\/mfk.hr\/2024\/radionice-za-djecu\/","og_site_name":"MFK","article_modified_time":"2024-09-24T01:12:46+00:00","og_image":[{"width":1260,"height":630,"url":"https:\/\/mfk.hr\/2024\/wp-content\/uploads\/2024\/09\/Djecji-program.png","type":"image\/png"}],"twitter_card":"summary_large_image","twitter_misc":{"Procijenjeno vrijeme \u010ditanja":"5 minuta"},"schema":{"@context":"https:\/\/schema.org","@graph":[{"@type":"WebPage","@id":"https:\/\/mfk.hr\/2024\/radionice-za-djecu\/","url":"https:\/\/mfk.hr\/2024\/radionice-za-djecu\/","name":"RADIONICE ZA DJECU - 2024 - MFK","isPartOf":{"@id":"https:\/\/mfk.hr\/2024\/#website"},"datePublished":"2024-09-15T18:57:43+00:00","dateModified":"2024-09-24T01:12:46+00:00","description":"MFK nudi bogat program edukativnih i kreativnih radionica za djecu i mlade.","breadcrumb":{"@id":"https:\/\/mfk.hr\/2024\/radionice-za-djecu\/#breadcrumb"},"inLanguage":"hr","potentialAction":[{"@type":"ReadAction","target":["https:\/\/mfk.hr\/2024\/radionice-za-djecu\/"]}]},{"@type":"BreadcrumbList","@id":"https:\/\/mfk.hr\/2024\/radionice-za-djecu\/#breadcrumb","itemListElement":[{"@type":"ListItem","position":1,"name":"Po\u010detna stranica","item":"https:\/\/mfk.hr\/2024\/"},{"@type":"ListItem","position":2,"name":"RADIONICE ZA DJECU &#8211; 2024"}]},{"@type":"WebSite","@id":"https:\/\/mfk.hr\/2024\/#website","url":"https:\/\/mfk.hr\/2024\/","name":"MFK","description":"mediteranski festival knjige","potentialAction":[{"@type":"SearchAction","target":{"@type":"EntryPoint","urlTemplate":"https:\/\/mfk.hr\/2024\/?s={search_term_string}"},"query-input":{"@type":"PropertyValueSpecification","valueRequired":true,"valueName":"search_term_string"}}],"inLanguage":"hr"}]}},"_links":{"self":[{"href":"https:\/\/mfk.hr\/2024\/wp-json\/wp\/v2\/pages\/11271","targetHints":{"allow":["GET"]}}],"collection":[{"href":"https:\/\/mfk.hr\/2024\/wp-json\/wp\/v2\/pages"}],"about":[{"href":"https:\/\/mfk.hr\/2024\/wp-json\/wp\/v2\/types\/page"}],"author":[{"embeddable":true,"href":"https:\/\/mfk.hr\/2024\/wp-json\/wp\/v2\/users\/4"}],"replies":[{"embeddable":true,"href":"https:\/\/mfk.hr\/2024\/wp-json\/wp\/v2\/comments?post=11271"}],"version-history":[{"count":58,"href":"https:\/\/mfk.hr\/2024\/wp-json\/wp\/v2\/pages\/11271\/revisions"}],"predecessor-version":[{"id":12037,"href":"https:\/\/mfk.hr\/2024\/wp-json\/wp\/v2\/pages\/11271\/revisions\/12037"}],"wp:attachment":[{"href":"https:\/\/mfk.hr\/2024\/wp-json\/wp\/v2\/media?parent=11271"}],"curies":[{"name":"wp","href":"https:\/\/api.w.org\/{rel}","templated":true}]}}