{"id":11052,"date":"2024-09-09T14:45:11","date_gmt":"2024-09-09T14:45:11","guid":{"rendered":"https:\/\/mfk.hr\/2024\/?page_id=11052"},"modified":"2024-09-12T12:01:39","modified_gmt":"2024-09-12T12:01:39","slug":"fotografije-stipe-surac","status":"publish","type":"page","link":"https:\/\/mfk.hr\/2024\/fotografije-stipe-surac\/","title":{"rendered":"Fotografije 2024 &#8211; Stipe Sura\u0107"},"content":{"rendered":"<\/div><\/div><\/div><!-- close content main div --><\/div><\/div><div id='naslov_bijeli' class='avia-section main_color avia-section-no-padding avia-no-border-styling avia-bg-style-scroll  container_wrap sidebar_right'   ><div class='container' ><div class='template-page content  av-content-small alpha units'><div class='post-entry post-entry-type-page post-entry-11052'><div class='entry-content-wrapper clearfix'>\n<div style='padding-bottom:0px;' class='av-special-heading av-special-heading-h1  blockquote modern-quote modern-centered '><h1 class='av-special-heading-tag'  itemprop=\"headline\"  >Autor odabranih fotografija za kreativna rje\u0161enja mfk2024<\/h1><div class='special-heading-border'><div class='special-heading-inner-border' ><\/div><\/div><\/div>\n<\/div><\/div><\/div><!-- close content main div --><\/div><\/div><div id='after_section_1' class='main_color av_default_container_wrap container_wrap sidebar_right'   ><div class='container' ><div class='template-page content  av-content-small alpha units'><div class='post-entry post-entry-type-page post-entry-11052'><div class='entry-content-wrapper clearfix'>\n<\/div><\/div><\/div><!-- close content main div --><\/div><\/div><div id='av_section_2' class='avia-section main_color avia-section-default avia-no-shadow avia-bg-style-scroll  container_wrap sidebar_right' style = 'background-color: #ffffff; '  ><div class='container' ><div class='template-page content  av-content-small alpha units'><div class='post-entry post-entry-type-page post-entry-11052'><div class='entry-content-wrapper clearfix'>\n<section class=\"av_textblock_section\"  itemscope=\"itemscope\" itemtype=\"https:\/\/schema.org\/CreativeWork\" ><div class='avia_textblock  av_inherit_color'  style='color:#5e5e5e; '  itemprop=\"text\" ><p>Ve\u0107 sedmu godinu zaredom nastavljamo suradnju s doma\u0107im fotografima i umjetnicima koji nam kroz svoje objektive i sada ve\u0107 tradicionalno crno bijele fotografije donose Dalmaciju, Split&#8230; i cili njegov svit.<\/p>\n<p>Ove godine predstavljamo radove Stipe Sura\u0107a.<\/p>\n<\/div><\/section>\n<div class='avia-gallery avia-gallery-1 deactivate_avia_lazyload avia_animate_when_visible '  itemscope=\"itemscope\" itemtype=\"https:\/\/schema.org\/ImageObject\" ><div class='avia-gallery-thumb'> <a href='https:\/\/mfk.hr\/2024\/wp-content\/uploads\/2024\/09\/mfk-stipe-surac-ludar-1030x690.jpg' data-rel='gallery-1' data-prev-img='https:\/\/mfk.hr\/2024\/wp-content\/uploads\/2024\/09\/mfk-stipe-surac-ludar-495x400.jpg' class='first_thumb lightbox ' data-onclick='1' title='Ludar'  itemprop=\"thumbnailUrl\" ><img data-avia-tooltip='Ludar' src='https:\/\/mfk.hr\/2024\/wp-content\/uploads\/2024\/09\/mfk-stipe-surac-ludar-1100x630.jpg' width='1100' height='630'  title='mfk-stipe-sura\u0107-ludar' alt='' \/><\/a> <a href='https:\/\/mfk.hr\/2024\/wp-content\/uploads\/2024\/09\/mfk-stipe-surac-gladni-lopovi-3-1030x685.jpg' data-rel='gallery-1' data-prev-img='https:\/\/mfk.hr\/2024\/wp-content\/uploads\/2024\/09\/mfk-stipe-surac-gladni-lopovi-3-495x400.jpg' class='lightbox ' data-onclick='2' title='Gladni lopovi'  itemprop=\"thumbnailUrl\" ><img data-avia-tooltip='Gladni lopovi' src='https:\/\/mfk.hr\/2024\/wp-content\/uploads\/2024\/09\/mfk-stipe-surac-gladni-lopovi-3-1100x630.jpg' width='1100' height='630'  title='mfk-stipe-sura\u0107-gladni-lopovi' alt='' \/><\/a> <a href='https:\/\/mfk.hr\/2024\/wp-content\/uploads\/2024\/09\/mfk-stipe-surac-sto-citas-3-1030x685.jpg' data-rel='gallery-1' data-prev-img='https:\/\/mfk.hr\/2024\/wp-content\/uploads\/2024\/09\/mfk-stipe-surac-sto-citas-3-495x400.jpg' class='first_thumb lightbox ' data-onclick='3' title='\u0160to \u010dita\u0161?'  itemprop=\"thumbnailUrl\" ><img data-avia-tooltip='\u0160to \u010dita\u0161?' src='https:\/\/mfk.hr\/2024\/wp-content\/uploads\/2024\/09\/mfk-stipe-surac-sto-citas-3-1100x630.jpg' width='1100' height='630'  title='mfk-stipe-sura\u0107-\u0161to-\u010dita\u0161' alt='' \/><\/a> <a href='https:\/\/mfk.hr\/2024\/wp-content\/uploads\/2024\/09\/mfk-stipe-surac-dita-kralju-3-1030x685.jpg' data-rel='gallery-1' data-prev-img='https:\/\/mfk.hr\/2024\/wp-content\/uploads\/2024\/09\/mfk-stipe-surac-dita-kralju-3-495x400.jpg' class='lightbox ' data-onclick='4' title='\u0110ita Kralju'  itemprop=\"thumbnailUrl\" ><img data-avia-tooltip='\u0110ita Kralju' src='https:\/\/mfk.hr\/2024\/wp-content\/uploads\/2024\/09\/mfk-stipe-surac-dita-kralju-3-1100x630.jpg' width='1100' height='630'  title='mfk-stipe-sura\u0107-\u0111ita-kralju' alt='' \/><\/a> <a href='https:\/\/mfk.hr\/2024\/wp-content\/uploads\/2024\/09\/mfk-stipe-surac-spliticularis-3-685x1030.jpg' data-rel='gallery-1' data-prev-img='https:\/\/mfk.hr\/2024\/wp-content\/uploads\/2024\/09\/mfk-stipe-surac-spliticularis-3-495x400.jpg' class='first_thumb lightbox ' data-onclick='5' title='Spliticularis'  itemprop=\"thumbnailUrl\" ><img data-avia-tooltip='Spliticularis' src='https:\/\/mfk.hr\/2024\/wp-content\/uploads\/2024\/09\/mfk-stipe-surac-spliticularis-3-1000x630.jpg' width='1000' height='630'  title='mfk-stipe-sura\u0107-spliticularis' alt='' \/><\/a><\/div><\/div>\n<div style='padding-bottom:10px;color:#00aeef;' class='av-special-heading av-special-heading-h1 custom-color-heading   '><h1 class='av-special-heading-tag'  itemprop=\"headline\"  >O fotografu<\/h1><div class='special-heading-border'><div class='special-heading-inner-border' style='border-color:#00aeef'><\/div><\/div><\/div>\n<div class='avia-gallery avia-gallery-2 deactivate_avia_lazyload avia_animate_when_visible '  itemscope=\"itemscope\" itemtype=\"https:\/\/schema.org\/ImageObject\" ><div class='avia-gallery-thumb'> <a href='https:\/\/mfk.hr\/2024\/wp-content\/uploads\/2024\/09\/stipe-surac-mfk-1030x687.jpg' data-rel='gallery-2' data-prev-img='https:\/\/mfk.hr\/2024\/wp-content\/uploads\/2024\/09\/stipe-surac-mfk-495x400.jpg' class='first_thumb avianolink noLightbox ' data-onclick='1' title=''  itemprop=\"thumbnailUrl\" ><img  src='https:\/\/mfk.hr\/2024\/wp-content\/uploads\/2024\/09\/stipe-surac-mfk-845x684.jpg' width='845' height='684'  title='stipe-sura\u0107-mfk' alt='' \/><\/a> <a href='https:\/\/mfk.hr\/2024\/wp-content\/uploads\/2024\/09\/stipe-surac-mfk-1-1030x685.jpg' data-rel='gallery-2' data-prev-img='https:\/\/mfk.hr\/2024\/wp-content\/uploads\/2024\/09\/stipe-surac-mfk-1-495x400.jpg' class='avianolink noLightbox ' data-onclick='2' title=''  itemprop=\"thumbnailUrl\" ><img  src='https:\/\/mfk.hr\/2024\/wp-content\/uploads\/2024\/09\/stipe-surac-mfk-1-845x684.jpg' width='845' height='684'  title='stipe-sura\u0107-mfk-1' alt='' \/><\/a><\/div><\/div>\n<section class=\"av_textblock_section\"  itemscope=\"itemscope\" itemtype=\"https:\/\/schema.org\/CreativeWork\" ><div class='avia_textblock  av_inherit_color'  style='color:#5e5e5e; '  itemprop=\"text\" ><p>Stipe Sura\u0107 je poznati zadarski freelance fotograf koji ve\u0107 vi\u0161e od 28 godina tra\u017ei zanimljive prizore i pretvara ih u umjetni\u010dke litrate.<\/p>\n<p>U skoro tri desetlje\u0107a profesionalnog rada objavio je nekoliko tisu\u0107a fotografija u vi\u0161e desetaka knjiga o hrvatskoj prirodi, kulturi, mjestima, ljudima i drugim sli\u010dnim temama.<\/p>\n<p>Dosad je imao 25 samostalnih izlo\u017ebi, te je u hrvatskim izdanjima \u010dasopisa National Geographic, National Geographic Traveler\/Adventure i Geo objavio vi\u0161e od 60 reporta\u017ea, od kojih 17 naslovnica. Njegove fotografije objavljuju se u raznim \u010dasopisima u Hrvatskoj, ali i diljem svijeta.<\/p>\n<p>Najnoviju umjetnikovu virtualnu izlo\u017ebu mo\u017eete pogledati <a href=\"https:\/\/www.artsteps.com\/view\/669da7e19df9018a26d0ec13?ref=morski.hr\" target=\"_blank\" rel=\"noopener\">ovdje<\/a> ili putem QR koda:<\/p>\n<p><img loading=\"lazy\" decoding=\"async\" class=\"wp-image-11102 alignnone\" src=\"https:\/\/mfk.hr\/2024\/wp-content\/uploads\/2024\/09\/virtualna-izlozba-stipe-surac.jpg\" alt=\"\" width=\"202\" height=\"241\" srcset=\"https:\/\/mfk.hr\/2024\/wp-content\/uploads\/2024\/09\/virtualna-izlozba-stipe-surac.jpg 503w, https:\/\/mfk.hr\/2024\/wp-content\/uploads\/2024\/09\/virtualna-izlozba-stipe-surac-252x300.jpg 252w, https:\/\/mfk.hr\/2024\/wp-content\/uploads\/2024\/09\/virtualna-izlozba-stipe-surac-450x537.jpg 450w\" sizes=\"auto, (max-width: 202px) 100vw, 202px\" \/><\/p>\n<p>Za vi\u0161e informacija posjetite <a href=\"https:\/\/www.stipesurac.com\/\" target=\"_blank\" rel=\"noopener\">www.stipesurac.com<\/a><\/p>\n<\/div><\/section>\n<\/div><\/div><\/div><!-- close content main div --><\/div><\/div><div id='after_section_2' class='main_color av_default_container_wrap container_wrap sidebar_right'   ><div class='container' ><div class='template-page content  av-content-small alpha units'><div class='post-entry post-entry-type-page post-entry-11052'><div class='entry-content-wrapper clearfix'><\/div><\/div><\/div><!-- close content main div --><\/div><\/div><div id='boxtransparent4' class='avia-section main_color avia-section-no-padding avia-no-border-styling avia-bg-style-scroll  av-minimum-height av-minimum-height-custom container_wrap sidebar_right'   ><div class='container' style='height:50px'><div class='template-page content  av-content-small alpha units'><div class='post-entry post-entry-type-page post-entry-11052'><div class='entry-content-wrapper clearfix'>\n<div class=\"flex_column av_one_full  no_margin flex_column_div av-zero-column-padding first  \" style='border-radius:0px; '><section class=\"av_textblock_section\"  itemscope=\"itemscope\" itemtype=\"https:\/\/schema.org\/CreativeWork\" ><div class='avia_textblock '   itemprop=\"text\" ><p>AUTOR FOTOGRAFIJE: STIPE SURA\u0106<\/p>\n<\/div><\/section><\/div>\n<\/div><\/div><\/div><!-- close content main div --><\/div><\/div><div id='after_section_3' class='main_color av_default_container_wrap container_wrap sidebar_right'   ><div class='container' ><div class='template-page content  av-content-small alpha units'><div class='post-entry post-entry-type-page post-entry-11052'><div class='entry-content-wrapper clearfix'><\/p>\n","protected":false},"excerpt":{"rendered":"","protected":false},"author":4,"featured_media":0,"parent":0,"menu_order":0,"comment_status":"closed","ping_status":"closed","template":"","meta":{"footnotes":""},"class_list":["post-11052","page","type-page","status-publish","hentry"],"yoast_head":"<!-- This site is optimized with the Yoast SEO plugin v25.7 - https:\/\/yoast.com\/wordpress\/plugins\/seo\/ -->\n<title>Fotografije 2024 - Stipe Sura\u0107 - MFK<\/title>\n<meta name=\"robots\" content=\"noindex, follow, max-snippet:-1, max-image-preview:large, max-video-preview:-1\" \/>\n<meta property=\"og:locale\" content=\"hr_HR\" \/>\n<meta property=\"og:type\" content=\"article\" \/>\n<meta property=\"og:title\" content=\"Fotografije 2024 - Stipe Sura\u0107 - MFK\" \/>\n<meta property=\"og:url\" content=\"https:\/\/mfk.hr\/2024\/fotografije-stipe-surac\/\" \/>\n<meta property=\"og:site_name\" content=\"MFK\" \/>\n<meta property=\"article:modified_time\" content=\"2024-09-12T12:01:39+00:00\" \/>\n<meta property=\"og:image\" content=\"https:\/\/mfk.hr\/2024\/wp-content\/uploads\/2022\/09\/2.png\" \/>\n<meta name=\"twitter:card\" content=\"summary_large_image\" \/>\n<meta name=\"twitter:label1\" content=\"Procijenjeno vrijeme \u010ditanja\" \/>\n\t<meta name=\"twitter:data1\" content=\"2 minute\" \/>\n<script type=\"application\/ld+json\" class=\"yoast-schema-graph\">{\"@context\":\"https:\/\/schema.org\",\"@graph\":[{\"@type\":\"WebPage\",\"@id\":\"https:\/\/mfk.hr\/2024\/fotografije-stipe-surac\/\",\"url\":\"https:\/\/mfk.hr\/2024\/fotografije-stipe-surac\/\",\"name\":\"Fotografije 2024 - Stipe Sura\u0107 - MFK\",\"isPartOf\":{\"@id\":\"https:\/\/mfk.hr\/2024\/#website\"},\"primaryImageOfPage\":{\"@id\":\"https:\/\/mfk.hr\/2024\/fotografije-stipe-surac\/#primaryimage\"},\"image\":{\"@id\":\"https:\/\/mfk.hr\/2024\/fotografije-stipe-surac\/#primaryimage\"},\"thumbnailUrl\":\"https:\/\/mfk.hr\/2024\/wp-content\/uploads\/2024\/09\/virtualna-izlozba-stipe-surac.jpg\",\"datePublished\":\"2024-09-09T14:45:11+00:00\",\"dateModified\":\"2024-09-12T12:01:39+00:00\",\"breadcrumb\":{\"@id\":\"https:\/\/mfk.hr\/2024\/fotografije-stipe-surac\/#breadcrumb\"},\"inLanguage\":\"hr\",\"potentialAction\":[{\"@type\":\"ReadAction\",\"target\":[\"https:\/\/mfk.hr\/2024\/fotografije-stipe-surac\/\"]}]},{\"@type\":\"ImageObject\",\"inLanguage\":\"hr\",\"@id\":\"https:\/\/mfk.hr\/2024\/fotografije-stipe-surac\/#primaryimage\",\"url\":\"https:\/\/mfk.hr\/2024\/wp-content\/uploads\/2024\/09\/virtualna-izlozba-stipe-surac.jpg\",\"contentUrl\":\"https:\/\/mfk.hr\/2024\/wp-content\/uploads\/2024\/09\/virtualna-izlozba-stipe-surac.jpg\",\"width\":503,\"height\":600},{\"@type\":\"BreadcrumbList\",\"@id\":\"https:\/\/mfk.hr\/2024\/fotografije-stipe-surac\/#breadcrumb\",\"itemListElement\":[{\"@type\":\"ListItem\",\"position\":1,\"name\":\"Po\u010detna stranica\",\"item\":\"https:\/\/mfk.hr\/2024\/\"},{\"@type\":\"ListItem\",\"position\":2,\"name\":\"Fotografije 2024 &#8211; Stipe Sura\u0107\"}]},{\"@type\":\"WebSite\",\"@id\":\"https:\/\/mfk.hr\/2024\/#website\",\"url\":\"https:\/\/mfk.hr\/2024\/\",\"name\":\"MFK\",\"description\":\"mediteranski festival knjige\",\"potentialAction\":[{\"@type\":\"SearchAction\",\"target\":{\"@type\":\"EntryPoint\",\"urlTemplate\":\"https:\/\/mfk.hr\/2024\/?s={search_term_string}\"},\"query-input\":{\"@type\":\"PropertyValueSpecification\",\"valueRequired\":true,\"valueName\":\"search_term_string\"}}],\"inLanguage\":\"hr\"}]}<\/script>\n<!-- \/ Yoast SEO plugin. -->","yoast_head_json":{"title":"Fotografije 2024 - Stipe Sura\u0107 - MFK","robots":{"index":"noindex","follow":"follow","max-snippet":"max-snippet:-1","max-image-preview":"max-image-preview:large","max-video-preview":"max-video-preview:-1"},"og_locale":"hr_HR","og_type":"article","og_title":"Fotografije 2024 - Stipe Sura\u0107 - MFK","og_url":"https:\/\/mfk.hr\/2024\/fotografije-stipe-surac\/","og_site_name":"MFK","article_modified_time":"2024-09-12T12:01:39+00:00","og_image":[{"url":"https:\/\/mfk.hr\/2024\/wp-content\/uploads\/2022\/09\/2.png","type":"","width":"","height":""}],"twitter_card":"summary_large_image","twitter_misc":{"Procijenjeno vrijeme \u010ditanja":"2 minute"},"schema":{"@context":"https:\/\/schema.org","@graph":[{"@type":"WebPage","@id":"https:\/\/mfk.hr\/2024\/fotografije-stipe-surac\/","url":"https:\/\/mfk.hr\/2024\/fotografije-stipe-surac\/","name":"Fotografije 2024 - Stipe Sura\u0107 - MFK","isPartOf":{"@id":"https:\/\/mfk.hr\/2024\/#website"},"primaryImageOfPage":{"@id":"https:\/\/mfk.hr\/2024\/fotografije-stipe-surac\/#primaryimage"},"image":{"@id":"https:\/\/mfk.hr\/2024\/fotografije-stipe-surac\/#primaryimage"},"thumbnailUrl":"https:\/\/mfk.hr\/2024\/wp-content\/uploads\/2024\/09\/virtualna-izlozba-stipe-surac.jpg","datePublished":"2024-09-09T14:45:11+00:00","dateModified":"2024-09-12T12:01:39+00:00","breadcrumb":{"@id":"https:\/\/mfk.hr\/2024\/fotografije-stipe-surac\/#breadcrumb"},"inLanguage":"hr","potentialAction":[{"@type":"ReadAction","target":["https:\/\/mfk.hr\/2024\/fotografije-stipe-surac\/"]}]},{"@type":"ImageObject","inLanguage":"hr","@id":"https:\/\/mfk.hr\/2024\/fotografije-stipe-surac\/#primaryimage","url":"https:\/\/mfk.hr\/2024\/wp-content\/uploads\/2024\/09\/virtualna-izlozba-stipe-surac.jpg","contentUrl":"https:\/\/mfk.hr\/2024\/wp-content\/uploads\/2024\/09\/virtualna-izlozba-stipe-surac.jpg","width":503,"height":600},{"@type":"BreadcrumbList","@id":"https:\/\/mfk.hr\/2024\/fotografije-stipe-surac\/#breadcrumb","itemListElement":[{"@type":"ListItem","position":1,"name":"Po\u010detna stranica","item":"https:\/\/mfk.hr\/2024\/"},{"@type":"ListItem","position":2,"name":"Fotografije 2024 &#8211; Stipe Sura\u0107"}]},{"@type":"WebSite","@id":"https:\/\/mfk.hr\/2024\/#website","url":"https:\/\/mfk.hr\/2024\/","name":"MFK","description":"mediteranski festival knjige","potentialAction":[{"@type":"SearchAction","target":{"@type":"EntryPoint","urlTemplate":"https:\/\/mfk.hr\/2024\/?s={search_term_string}"},"query-input":{"@type":"PropertyValueSpecification","valueRequired":true,"valueName":"search_term_string"}}],"inLanguage":"hr"}]}},"_links":{"self":[{"href":"https:\/\/mfk.hr\/2024\/wp-json\/wp\/v2\/pages\/11052","targetHints":{"allow":["GET"]}}],"collection":[{"href":"https:\/\/mfk.hr\/2024\/wp-json\/wp\/v2\/pages"}],"about":[{"href":"https:\/\/mfk.hr\/2024\/wp-json\/wp\/v2\/types\/page"}],"author":[{"embeddable":true,"href":"https:\/\/mfk.hr\/2024\/wp-json\/wp\/v2\/users\/4"}],"replies":[{"embeddable":true,"href":"https:\/\/mfk.hr\/2024\/wp-json\/wp\/v2\/comments?post=11052"}],"version-history":[{"count":20,"href":"https:\/\/mfk.hr\/2024\/wp-json\/wp\/v2\/pages\/11052\/revisions"}],"predecessor-version":[{"id":11753,"href":"https:\/\/mfk.hr\/2024\/wp-json\/wp\/v2\/pages\/11052\/revisions\/11753"}],"wp:attachment":[{"href":"https:\/\/mfk.hr\/2024\/wp-json\/wp\/v2\/media?parent=11052"}],"curies":[{"name":"wp","href":"https:\/\/api.w.org\/{rel}","templated":true}]}}