{"id":7024,"date":"2020-07-06T08:31:24","date_gmt":"2020-07-06T08:31:24","guid":{"rendered":"https:\/\/mfk.hr\/2023\/?page_id=7024"},"modified":"2020-07-06T08:31:24","modified_gmt":"2020-07-06T08:31:24","slug":"arhiva-2019","status":"publish","type":"page","link":"https:\/\/mfk.hr\/2023\/arhiva-2019\/","title":{"rendered":"Arhiva 2019"},"content":{"rendered":"<\/div><\/div><\/div><!-- close content main div --><\/div><\/div><div id='boxbijeli2' class='avia-section main_color avia-section-default avia-no-border-styling avia-bg-style-scroll  container_wrap sidebar_right' style = 'background-color: #ffffff; '  ><div class='container' ><div class='template-page content  av-content-small alpha units'><div class='post-entry post-entry-type-page post-entry-7024'><div class='entry-content-wrapper clearfix'>\n<div id='av-masonry-1' class='av-masonry noHover av-fixed-size av-no-gap av-hover-overlay-active av-masonry-col-flexible av-caption-always av-caption-style- av-masonry-gallery  '  ><div class='av-masonry-container isotope av-js-disabled ' ><div class='av-masonry-entry isotope-item av-masonry-item-no-image '><\/div><a href=\"https:\/\/mfk.hr\/2023\/wp-content\/uploads\/2019\/05\/DSC5008-1-688x1030.jpg\" id='av-masonry-1-item-6944' data-av-masonry-item='6944' class='av-masonry-entry isotope-item post-6944 attachment type-attachment status-inherit hentry  av-masonry-item-with-image av-grid-img' title=\"\"  itemprop=\"thumbnailUrl\" ><div class='av-inner-masonry-sizer'><\/div><figure class='av-inner-masonry main_color'><div class=\"av-masonry-outerimage-container\"><div class=\"av-masonry-image-container\" style=\"background-image: url(https:\/\/mfk.hr\/2023\/wp-content\/uploads\/2019\/05\/DSC5008-1-471x705.jpg);\"><img src=\"https:\/\/mfk.hr\/2023\/wp-content\/uploads\/2019\/05\/DSC5008-1-471x705.jpg\" title=\"_DSC5008\" alt=\"\" \/><\/div><\/div><\/figure><\/a><!--end av-masonry entry--><a href=\"https:\/\/mfk.hr\/2023\/wp-content\/uploads\/2019\/05\/DSC6269-1-688x1030.jpg\" id='av-masonry-1-item-6968' data-av-masonry-item='6968' class='av-masonry-entry isotope-item post-6968 attachment type-attachment status-inherit hentry  av-masonry-item-with-image av-grid-img' title=\"\"  itemprop=\"thumbnailUrl\" ><div class='av-inner-masonry-sizer'><\/div><figure class='av-inner-masonry main_color'><div class=\"av-masonry-outerimage-container\"><div class=\"av-masonry-image-container\" style=\"background-image: url(https:\/\/mfk.hr\/2023\/wp-content\/uploads\/2019\/05\/DSC6269-1-471x705.jpg);\"><img src=\"https:\/\/mfk.hr\/2023\/wp-content\/uploads\/2019\/05\/DSC6269-1-471x705.jpg\" title=\"_DSC6269\" alt=\"\" \/><\/div><\/div><\/figure><\/a><!--end av-masonry entry--><a href=\"https:\/\/mfk.hr\/2023\/wp-content\/uploads\/2019\/05\/DSC5923-1-1030x688.jpg\" id='av-masonry-1-item-6958' data-av-masonry-item='6958' class='av-masonry-entry isotope-item post-6958 attachment type-attachment status-inherit hentry  av-masonry-item-with-image av-grid-img' title=\"\"  itemprop=\"thumbnailUrl\" ><div class='av-inner-masonry-sizer'><\/div><figure class='av-inner-masonry main_color'><div class=\"av-masonry-outerimage-container\"><div class=\"av-masonry-image-container\" style=\"background-image: url(https:\/\/mfk.hr\/2023\/wp-content\/uploads\/2019\/05\/DSC5923-1-705x471.jpg);\"><img src=\"https:\/\/mfk.hr\/2023\/wp-content\/uploads\/2019\/05\/DSC5923-1-705x471.jpg\" title=\"psi-i-mfk-se-vole\" alt=\"\" \/><\/div><\/div><\/figure><\/a><!--end av-masonry entry--><a href=\"https:\/\/mfk.hr\/2023\/wp-content\/uploads\/2019\/05\/DSC5043-1-1030x688.jpg\" id='av-masonry-1-item-6948' data-av-masonry-item='6948' class='av-masonry-entry isotope-item post-6948 attachment type-attachment status-inherit hentry  av-masonry-item-with-image av-grid-img' title=\"\"  itemprop=\"thumbnailUrl\" ><div class='av-inner-masonry-sizer'><\/div><figure class='av-inner-masonry main_color'><div class=\"av-masonry-outerimage-container\"><div class=\"av-masonry-image-container\" style=\"background-image: url(https:\/\/mfk.hr\/2023\/wp-content\/uploads\/2019\/05\/DSC5043-1-705x471.jpg);\"><img src=\"https:\/\/mfk.hr\/2023\/wp-content\/uploads\/2019\/05\/DSC5043-1-705x471.jpg\" title=\"_DSC5043\" alt=\"\" \/><\/div><\/div><\/figure><\/a><!--end av-masonry entry--><a href=\"https:\/\/mfk.hr\/2023\/wp-content\/uploads\/2019\/05\/DSC5961-1-688x1030.jpg\" id='av-masonry-1-item-6960' data-av-masonry-item='6960' class='av-masonry-entry isotope-item post-6960 attachment type-attachment status-inherit hentry  av-masonry-item-with-image av-grid-img' title=\"\"  itemprop=\"thumbnailUrl\" ><div class='av-inner-masonry-sizer'><\/div><figure class='av-inner-masonry main_color'><div class=\"av-masonry-outerimage-container\"><div class=\"av-masonry-image-container\" style=\"background-image: url(https:\/\/mfk.hr\/2023\/wp-content\/uploads\/2019\/05\/DSC5961-1-471x705.jpg);\"><img src=\"https:\/\/mfk.hr\/2023\/wp-content\/uploads\/2019\/05\/DSC5961-1-471x705.jpg\" title=\"_DSC5961\" alt=\"\" \/><\/div><\/div><\/figure><\/a><!--end av-masonry entry--><a href=\"https:\/\/mfk.hr\/2023\/wp-content\/uploads\/2019\/05\/DSC5668-1-1030x688.jpg\" id='av-masonry-1-item-6991' data-av-masonry-item='6991' class='av-masonry-entry isotope-item post-6991 attachment type-attachment status-inherit hentry  av-masonry-item-with-image av-grid-img' title=\"\"  itemprop=\"thumbnailUrl\" ><div class='av-inner-masonry-sizer'><\/div><figure class='av-inner-masonry main_color'><div class=\"av-masonry-outerimage-container\"><div class=\"av-masonry-image-container\" style=\"background-image: url(https:\/\/mfk.hr\/2023\/wp-content\/uploads\/2019\/05\/DSC5668-1-705x471.jpg);\"><img src=\"https:\/\/mfk.hr\/2023\/wp-content\/uploads\/2019\/05\/DSC5668-1-705x471.jpg\" title=\"_DSC5668\" alt=\"\" \/><\/div><\/div><\/figure><\/a><!--end av-masonry entry--><a href=\"https:\/\/mfk.hr\/2023\/wp-content\/uploads\/2019\/05\/DSC5202-1-1030x688.jpg\" id='av-masonry-1-item-6950' data-av-masonry-item='6950' class='av-masonry-entry isotope-item post-6950 attachment type-attachment status-inherit hentry  av-masonry-item-with-image av-grid-img' title=\"\"  itemprop=\"thumbnailUrl\" ><div class='av-inner-masonry-sizer'><\/div><figure class='av-inner-masonry main_color'><div class=\"av-masonry-outerimage-container\"><div class=\"av-masonry-image-container\" style=\"background-image: url(https:\/\/mfk.hr\/2023\/wp-content\/uploads\/2019\/05\/DSC5202-1-705x471.jpg);\"><img src=\"https:\/\/mfk.hr\/2023\/wp-content\/uploads\/2019\/05\/DSC5202-1-705x471.jpg\" title=\"_DSC5202\" alt=\"\" \/><\/div><\/div><\/figure><\/a><!--end av-masonry entry--><a href=\"https:\/\/mfk.hr\/2023\/wp-content\/uploads\/2019\/05\/DSC5013-1-688x1030.jpg\" id='av-masonry-1-item-6945' data-av-masonry-item='6945' class='av-masonry-entry isotope-item post-6945 attachment type-attachment status-inherit hentry  av-masonry-item-with-image av-grid-img' title=\"\"  itemprop=\"thumbnailUrl\" ><div class='av-inner-masonry-sizer'><\/div><figure class='av-inner-masonry main_color'><div class=\"av-masonry-outerimage-container\"><div class=\"av-masonry-image-container\" style=\"background-image: url(https:\/\/mfk.hr\/2023\/wp-content\/uploads\/2019\/05\/DSC5013-1-471x705.jpg);\"><img src=\"https:\/\/mfk.hr\/2023\/wp-content\/uploads\/2019\/05\/DSC5013-1-471x705.jpg\" title=\"_DSC5013\" alt=\"\" \/><\/div><\/div><\/figure><\/a><!--end av-masonry entry--><a href=\"https:\/\/mfk.hr\/2023\/wp-content\/uploads\/2019\/05\/DSC5040-1-1030x688.jpg\" id='av-masonry-1-item-6947' data-av-masonry-item='6947' class='av-masonry-entry isotope-item post-6947 attachment type-attachment status-inherit hentry  av-masonry-item-with-image av-grid-img' title=\"\"  itemprop=\"thumbnailUrl\" ><div class='av-inner-masonry-sizer'><\/div><figure class='av-inner-masonry main_color'><div class=\"av-masonry-outerimage-container\"><div class=\"av-masonry-image-container\" style=\"background-image: url(https:\/\/mfk.hr\/2023\/wp-content\/uploads\/2019\/05\/DSC5040-1-705x471.jpg);\"><img src=\"https:\/\/mfk.hr\/2023\/wp-content\/uploads\/2019\/05\/DSC5040-1-705x471.jpg\" title=\"_DSC5040\" alt=\"\" \/><\/div><\/div><\/figure><\/a><!--end av-masonry entry--><a href=\"https:\/\/mfk.hr\/2023\/wp-content\/uploads\/2019\/05\/DSC6145-1-688x1030.jpg\" id='av-masonry-1-item-6965' data-av-masonry-item='6965' class='av-masonry-entry isotope-item post-6965 attachment type-attachment status-inherit hentry  av-masonry-item-with-image av-grid-img' title=\"\"  itemprop=\"thumbnailUrl\" ><div class='av-inner-masonry-sizer'><\/div><figure class='av-inner-masonry main_color'><div class=\"av-masonry-outerimage-container\"><div class=\"av-masonry-image-container\" style=\"background-image: url(https:\/\/mfk.hr\/2023\/wp-content\/uploads\/2019\/05\/DSC6145-1-471x705.jpg);\"><img src=\"https:\/\/mfk.hr\/2023\/wp-content\/uploads\/2019\/05\/DSC6145-1-471x705.jpg\" title=\"_DSC6145\" alt=\"\" \/><\/div><\/div><\/figure><\/a><!--end av-masonry entry--><a href=\"https:\/\/mfk.hr\/2023\/wp-content\/uploads\/2019\/05\/DSC5401-1-1030x688.jpg\" id='av-masonry-1-item-6952' data-av-masonry-item='6952' class='av-masonry-entry isotope-item post-6952 attachment type-attachment status-inherit hentry  av-masonry-item-with-image av-grid-img' title=\"\"  itemprop=\"thumbnailUrl\" ><div class='av-inner-masonry-sizer'><\/div><figure class='av-inner-masonry main_color'><div class=\"av-masonry-outerimage-container\"><div class=\"av-masonry-image-container\" style=\"background-image: url(https:\/\/mfk.hr\/2023\/wp-content\/uploads\/2019\/05\/DSC5401-1-705x471.jpg);\"><img src=\"https:\/\/mfk.hr\/2023\/wp-content\/uploads\/2019\/05\/DSC5401-1-705x471.jpg\" title=\"_DSC5401\" alt=\"\" \/><\/div><\/div><\/figure><\/a><!--end av-masonry entry--><a href=\"https:\/\/mfk.hr\/2023\/wp-content\/uploads\/2019\/05\/DSC4525-1030x688.jpg\" id='av-masonry-1-item-6996' data-av-masonry-item='6996' class='av-masonry-entry isotope-item post-6996 attachment type-attachment status-inherit hentry  av-masonry-item-with-image av-grid-img' title=\"\"  itemprop=\"thumbnailUrl\" ><div class='av-inner-masonry-sizer'><\/div><figure class='av-inner-masonry main_color'><div class=\"av-masonry-outerimage-container\"><div class=\"av-masonry-image-container\" style=\"background-image: url(https:\/\/mfk.hr\/2023\/wp-content\/uploads\/2019\/05\/DSC4525-705x471.jpg);\"><img src=\"https:\/\/mfk.hr\/2023\/wp-content\/uploads\/2019\/05\/DSC4525-705x471.jpg\" title=\"_DSC4525\" alt=\"\" \/><\/div><\/div><\/figure><\/a><!--end av-masonry entry--><\/div><a class='av-masonry-pagination av-masonry-load-more' href='#load-more'  data-ids='6944,6968,6958,6948,6960,6991,6950,6945,6947,6965,6952,6996,6967,6956,6949,6955,6957,6979,6959,6998,6961,6985,6962,6951,6969,6964,6981,6966,6971,6963,6978,6972,6973,6989,6986,6984,6970,6975,6977,6988,6982,6983,6987,6999,6992,6990,6993,7000'  data-action=''  data-link='category'  data-post_type='post, page, attachment, revision, nav_menu_item, custom_css, customize_changeset, oembed_cache, user_request, wp_block, wp_template, wp_template_part, wp_global_styles, wp_navigation, tablepress_table, portfolio, avia_framework_post'  data-items='12'  data-size='fixed masonry'  data-gap='no'  data-overlay_fx='active'  data-offset='0'  data-container_links='active'  data-container_class='av-masonry-gallery  '  data-paginate='load_more'  data-caption_elements='none'  data-caption_display='always'  data-caption_styling=''  data-sort='no'  data-columns='flexible'  data-auto_ratio='1.7'  data-set_breadcrumb='1'  data-custom_markup=''  data-query_orderby='date'  data-query_order='DESC'  data-color=''  data-custom_bg=''  data-avno='a3d2b2a5ec'>Vi\u0161e fotografija<\/a><\/div>\n<\/div><\/div><\/div><!-- close content main div --><\/div><\/div><div id='after_section_1' class='main_color av_default_container_wrap container_wrap sidebar_right'   ><div class='container' ><div class='template-page content  av-content-small alpha units'><div class='post-entry post-entry-type-page post-entry-7024'><div class='entry-content-wrapper clearfix'>\n<\/div><\/div><\/div><!-- close content main div --><\/div><\/div><div id='boxbijeli2' class='avia-section main_color avia-section-default avia-no-border-styling avia-bg-style-scroll  container_wrap sidebar_right' style = 'background-color: #ffffff; '  ><div class='container' ><div class='template-page content  av-content-small alpha units'><div class='post-entry post-entry-type-page post-entry-7024'><div class='entry-content-wrapper clearfix'>\n<div class=\"flex_column av_one_full  no_margin flex_column_div av-zero-column-padding first  \" style='border-radius:0px; '><div style='padding-bottom:0px;' class='av-special-heading av-special-heading-h3    '><h3 class='av-special-heading-tag'  itemprop=\"headline\"  >IZBOR IZDANJA NA FESTIVALU<\/h3><div class='special-heading-border'><div class='special-heading-inner-border' ><\/div><\/div><\/div><\/div><div class=\"flex_column av_one_third  flex_column_div av-zero-column-padding first  \" style='border-radius:0px; '><p><div class='avia-image-container  av-styling-   avia-align-center '  itemscope=\"itemscope\" itemtype=\"https:\/\/schema.org\/ImageObject\"  ><div class='avia-image-container-inner'><img class='avia_image ' src='https:\/\/mfk.hr\/2023\/wp-content\/uploads\/2019\/04\/halo_bin-215x300.jpg' alt='' title='halo_bin'   itemprop=\"thumbnailUrl\"  \/><\/div><\/div><br \/>\n<div style='padding-bottom:0px;' class='av-special-heading av-special-heading-h2  blockquote modern-quote '><h2 class='av-special-heading-tag'  itemprop=\"headline\"  >HALO BING<\/h2><div class ='av-subheading av-subheading_below ' style='font-size:15px;'><p>Ivan Sr\u0161en i Antonija Radi\u0107<br \/>\n\u2013<br \/>\nSANDORF<br \/>\nTema: strip<\/p>\n<\/div><div class='special-heading-border'><div class='special-heading-inner-border' ><\/div><\/div><\/div><\/p><\/div><div class=\"flex_column av_one_third  flex_column_div av-zero-column-padding   \" style='border-radius:0px; '><p><div class='avia-image-container  av-styling-   avia-align-center '  itemscope=\"itemscope\" itemtype=\"https:\/\/schema.org\/ImageObject\"  ><div class='avia-image-container-inner'><img class='avia_image ' src='https:\/\/mfk.hr\/2023\/wp-content\/uploads\/2019\/04\/hrvatska-kuharica_skolska_mfk2019.png' alt='' title='hrvatska-kuharica_skolska_mfk2019'   itemprop=\"thumbnailUrl\"  \/><\/div><\/div><br \/>\n<div style='padding-bottom:0px;' class='av-special-heading av-special-heading-h2  blockquote modern-quote  '><h2 class='av-special-heading-tag'  itemprop=\"headline\"  >HRVATSKA KUHARICA<\/h2><div class ='av-subheading av-subheading_below ' style='font-size:15px;'><p>Mate Jankovi\u0107<br \/>\n\u2013<br \/>\n\u0160KOLSKA KNJIGA<br \/>\nTema: kuhanje, slobodno vrijeme<br \/>\n\u2013<br \/>\nPROMOCIJA:<br \/>\nnedjelja, 12.5. u 12 sati<br \/>\nvelika dvorana<\/p>\n<\/div><div class='special-heading-border'><div class='special-heading-inner-border' ><\/div><\/div><\/div><\/p><\/div><div class=\"flex_column av_one_third  flex_column_div av-zero-column-padding   \" style='border-radius:0px; '><p><div class='avia-image-container  av-styling-   avia-align-center '  itemscope=\"itemscope\" itemtype=\"https:\/\/schema.org\/ImageObject\"  ><div class='avia-image-container-inner'><img class='avia_image ' src='https:\/\/mfk.hr\/2023\/wp-content\/uploads\/2019\/04\/Zapisi-iz-NDH-NASLOVNICA-205x300.jpg' alt='' title='Zapisi iz NDH NASLOVNICA'   itemprop=\"thumbnailUrl\"  \/><\/div><\/div><br \/>\n<div style='padding-bottom:0px;' class='av-special-heading av-special-heading-h2  blockquote modern-quote  '><h2 class='av-special-heading-tag'  itemprop=\"headline\"  >\u017dELIM SVJEDO\u010cITI DO KRAJA<\/h2><div class ='av-subheading av-subheading_below ' style='font-size:15px;'><p>ZAPISI IZ NDH<br \/>\nEdmund Glaise von Horstenau<br \/>\n\u2013<br \/>\nDISPUT<br \/>\nTema: publicistika<\/p>\n<\/div><div class='special-heading-border'><div class='special-heading-inner-border' ><\/div><\/div><\/div><\/p><\/div><div style='height:50px' class='hr hr-invisible '><span class='hr-inner ' ><span class='hr-inner-style'><\/span><\/span><\/div>\n<div class='avia-button-wrap avia-button-center '><a href='https:\/\/mfk.hr\/2023\/izbor-izdanja-na-festivalu\/' class='avia-button  avia-icon_select-no avia-color-dark avia-size-medium avia-position-center '   ><span class='avia_iconbox_title' >Pogledajte jo\u0161 izdanja<\/span><\/a><\/div>\n<\/div><\/div><\/div><!-- close content main div --><\/div><\/div><div id='after_section_2' class='main_color av_default_container_wrap container_wrap sidebar_right'   ><div class='container' ><div class='template-page content  av-content-small alpha units'><div class='post-entry post-entry-type-page post-entry-7024'><div class='entry-content-wrapper clearfix'>\n<\/div><\/div><\/div><!-- close content main div --><\/div><\/div><div id='boxbijeli3' class='avia-section main_color avia-section-default avia-no-border-styling avia-bg-style-scroll  container_wrap sidebar_right' style = 'background-color: #ffffff; '  ><div class='container' ><div class='template-page content  av-content-small alpha units'><div class='post-entry post-entry-type-page post-entry-7024'><div class='entry-content-wrapper clearfix'>\n<div class=\"flex_column av_one_full  no_margin flex_column_div av-zero-column-padding first  \" style='border-radius:0px; '><p><div style='padding-bottom:0px;' class='av-special-heading av-special-heading-h3    '><h3 class='av-special-heading-tag'  itemprop=\"headline\"  >NAKLADNICI ZAJEDNICE NAKLADNIKA I KNJI\u017dARA <\/h3><div class='special-heading-border'><div class='special-heading-inner-border' ><\/div><\/div><\/div><br \/>\n<section class=\"av_textblock_section\"  itemscope=\"itemscope\" itemtype=\"https:\/\/schema.org\/CreativeWork\" ><div class='avia_textblock '   itemprop=\"text\" ><p>24 sata \/ Adami\u0107 \/ AGM \/ Alfa \/ Algoritam \/ Algoritam MK \/ Alka script \/ Antikvarijat Biblos \/ Antikvarijat Bono \/ Antikvarijat Mali Neboder \/ Begen \/ Blue Binder \/ Bowing \/ Euro-Unit \/ Buybook Centar za knjigu Meandar media \/ Cipeti\u0107 \/ \u010citaj knjigu Dhar media \/ Despot infinitus \/ Dhar media \/ Disput \/ Dje\u010dja knjiga \/ Dominovi\u0107 \/ Du\u0161evi\u0107 &amp; Kr\u0161ovnik \/ Dvostruka duga \/ Egmont \/ Element \/ Evenio Extrade \/ Fakultet politi\u010dkih znanosti \/ Figulus \/ Filozofski fakultet Sveu\u010dili\u0161ta u Zagrebu \/ Fokus Komunikacije \/FoMa \/ FoMa Studio za nakladni\u0161tvo, trgovinu i usluge \/ Forum \/ Fraktura \/ Golden marketing &#8211; Tehni\u010dka knjiga Good book \/ Gospodarski list d.d. \/ Grafo-Amadeus \/ Hangar 7 \/ Hanza Media \/ Har\u0161a \/ Hena Com \/ Hrvatska gospodarska komora &#8211; \u017dupanijska komora Rijeka \/ Hrvatska sveu\u010dili\u0161na naklada \/ Hrvatski dr\u017eavni arhiv \/ Hrvatski institut za povijest \/ Hrvatski memorijalno-dokumentacijski centar Domovinskog rata \/ Hrvatsko filolo\u0161ko dru\u0161tvo \/ Ibis grafika \/ IEP \/ Institut za hrvatski jezik i jezikoslovlje Zagreb Iranski kulturni centar pri Veleposlanstvu I.R. Iran \/ Iris Illyrica, obrt za intelektualne usluge \/ Izdanja Antibarbarus \/ Izvori \/ Jesenski i Turk \/ Katarina Zrinski \/ Knjiga u centru \/ knjizara.hr \/ Konfucijev institut Sveu\u010dili\u0161ta u Zagrebu \/ Kr\u0161\u0107anska sada\u0161njost \/ Kruzak \/ Leksikografski zavod Miroslav Krle\u017ea \/ Lektira \/ Leo-commerce \/ Libellus \/ Lusio \/ Mate \/ Matica hrvatska \/ Meandar media \/ Medicinska naklada Mentor \/ Meridijani \/ Morski vodi\u010di \/ Mosta &#8211; nove tehnologije \/ Mozaik knjiga \/ Muzejski dokumentacijski centar \/ Naklada Breza \/ Naklada Ceres \/ Naklada Cvr\u010dak \/ Naklada Fibra \/ Naklada Jur\u010di\u0107 \/ Naklada Ljevak \/ Naklada Nika \/ Naklada Oceanmore \/ Naklada Pavi\u010di\u0107 \/ Naklada Slap \/ Naklada Uliks \/ Naklada Veble \/ Nakladni zavod Globus \/ Narodne novine d.d. \/ Na\u0161a djeca \/ National Geographic Hrvatska \/ Neretva \/ Nova stvarnost \/ Novi informator \/ Paradox \/ Planet Zoe \/ Planetopija \/ Plejada \/ Profil knjiga \/ Prosvjeta \/ Puni potencijal \/ Rockmark, glazbena knji\u017eara \/ Sajema \/ Sandorf \u0160areni du\u0107an \/ Senior net \/ Sipar \/ \u0160kolska knjiga d.d. \/ \u0160korpion \/ Srednja Europa \/ Stanek \/ Strip-Agent \/ Striport \/ Sveu\u010dili\u0161te u Zagrebu &#8211; Hrvatski studiji \/ Teledisk \/ Templar \/ Tim press \/ Trsat Polo Udruga Crtani romani \u0161ou \/ Ud\u017ebenik.hr \/ UPI-2M PLUS \/ V.B.Z. \/ Ve\u010dernji list \/ Vegor \/ Verbum \/ Veritas \/ Vjerska udruga Ahmadija muslimanski d\u017eamat \/ Vukovi\u0107 &amp; Runji\u0107 \/ Zagreba\u010dka naklada \u017diva rije\u010d \/ Znanje \/ Zrinski d.d.<\/p>\n<\/div><\/section><br \/>\n<div class='avia-button-wrap avia-button-center '><a href='https:\/\/mfk.hr\/2023\/tlocrt-i-popis-izlagaca\/' class='avia-button  avia-icon_select-no avia-color-dark avia-size-medium avia-position-center '   ><span class='avia_iconbox_title' >Pogledajte popis i tlocrt izlaga\u010da<\/span><\/a><\/div><\/p><\/div>\n<\/div><\/div><\/div><!-- close content main div --><\/div><\/div><div id='after_section_3' class='main_color av_default_container_wrap container_wrap sidebar_right'   ><div class='container' ><div class='template-page content  av-content-small alpha units'><div class='post-entry post-entry-type-page post-entry-7024'><div class='entry-content-wrapper clearfix'>\n<\/div><\/div><\/div><!-- close content main div --><\/div><\/div><div id='boxtransparent4' class='avia-section main_color avia-section-no-padding avia-no-border-styling avia-bg-style-scroll  av-minimum-height av-minimum-height-custom container_wrap sidebar_right'   ><div class='container' style='height:50px'><div class='template-page content  av-content-small alpha units'><div class='post-entry post-entry-type-page post-entry-7024'><div class='entry-content-wrapper clearfix'>\n<div class=\"flex_column av_one_full  no_margin flex_column_div av-zero-column-padding first  \" style='border-radius:0px; '><section class=\"av_textblock_section\"  itemscope=\"itemscope\" itemtype=\"https:\/\/schema.org\/CreativeWork\" ><div class='avia_textblock '   itemprop=\"text\" ><p>AUTOR FOTOGRAFIJE: FE\u0110A KLARI\u0106<\/p>\n<\/div><\/section><\/div>\n<\/div><\/div><\/div><!-- close content main div --><\/div><\/div><div id='after_section_4' class='main_color av_default_container_wrap container_wrap sidebar_right'   ><div class='container' ><div class='template-page content  av-content-small alpha units'><div class='post-entry post-entry-type-page post-entry-7024'><div class='entry-content-wrapper clearfix'>\n","protected":false},"excerpt":{"rendered":"","protected":false},"author":1,"featured_media":0,"parent":0,"menu_order":0,"comment_status":"closed","ping_status":"closed","template":"","meta":{"footnotes":""},"yoast_head":"<!-- This site is optimized with the Yoast SEO plugin v21.1 - https:\/\/yoast.com\/wordpress\/plugins\/seo\/ -->\n<title>Arhiva 2019 - MFK<\/title>\n<meta name=\"robots\" content=\"noindex, follow, max-snippet:-1, max-image-preview:large, max-video-preview:-1\" \/>\n<meta property=\"og:locale\" content=\"hr_HR\" \/>\n<meta property=\"og:type\" content=\"article\" \/>\n<meta property=\"og:title\" content=\"Arhiva 2019 - MFK\" \/>\n<meta property=\"og:url\" content=\"https:\/\/mfk.hr\/2023\/arhiva-2019\/\" \/>\n<meta property=\"og:site_name\" content=\"MFK\" \/>\n<meta name=\"twitter:card\" content=\"summary_large_image\" \/>\n<meta name=\"twitter:label1\" content=\"Procijenjeno vrijeme \u010ditanja\" \/>\n\t<meta name=\"twitter:data1\" content=\"8 minuta\" \/>\n<script type=\"application\/ld+json\" class=\"yoast-schema-graph\">{\"@context\":\"https:\/\/schema.org\",\"@graph\":[{\"@type\":\"WebPage\",\"@id\":\"https:\/\/mfk.hr\/2023\/arhiva-2019\/\",\"url\":\"https:\/\/mfk.hr\/2023\/arhiva-2019\/\",\"name\":\"Arhiva 2019 - MFK\",\"isPartOf\":{\"@id\":\"https:\/\/mfk.hr\/2023\/#website\"},\"datePublished\":\"2020-07-06T08:31:24+00:00\",\"dateModified\":\"2020-07-06T08:31:24+00:00\",\"breadcrumb\":{\"@id\":\"https:\/\/mfk.hr\/2023\/arhiva-2019\/#breadcrumb\"},\"inLanguage\":\"hr\",\"potentialAction\":[{\"@type\":\"ReadAction\",\"target\":[\"https:\/\/mfk.hr\/2023\/arhiva-2019\/\"]}]},{\"@type\":\"BreadcrumbList\",\"@id\":\"https:\/\/mfk.hr\/2023\/arhiva-2019\/#breadcrumb\",\"itemListElement\":[{\"@type\":\"ListItem\",\"position\":1,\"name\":\"Po\u010detna stranica\",\"item\":\"https:\/\/mfk.hr\/2023\/\"},{\"@type\":\"ListItem\",\"position\":2,\"name\":\"Arhiva 2019\"}]},{\"@type\":\"WebSite\",\"@id\":\"https:\/\/mfk.hr\/2023\/#website\",\"url\":\"https:\/\/mfk.hr\/2023\/\",\"name\":\"MFK\",\"description\":\"mediteranski festival knjige\",\"potentialAction\":[{\"@type\":\"SearchAction\",\"target\":{\"@type\":\"EntryPoint\",\"urlTemplate\":\"https:\/\/mfk.hr\/2023\/?s={search_term_string}\"},\"query-input\":\"required name=search_term_string\"}],\"inLanguage\":\"hr\"}]}<\/script>\n<!-- \/ Yoast SEO plugin. -->","yoast_head_json":{"title":"Arhiva 2019 - MFK","robots":{"index":"noindex","follow":"follow","max-snippet":"max-snippet:-1","max-image-preview":"max-image-preview:large","max-video-preview":"max-video-preview:-1"},"og_locale":"hr_HR","og_type":"article","og_title":"Arhiva 2019 - MFK","og_url":"https:\/\/mfk.hr\/2023\/arhiva-2019\/","og_site_name":"MFK","twitter_card":"summary_large_image","twitter_misc":{"Procijenjeno vrijeme \u010ditanja":"8 minuta"},"schema":{"@context":"https:\/\/schema.org","@graph":[{"@type":"WebPage","@id":"https:\/\/mfk.hr\/2023\/arhiva-2019\/","url":"https:\/\/mfk.hr\/2023\/arhiva-2019\/","name":"Arhiva 2019 - MFK","isPartOf":{"@id":"https:\/\/mfk.hr\/2023\/#website"},"datePublished":"2020-07-06T08:31:24+00:00","dateModified":"2020-07-06T08:31:24+00:00","breadcrumb":{"@id":"https:\/\/mfk.hr\/2023\/arhiva-2019\/#breadcrumb"},"inLanguage":"hr","potentialAction":[{"@type":"ReadAction","target":["https:\/\/mfk.hr\/2023\/arhiva-2019\/"]}]},{"@type":"BreadcrumbList","@id":"https:\/\/mfk.hr\/2023\/arhiva-2019\/#breadcrumb","itemListElement":[{"@type":"ListItem","position":1,"name":"Po\u010detna stranica","item":"https:\/\/mfk.hr\/2023\/"},{"@type":"ListItem","position":2,"name":"Arhiva 2019"}]},{"@type":"WebSite","@id":"https:\/\/mfk.hr\/2023\/#website","url":"https:\/\/mfk.hr\/2023\/","name":"MFK","description":"mediteranski festival knjige","potentialAction":[{"@type":"SearchAction","target":{"@type":"EntryPoint","urlTemplate":"https:\/\/mfk.hr\/2023\/?s={search_term_string}"},"query-input":"required name=search_term_string"}],"inLanguage":"hr"}]}},"_links":{"self":[{"href":"https:\/\/mfk.hr\/2023\/wp-json\/wp\/v2\/pages\/7024"}],"collection":[{"href":"https:\/\/mfk.hr\/2023\/wp-json\/wp\/v2\/pages"}],"about":[{"href":"https:\/\/mfk.hr\/2023\/wp-json\/wp\/v2\/types\/page"}],"author":[{"embeddable":true,"href":"https:\/\/mfk.hr\/2023\/wp-json\/wp\/v2\/users\/1"}],"replies":[{"embeddable":true,"href":"https:\/\/mfk.hr\/2023\/wp-json\/wp\/v2\/comments?post=7024"}],"version-history":[{"count":2,"href":"https:\/\/mfk.hr\/2023\/wp-json\/wp\/v2\/pages\/7024\/revisions"}],"predecessor-version":[{"id":8282,"href":"https:\/\/mfk.hr\/2023\/wp-json\/wp\/v2\/pages\/7024\/revisions\/8282"}],"wp:attachment":[{"href":"https:\/\/mfk.hr\/2023\/wp-json\/wp\/v2\/media?parent=7024"}],"curies":[{"name":"wp","href":"https:\/\/api.w.org\/{rel}","templated":true}]}}