{"id":6610,"date":"2019-04-30T20:33:39","date_gmt":"2019-04-30T20:33:39","guid":{"rendered":"https:\/\/mfk.hr\/2023\/?page_id=6610"},"modified":"2023-09-20T10:12:38","modified_gmt":"2023-09-20T10:12:38","slug":"fotografije-ivo-pervan","status":"publish","type":"page","link":"https:\/\/mfk.hr\/2023\/fotografije-ivo-pervan\/","title":{"rendered":"Fotografije: Ivo Pervan"},"content":{"rendered":"<\/div><\/div><\/div><!-- close content main div --><\/div><\/div><div id='naslov_bijeli' class='avia-section main_color avia-section-default avia-no-shadow avia-bg-style-scroll  container_wrap sidebar_right'   ><div class='container' ><div class='template-page content  av-content-small alpha units'><div class='post-entry post-entry-type-page post-entry-6610'><div class='entry-content-wrapper clearfix'>\n<div style='padding-bottom:0px;' class='av-special-heading av-special-heading-h1  blockquote modern-quote '><div class ='av-subheading av-subheading_above ' style='font-size:32px;'><p>autor odabranih fotografija za kreativna rje\u0161enja mfk2023<\/p>\n<\/div><h1 class='av-special-heading-tag'  itemprop=\"headline\"  >Ivo Pervan<\/h1><div class='special-heading-border'><div class='special-heading-inner-border' ><\/div><\/div><\/div>\n<\/div><\/div><\/div><!-- close content main div --><\/div><\/div><div id='after_section_1' class='main_color av_default_container_wrap container_wrap sidebar_right'   ><div class='container' ><div class='template-page content  av-content-small alpha units'><div class='post-entry post-entry-type-page post-entry-6610'><div class='entry-content-wrapper clearfix'>\n<\/div><\/div><\/div><!-- close content main div --><\/div><\/div><div id='av_section_2' class='avia-section main_color avia-section-default avia-no-shadow avia-bg-style-scroll  container_wrap sidebar_right' style = 'background-color: #ffffff; '  ><div class='container' ><div class='template-page content  av-content-small alpha units'><div class='post-entry post-entry-type-page post-entry-6610'><div class='entry-content-wrapper clearfix'>\n<div class=\"flex_column av_one_full  flex_column_div av-zero-column-padding first  \" style='border-radius:0px; '><section class=\"av_textblock_section\"  itemscope=\"itemscope\" itemtype=\"https:\/\/schema.org\/CreativeWork\" ><div class='avia_textblock '   itemprop=\"text\" ><p>Di ponestane ri\u010di, e tu fotografija po\u010dinje pripovidat neku svoju pri\u010du.<\/p>\n<p>Zato nas svake godine posebno veseli suradnja sa splitskim fotografima i umjetnicima koji nam, ve\u0107 \u0161estu godinu zaredom, kroz svoje objektive donose Split i cili njegov svit.<\/p>\n<p><strong>Nastavljamo tradiciju<\/strong> <strong>vizualne komunikacije<\/strong> mediterana, odnosno\u00a0<strong>Dalmacije i <\/strong><strong>Splita<\/strong>, kroz prizmu <strong>crno bijelih fotografija<\/strong> daju\u0107i tako kreativnim rje\u0161enjima<strong> jednostavnu i neformalnu eleganciju<\/strong>, a ujedno o\u017eivljavaju\u0107i na kratko\u00a0sliku\u00a0<em>mediterana kakav je nekad bio.<\/em><\/p>\n<p>Ove godine predstavljamo radove g. <strong>Ive Pervana.<\/strong><\/p>\n<hr \/>\n<\/div><\/section><\/div><div class=\"flex_column av_one_half  flex_column_div av-zero-column-padding first  \" style='border-radius:0px; '><p><div class='avia-image-container  av-styling-   avia-align-center '  itemscope=\"itemscope\" itemtype=\"https:\/\/schema.org\/ImageObject\"  ><div class='avia-image-container-inner'><img class='avia_image ' src='https:\/\/mfk.hr\/2023\/wp-content\/uploads\/2023\/09\/ivo-pervan-2023-2.jpg' alt='' title='ivo-pervan-mfk-2023'   itemprop=\"thumbnailUrl\"  \/><\/div><\/div><br \/>\n<section class=\"av_textblock_section\"  itemscope=\"itemscope\" itemtype=\"https:\/\/schema.org\/CreativeWork\" ><div class='avia_textblock '   itemprop=\"text\" ><\/div><\/section><\/p><\/div><div class=\"flex_column av_one_half  flex_column_div av-zero-column-padding   \" style='border-radius:0px; '><section class=\"av_textblock_section\"  itemscope=\"itemscope\" itemtype=\"https:\/\/schema.org\/CreativeWork\" ><div class='avia_textblock '   itemprop=\"text\" ><p><strong>Ivo Pervan<\/strong> ro\u0111en je 24.06.1947. u Splitu. Fotografijom se po\u010dinje baviti ve\u0107 u srednjoj \u0161koli, iz hobija. Nakon zavr\u0161ene gimnazije upisuje studij prava koji ubrzo zamjenjuje Vi\u0161im ekonomskim studijem, te potom prelazi na vanjsku trgovinu na kojoj apsolvira. Tokom studija i dalje slijedi svoju strast za fotografijom.<\/p>\n<p><strong>\u010cest motiv u njegovom radu jest kulturna i prirodna ba\u0161tina Hrvatske,<\/strong> odnosno njegova \u017eelja da o\u010duva tu ba\u0161tinu, kao i povijest svog naroda. <strong>Od 1995. godine oko 3000 motiva sa njegovih fotografija zastupljeno je na razglednicama Hrvatske.<\/strong>. Organizira i niz projekcija dijapozitiva na temu Hrvatske kulturne i prirodne ba\u0161tine. Sveukupnost njegove dijateke uklju\u010duje preko<strong> 200.000 slajdova, <\/strong>a njegova rastu\u0107a digitalna zbirka trenutno broji <strong>preko 500.000 slika.<\/strong><\/p>\n<p><strong>Od po\u010detka svog rada do danas, Ivo Pervan objavio je 35 autorskih foto-monografija, te je sudjelovao kad suautor na preko 100.<\/strong> Tokom godina odr\u017eao je i velik broj izlo\u017ebi, ponajvi\u0161e svog rada na promid\u017ebi hrvatske ba\u0161tine i turizma.<\/p>\n<p>Od osnutka svog studija objavljuje radove u \u010dasopisima kao \u0161to su\u00a0<i>Cicero, Vox,<\/i>\u00a0<i>Jet Set<\/i>,<i>\u00a0Livingstone, Michelin-Editions des Voyages\u00a0<\/i>(Francuska),\u00a0<i>Brandt Travel Guides<\/i>\u00a0(Engleska),\u00a0<i>Krakow Partner <\/i>(Njema\u010dka) i\u00a0<i>Geo France,\u00a0<\/i>a tokom 2000-ih godina\u00a0<i>Adriatic Croatia International Club<\/i> koristi njegove fotografije za svoj katalog. Plakati s njegovim radovima su dvaput osvojili presti\u017enu Red Dot nagradu.<\/p>\n<p><a href=\"https:\/\/studiopervan.com\/en\/ivo-pervan-biography\" target=\"_blank\" rel=\"noopener\">Pro\u010ditajte<\/a> vi\u0161e.<\/p>\n<\/div><\/section><\/div><\/div><\/div><\/div><!-- close content main div --><\/div><\/div><div id='after_section_2' class='main_color av_default_container_wrap container_wrap sidebar_right'   ><div class='container' ><div class='template-page content  av-content-small alpha units'><div class='post-entry post-entry-type-page post-entry-6610'><div class='entry-content-wrapper clearfix'><\/div><\/div><\/div><!-- close content main div --><\/div><\/div><div id='av_section_3' class='avia-section main_color avia-section-default avia-no-shadow avia-bg-style-scroll  container_wrap sidebar_right'   ><div class='container' ><div class='template-page content  av-content-small alpha units'><div class='post-entry post-entry-type-page post-entry-6610'><div class='entry-content-wrapper clearfix'><\/div><\/div><\/div><!-- close content main div --><\/div><\/div><div id='after_section_3' class='main_color av_default_container_wrap container_wrap sidebar_right'   ><div class='container' ><div class='template-page content  av-content-small alpha units'><div class='post-entry post-entry-type-page post-entry-6610'><div class='entry-content-wrapper clearfix'><\/p>\n<\/div><\/div><\/div><!-- close content main div --><\/div><\/div><div id='boxtransparent4' class='avia-section main_color avia-section-no-padding avia-no-border-styling avia-bg-style-scroll  av-minimum-height av-minimum-height-custom container_wrap sidebar_right'   ><div class='container' style='height:50px'><div class='template-page content  av-content-small alpha units'><div class='post-entry post-entry-type-page post-entry-6610'><div class='entry-content-wrapper clearfix'>\n<div style='padding-bottom:10px;color:#ffffff;' class='av-special-heading av-special-heading-h1 custom-color-heading blockquote modern-quote modern-centered '><h1 class='av-special-heading-tag'  itemprop=\"headline\"  >Odabrane fotografije za mfk kreativna rje\u0161enja<\/h1><div class='special-heading-border'><div class='special-heading-inner-border' style='border-color:#ffffff'><\/div><\/div><\/div>\n<\/div><\/div><\/div><!-- close content main div --><\/div><\/div><div id='after_section_4' class='main_color av_default_container_wrap container_wrap sidebar_right'   ><div class='container' ><div class='template-page content  av-content-small alpha units'><div class='post-entry post-entry-type-page post-entry-6610'><div class='entry-content-wrapper clearfix'>\n<\/div><\/div><\/div><!-- close content main div --><\/div><\/div><div id='av_section_5' class='avia-section main_color avia-section-default avia-no-shadow avia-bg-style-scroll  container_wrap sidebar_right' style = 'background-color: #ffffff; '  ><div class='container' ><div class='template-page content  av-content-small alpha units'><div class='post-entry post-entry-type-page post-entry-6610'><div class='entry-content-wrapper clearfix'>\n<div class=\"flex_column av_one_full  flex_column_div av-zero-column-padding first  \" style='border-radius:0px; '><div class='avia-gallery avia-gallery-1 deactivate_avia_lazyload avia_animate_when_visible '  itemscope=\"itemscope\" itemtype=\"https:\/\/schema.org\/ImageObject\" ><div class='avia-gallery-thumb'> <a href='https:\/\/mfk.hr\/2023\/wp-content\/uploads\/2023\/09\/ivo-pervan-mfk-2023-1030x685.jpg' data-rel='gallery-1' data-prev-img='https:\/\/mfk.hr\/2023\/wp-content\/uploads\/2023\/09\/ivo-pervan-mfk-2023.jpg' class='first_thumb lightbox ' data-onclick='1' title=''  itemprop=\"thumbnailUrl\" ><img  src='https:\/\/mfk.hr\/2023\/wp-content\/uploads\/2023\/09\/ivo-pervan-mfk-2023.jpg' width='1181' height='785'  title='ivo-pervan-mfk-2023' alt='' \/><\/a> <a href='https:\/\/mfk.hr\/2023\/wp-content\/uploads\/2023\/09\/ivo-pervan-mfk-smij-1030x686.jpg' data-rel='gallery-1' data-prev-img='https:\/\/mfk.hr\/2023\/wp-content\/uploads\/2023\/09\/ivo-pervan-mfk-smij.jpg' class='lightbox ' data-onclick='2' title=''  itemprop=\"thumbnailUrl\" ><img  src='https:\/\/mfk.hr\/2023\/wp-content\/uploads\/2023\/09\/ivo-pervan-mfk-smij.jpg' width='1181' height='786'  title='ivo-pervan-mfk-smij' alt='' \/><\/a> <a href='https:\/\/mfk.hr\/2023\/wp-content\/uploads\/2023\/09\/ivo-pervan-mfk2023-1030x686.jpg' data-rel='gallery-1' data-prev-img='https:\/\/mfk.hr\/2023\/wp-content\/uploads\/2023\/09\/ivo-pervan-mfk2023.jpg' class='first_thumb lightbox ' data-onclick='3' title=''  itemprop=\"thumbnailUrl\" ><img  src='https:\/\/mfk.hr\/2023\/wp-content\/uploads\/2023\/09\/ivo-pervan-mfk2023.jpg' width='1181' height='786'  title='ivo-pervan-mfk2023' alt='' \/><\/a> <a href='https:\/\/mfk.hr\/2023\/wp-content\/uploads\/2023\/09\/ivo-pervan-mfk-1030x686.jpg' data-rel='gallery-1' data-prev-img='https:\/\/mfk.hr\/2023\/wp-content\/uploads\/2023\/09\/ivo-pervan-mfk.jpg' class='lightbox ' data-onclick='4' title=''  itemprop=\"thumbnailUrl\" ><img  src='https:\/\/mfk.hr\/2023\/wp-content\/uploads\/2023\/09\/ivo-pervan-mfk.jpg' width='1181' height='786'  title='ivo-pervan-mfk' alt='' \/><\/a> <a href='https:\/\/mfk.hr\/2023\/wp-content\/uploads\/2023\/09\/ivo-pervan-mfk-disperadun-721x1030.jpg' data-rel='gallery-1' data-prev-img='https:\/\/mfk.hr\/2023\/wp-content\/uploads\/2023\/09\/ivo-pervan-mfk-disperadun.jpg' class='first_thumb lightbox ' data-onclick='5' title=''  itemprop=\"thumbnailUrl\" ><img  src='https:\/\/mfk.hr\/2023\/wp-content\/uploads\/2023\/09\/ivo-pervan-mfk-disperadun.jpg' width='827' height='1181'  title='ivo-pervan-mfk-disperadun' alt='' \/><\/a> <a href='https:\/\/mfk.hr\/2023\/wp-content\/uploads\/2023\/09\/ivo-pervan-mfk-detalj-1030x686.jpg' data-rel='gallery-1' data-prev-img='https:\/\/mfk.hr\/2023\/wp-content\/uploads\/2023\/09\/ivo-pervan-mfk-detalj.jpg' class='lightbox ' data-onclick='6' title=''  itemprop=\"thumbnailUrl\" ><img  src='https:\/\/mfk.hr\/2023\/wp-content\/uploads\/2023\/09\/ivo-pervan-mfk-detalj.jpg' width='1181' height='786'  title='ivo-pervan-mfk-detalj' alt='' \/><\/a> <a href='https:\/\/mfk.hr\/2023\/wp-content\/uploads\/2023\/09\/ivo-pervan-mfk-2023-jedrilice-1030x686.jpg' data-rel='gallery-1' data-prev-img='https:\/\/mfk.hr\/2023\/wp-content\/uploads\/2023\/09\/ivo-pervan-mfk-2023-jedrilice.jpg' class='first_thumb lightbox ' data-onclick='7' title=''  itemprop=\"thumbnailUrl\" ><img  src='https:\/\/mfk.hr\/2023\/wp-content\/uploads\/2023\/09\/ivo-pervan-mfk-2023-jedrilice.jpg' width='1181' height='786'  title='ivo-pervan-mfk-2023-jedrilice' alt='' \/><\/a><\/div><\/div><\/div>\n<\/div><\/div><\/div><!-- close content main div --><\/div><\/div><div id='after_section_5' class='main_color av_default_container_wrap container_wrap sidebar_right'   ><div class='container' ><div class='template-page content  av-content-small alpha units'><div class='post-entry post-entry-type-page post-entry-6610'><div class='entry-content-wrapper clearfix'>\n<\/div><\/div><\/div><!-- close content main div --><\/div><\/div><div id='boxtransparent4' class='avia-section main_color avia-section-no-padding avia-no-border-styling avia-bg-style-scroll  av-minimum-height av-minimum-height-custom container_wrap sidebar_right'   ><div class='container' style='height:50px'><div class='template-page content  av-content-small alpha units'><div class='post-entry post-entry-type-page post-entry-6610'><div class='entry-content-wrapper clearfix'>\n<section class=\"av_textblock_section\"  itemscope=\"itemscope\" itemtype=\"https:\/\/schema.org\/CreativeWork\" ><div class='avia_textblock '   itemprop=\"text\" ><p>AUTOR FOTOGRAFIJE: IVO PERVAN<\/p>\n<\/div><\/section>\n<\/div><\/div><\/div><!-- close content main div --><\/div><\/div><div id='after_section_6' class='main_color av_default_container_wrap container_wrap sidebar_right'   ><div class='container' ><div class='template-page content  av-content-small alpha units'><div class='post-entry post-entry-type-page post-entry-6610'><div class='entry-content-wrapper clearfix'>\n","protected":false},"excerpt":{"rendered":"","protected":false},"author":4,"featured_media":0,"parent":0,"menu_order":0,"comment_status":"closed","ping_status":"closed","template":"","meta":{"footnotes":""},"yoast_head":"<!-- This site is optimized with the Yoast SEO plugin v21.1 - https:\/\/yoast.com\/wordpress\/plugins\/seo\/ -->\n<title>Fotografije: Ivo Pervan - MFK<\/title>\n<meta name=\"description\" content=\"MFK nastavlja tradiciju vizualne komunikacije mediterana, odnosno\u00a0Dalmacije i Splita, kroz prizmu crno bijelih fotografija daju\u0107i tako kreativnim rje\u0161enjima jednostavnu i neformalnu eleganciju, a ujedno o\u017eivljavaju\u0107i na kratko\u00a0sliku\u00a0mediterana kakav je nekad bio. \u017divko Ba\u010di\u0107, autor je fotografija ovogodi\u0161njeg izbora.\" \/>\n<meta name=\"robots\" content=\"noindex, follow, max-snippet:-1, max-image-preview:large, max-video-preview:-1\" \/>\n<meta property=\"og:locale\" content=\"hr_HR\" \/>\n<meta property=\"og:type\" content=\"article\" \/>\n<meta property=\"og:title\" content=\"Fotografije: Ivo Pervan - MFK\" \/>\n<meta property=\"og:description\" content=\"MFK nastavlja tradiciju vizualne komunikacije mediterana, odnosno\u00a0Dalmacije i Splita, kroz prizmu crno bijelih fotografija daju\u0107i tako kreativnim rje\u0161enjima jednostavnu i neformalnu eleganciju, a ujedno o\u017eivljavaju\u0107i na kratko\u00a0sliku\u00a0mediterana kakav je nekad bio. \u017divko Ba\u010di\u0107, autor je fotografija ovogodi\u0161njeg izbora.\" \/>\n<meta property=\"og:url\" content=\"https:\/\/mfk.hr\/2023\/fotografije-ivo-pervan\/\" \/>\n<meta property=\"og:site_name\" content=\"MFK\" \/>\n<meta property=\"article:modified_time\" content=\"2023-09-20T10:12:38+00:00\" \/>\n<meta property=\"og:image\" content=\"https:\/\/mfk.hr\/2023\/wp-content\/uploads\/2022\/09\/FOTO-\u017divko-Ba\u010di\u0107.png\" \/>\n<meta name=\"twitter:card\" content=\"summary_large_image\" \/>\n<meta name=\"twitter:label1\" content=\"Procijenjeno vrijeme \u010ditanja\" \/>\n\t<meta name=\"twitter:data1\" content=\"4 minute\" \/>\n<script type=\"application\/ld+json\" class=\"yoast-schema-graph\">{\"@context\":\"https:\/\/schema.org\",\"@graph\":[{\"@type\":\"WebPage\",\"@id\":\"https:\/\/mfk.hr\/2023\/fotografije-ivo-pervan\/\",\"url\":\"https:\/\/mfk.hr\/2023\/fotografije-ivo-pervan\/\",\"name\":\"Fotografije: Ivo Pervan - MFK\",\"isPartOf\":{\"@id\":\"https:\/\/mfk.hr\/2023\/#website\"},\"datePublished\":\"2019-04-30T20:33:39+00:00\",\"dateModified\":\"2023-09-20T10:12:38+00:00\",\"description\":\"MFK nastavlja tradiciju vizualne komunikacije mediterana, odnosno\u00a0Dalmacije i Splita, kroz prizmu crno bijelih fotografija daju\u0107i tako kreativnim rje\u0161enjima jednostavnu i neformalnu eleganciju, a ujedno o\u017eivljavaju\u0107i na kratko\u00a0sliku\u00a0mediterana kakav je nekad bio. \u017divko Ba\u010di\u0107, autor je fotografija ovogodi\u0161njeg izbora.\",\"breadcrumb\":{\"@id\":\"https:\/\/mfk.hr\/2023\/fotografije-ivo-pervan\/#breadcrumb\"},\"inLanguage\":\"hr\",\"potentialAction\":[{\"@type\":\"ReadAction\",\"target\":[\"https:\/\/mfk.hr\/2023\/fotografije-ivo-pervan\/\"]}]},{\"@type\":\"BreadcrumbList\",\"@id\":\"https:\/\/mfk.hr\/2023\/fotografije-ivo-pervan\/#breadcrumb\",\"itemListElement\":[{\"@type\":\"ListItem\",\"position\":1,\"name\":\"Po\u010detna stranica\",\"item\":\"https:\/\/mfk.hr\/2023\/\"},{\"@type\":\"ListItem\",\"position\":2,\"name\":\"Fotografije: Ivo Pervan\"}]},{\"@type\":\"WebSite\",\"@id\":\"https:\/\/mfk.hr\/2023\/#website\",\"url\":\"https:\/\/mfk.hr\/2023\/\",\"name\":\"MFK\",\"description\":\"mediteranski festival knjige\",\"potentialAction\":[{\"@type\":\"SearchAction\",\"target\":{\"@type\":\"EntryPoint\",\"urlTemplate\":\"https:\/\/mfk.hr\/2023\/?s={search_term_string}\"},\"query-input\":\"required name=search_term_string\"}],\"inLanguage\":\"hr\"}]}<\/script>\n<!-- \/ Yoast SEO plugin. -->","yoast_head_json":{"title":"Fotografije: Ivo Pervan - MFK","description":"MFK nastavlja tradiciju vizualne komunikacije mediterana, odnosno\u00a0Dalmacije i Splita, kroz prizmu crno bijelih fotografija daju\u0107i tako kreativnim rje\u0161enjima jednostavnu i neformalnu eleganciju, a ujedno o\u017eivljavaju\u0107i na kratko\u00a0sliku\u00a0mediterana kakav je nekad bio. \u017divko Ba\u010di\u0107, autor je fotografija ovogodi\u0161njeg izbora.","robots":{"index":"noindex","follow":"follow","max-snippet":"max-snippet:-1","max-image-preview":"max-image-preview:large","max-video-preview":"max-video-preview:-1"},"og_locale":"hr_HR","og_type":"article","og_title":"Fotografije: Ivo Pervan - MFK","og_description":"MFK nastavlja tradiciju vizualne komunikacije mediterana, odnosno\u00a0Dalmacije i Splita, kroz prizmu crno bijelih fotografija daju\u0107i tako kreativnim rje\u0161enjima jednostavnu i neformalnu eleganciju, a ujedno o\u017eivljavaju\u0107i na kratko\u00a0sliku\u00a0mediterana kakav je nekad bio. \u017divko Ba\u010di\u0107, autor je fotografija ovogodi\u0161njeg izbora.","og_url":"https:\/\/mfk.hr\/2023\/fotografije-ivo-pervan\/","og_site_name":"MFK","article_modified_time":"2023-09-20T10:12:38+00:00","og_image":[{"url":"https:\/\/mfk.hr\/2023\/wp-content\/uploads\/2022\/09\/FOTO-\u017divko-Ba\u010di\u0107.png"}],"twitter_card":"summary_large_image","twitter_misc":{"Procijenjeno vrijeme \u010ditanja":"4 minute"},"schema":{"@context":"https:\/\/schema.org","@graph":[{"@type":"WebPage","@id":"https:\/\/mfk.hr\/2023\/fotografije-ivo-pervan\/","url":"https:\/\/mfk.hr\/2023\/fotografije-ivo-pervan\/","name":"Fotografije: Ivo Pervan - MFK","isPartOf":{"@id":"https:\/\/mfk.hr\/2023\/#website"},"datePublished":"2019-04-30T20:33:39+00:00","dateModified":"2023-09-20T10:12:38+00:00","description":"MFK nastavlja tradiciju vizualne komunikacije mediterana, odnosno\u00a0Dalmacije i Splita, kroz prizmu crno bijelih fotografija daju\u0107i tako kreativnim rje\u0161enjima jednostavnu i neformalnu eleganciju, a ujedno o\u017eivljavaju\u0107i na kratko\u00a0sliku\u00a0mediterana kakav je nekad bio. \u017divko Ba\u010di\u0107, autor je fotografija ovogodi\u0161njeg izbora.","breadcrumb":{"@id":"https:\/\/mfk.hr\/2023\/fotografije-ivo-pervan\/#breadcrumb"},"inLanguage":"hr","potentialAction":[{"@type":"ReadAction","target":["https:\/\/mfk.hr\/2023\/fotografije-ivo-pervan\/"]}]},{"@type":"BreadcrumbList","@id":"https:\/\/mfk.hr\/2023\/fotografije-ivo-pervan\/#breadcrumb","itemListElement":[{"@type":"ListItem","position":1,"name":"Po\u010detna stranica","item":"https:\/\/mfk.hr\/2023\/"},{"@type":"ListItem","position":2,"name":"Fotografije: Ivo Pervan"}]},{"@type":"WebSite","@id":"https:\/\/mfk.hr\/2023\/#website","url":"https:\/\/mfk.hr\/2023\/","name":"MFK","description":"mediteranski festival knjige","potentialAction":[{"@type":"SearchAction","target":{"@type":"EntryPoint","urlTemplate":"https:\/\/mfk.hr\/2023\/?s={search_term_string}"},"query-input":"required name=search_term_string"}],"inLanguage":"hr"}]}},"_links":{"self":[{"href":"https:\/\/mfk.hr\/2023\/wp-json\/wp\/v2\/pages\/6610"}],"collection":[{"href":"https:\/\/mfk.hr\/2023\/wp-json\/wp\/v2\/pages"}],"about":[{"href":"https:\/\/mfk.hr\/2023\/wp-json\/wp\/v2\/types\/page"}],"author":[{"embeddable":true,"href":"https:\/\/mfk.hr\/2023\/wp-json\/wp\/v2\/users\/4"}],"replies":[{"embeddable":true,"href":"https:\/\/mfk.hr\/2023\/wp-json\/wp\/v2\/comments?post=6610"}],"version-history":[{"count":45,"href":"https:\/\/mfk.hr\/2023\/wp-json\/wp\/v2\/pages\/6610\/revisions"}],"predecessor-version":[{"id":9983,"href":"https:\/\/mfk.hr\/2023\/wp-json\/wp\/v2\/pages\/6610\/revisions\/9983"}],"wp:attachment":[{"href":"https:\/\/mfk.hr\/2023\/wp-json\/wp\/v2\/media?parent=6610"}],"curies":[{"name":"wp","href":"https:\/\/api.w.org\/{rel}","templated":true}]}}