{"id":3207,"date":"2017-04-25T08:19:23","date_gmt":"2017-04-25T08:19:23","guid":{"rendered":"http:\/\/mfkdem.weblogic-studio.com\/?page_id=3207"},"modified":"2023-09-20T13:46:43","modified_gmt":"2023-09-20T13:46:43","slug":"o-mediteranskom-festivalu-knjige","status":"publish","type":"page","link":"https:\/\/mfk.hr\/2023\/o-mediteranskom-festivalu-knjige\/","title":{"rendered":"O Mediteranskom festivalu knjige"},"content":{"rendered":"<\/div><\/div><\/div><!-- close content main div --><\/div><\/div><div id='naslov_bijeli' class='avia-section main_color avia-section-no-padding avia-no-border-styling avia-bg-style-scroll  container_wrap sidebar_right'   ><div class='container' ><div class='template-page content  av-content-small alpha units'><div class='post-entry post-entry-type-page post-entry-3207'><div class='entry-content-wrapper clearfix'>\n<div style='padding-bottom:0px;' class='av-special-heading av-special-heading-h1  blockquote modern-quote modern-centered '><h1 class='av-special-heading-tag'  itemprop=\"headline\"  >O Mediteranskom festivalu knjige<\/h1><div class='special-heading-border'><div class='special-heading-inner-border' ><\/div><\/div><\/div>\n<\/div><\/div><\/div><!-- close content main div --><\/div><\/div><div id='after_section_1' class='main_color av_default_container_wrap container_wrap sidebar_right'   ><div class='container' ><div class='template-page content  av-content-small alpha units'><div class='post-entry post-entry-type-page post-entry-3207'><div class='entry-content-wrapper clearfix'>\n<\/div><\/div><\/div><!-- close content main div --><\/div><\/div><div id='infoposjeta' class='avia-section main_color avia-section-default avia-no-border-styling avia-bg-style-scroll  container_wrap sidebar_right' style = 'background-color: #ffffff; '  ><div class='container' ><div class='template-page content  av-content-small alpha units'><div class='post-entry post-entry-type-page post-entry-3207'><div class='entry-content-wrapper clearfix'>\n<section class=\"av_textblock_section\"  itemscope=\"itemscope\" itemtype=\"https:\/\/schema.org\/CreativeWork\" ><div class='avia_textblock '   itemprop=\"text\" ><p><strong>Mediteranski festival knjige &#8211; mfk<\/strong> je cjeloviti festival knjige koji se odr\u017eava u Splitu u rujnu\u00a0i na jednom mjestu okuplja\u00a0izdava\u010de knjiga, autore i &#8211; sve ljubitelje pisane rije\u010di.<\/p>\n<p>Tijekom <strong>pet dana trajanja<\/strong>, posjetitelji mogu u\u017eivati <strong>u susretima s autorima<\/strong>, <strong>promocijama knjiga<\/strong> te sudjelovati u raznim\u00a0<strong>radionicama<\/strong>,\u00a0ali i <strong>kupiti knjige po promotivnim cijenama<\/strong>.<\/p>\n<hr \/>\n<p class=\"av-special-heading-tag\"><strong>organizator<\/strong><br \/>\nZajednica nakladnika i knji\u017eara Hrvatske gospodarske komore<\/p>\n<p><strong>organizacijski odbor<\/strong><br \/>\nSlavko Kozina, Na\u0161a djeca \/ predsjednik ZNK Vije\u0107a<br \/>\nZvonimir \u010cimi\u0107, Znanje \/ zamjenik predsjednika ZNK Vije\u0107a<br \/>\nMi\u0161o Neja\u0161mi\u0107, Jesenski i Turk \/ ZNK \u010dlan<br \/>\nAntonijela Bona\u010di\u0107, HGK<\/p>\n<p><a href=\"https:\/\/mfk.hr\/2023\/program-urednici\/\" target=\"_blank\" rel=\"noopener\"><strong>urednici mfk programa<\/strong><\/a><br \/>\nKruno Lokotar<br \/>\nPatricija Horvat<br \/>\nKatja Grci\u0107<\/p>\n<p><strong>PR Festivala<\/strong><br \/>\nIvica Profaca<\/p>\n<p><strong>foto dokumentacija Festivala<\/strong><br \/>\nEdi Mati\u0107<\/p>\n<p><strong>autor fotografija kori\u0161tenih za kreativna rje\u0161enja<\/strong><br \/>\n<a href=\"https:\/\/studiopervan.com\/hr\/ivo-pervan-biografija\">Ivo Pervan<\/a><\/p>\n<\/div><\/section>\n<\/div><\/div><\/div><!-- close content main div --><\/div><\/div><div id='after_section_2' class='main_color av_default_container_wrap container_wrap sidebar_right'   ><div class='container' ><div class='template-page content  av-content-small alpha units'><div class='post-entry post-entry-type-page post-entry-3207'><div class='entry-content-wrapper clearfix'><\/div><\/div><\/div><!-- close content main div --><\/div><\/div><div id='boxtransparent4' class='avia-section main_color avia-section-no-padding avia-no-border-styling avia-bg-style-scroll  av-minimum-height av-minimum-height-custom container_wrap sidebar_right'   ><div class='container' style='height:50px'><div class='template-page content  av-content-small alpha units'><div class='post-entry post-entry-type-page post-entry-3207'><div class='entry-content-wrapper clearfix'>\n<div class=\"flex_column av_one_full  no_margin flex_column_div av-zero-column-padding first  \" style='border-radius:0px; '><section class=\"av_textblock_section\"  itemscope=\"itemscope\" itemtype=\"https:\/\/schema.org\/CreativeWork\" ><div class='avia_textblock '   itemprop=\"text\" ><p>AUTOR FOTOGRAFIJE: IVO PERVAN<\/p>\n<\/div><\/section><\/div>\n<\/div><\/div><\/div><!-- close content main div --><\/div><\/div><div id='after_section_3' class='main_color av_default_container_wrap container_wrap sidebar_right'   ><div class='container' ><div class='template-page content  av-content-small alpha units'><div class='post-entry post-entry-type-page post-entry-3207'><div class='entry-content-wrapper clearfix'><\/p>\n","protected":false},"excerpt":{"rendered":"","protected":false},"author":1,"featured_media":0,"parent":0,"menu_order":0,"comment_status":"closed","ping_status":"closed","template":"","meta":{"footnotes":""},"yoast_head":"<!-- This site is optimized with the Yoast SEO plugin v21.1 - https:\/\/yoast.com\/wordpress\/plugins\/seo\/ -->\n<title>O Mediteranskom festivalu knjige - MFK<\/title>\n<meta name=\"robots\" content=\"noindex, follow, max-snippet:-1, max-image-preview:large, max-video-preview:-1\" \/>\n<meta property=\"og:locale\" content=\"hr_HR\" \/>\n<meta property=\"og:type\" content=\"article\" \/>\n<meta property=\"og:title\" content=\"O Mediteranskom festivalu knjige - MFK\" \/>\n<meta property=\"og:url\" content=\"https:\/\/mfk.hr\/2023\/o-mediteranskom-festivalu-knjige\/\" \/>\n<meta property=\"og:site_name\" content=\"MFK\" \/>\n<meta property=\"article:modified_time\" content=\"2023-09-20T13:46:43+00:00\" \/>\n<meta name=\"twitter:card\" content=\"summary_large_image\" \/>\n<meta name=\"twitter:label1\" content=\"Procijenjeno vrijeme \u010ditanja\" \/>\n\t<meta name=\"twitter:data1\" content=\"2 minute\" \/>\n<script type=\"application\/ld+json\" class=\"yoast-schema-graph\">{\"@context\":\"https:\/\/schema.org\",\"@graph\":[{\"@type\":\"WebPage\",\"@id\":\"https:\/\/mfk.hr\/2023\/o-mediteranskom-festivalu-knjige\/\",\"url\":\"https:\/\/mfk.hr\/2023\/o-mediteranskom-festivalu-knjige\/\",\"name\":\"O Mediteranskom festivalu knjige - MFK\",\"isPartOf\":{\"@id\":\"https:\/\/mfk.hr\/2023\/#website\"},\"datePublished\":\"2017-04-25T08:19:23+00:00\",\"dateModified\":\"2023-09-20T13:46:43+00:00\",\"breadcrumb\":{\"@id\":\"https:\/\/mfk.hr\/2023\/o-mediteranskom-festivalu-knjige\/#breadcrumb\"},\"inLanguage\":\"hr\",\"potentialAction\":[{\"@type\":\"ReadAction\",\"target\":[\"https:\/\/mfk.hr\/2023\/o-mediteranskom-festivalu-knjige\/\"]}]},{\"@type\":\"BreadcrumbList\",\"@id\":\"https:\/\/mfk.hr\/2023\/o-mediteranskom-festivalu-knjige\/#breadcrumb\",\"itemListElement\":[{\"@type\":\"ListItem\",\"position\":1,\"name\":\"Po\u010detna stranica\",\"item\":\"https:\/\/mfk.hr\/2023\/\"},{\"@type\":\"ListItem\",\"position\":2,\"name\":\"O Mediteranskom festivalu knjige\"}]},{\"@type\":\"WebSite\",\"@id\":\"https:\/\/mfk.hr\/2023\/#website\",\"url\":\"https:\/\/mfk.hr\/2023\/\",\"name\":\"MFK\",\"description\":\"mediteranski festival knjige\",\"potentialAction\":[{\"@type\":\"SearchAction\",\"target\":{\"@type\":\"EntryPoint\",\"urlTemplate\":\"https:\/\/mfk.hr\/2023\/?s={search_term_string}\"},\"query-input\":\"required name=search_term_string\"}],\"inLanguage\":\"hr\"}]}<\/script>\n<!-- \/ Yoast SEO plugin. -->","yoast_head_json":{"title":"O Mediteranskom festivalu knjige - MFK","robots":{"index":"noindex","follow":"follow","max-snippet":"max-snippet:-1","max-image-preview":"max-image-preview:large","max-video-preview":"max-video-preview:-1"},"og_locale":"hr_HR","og_type":"article","og_title":"O Mediteranskom festivalu knjige - MFK","og_url":"https:\/\/mfk.hr\/2023\/o-mediteranskom-festivalu-knjige\/","og_site_name":"MFK","article_modified_time":"2023-09-20T13:46:43+00:00","twitter_card":"summary_large_image","twitter_misc":{"Procijenjeno vrijeme \u010ditanja":"2 minute"},"schema":{"@context":"https:\/\/schema.org","@graph":[{"@type":"WebPage","@id":"https:\/\/mfk.hr\/2023\/o-mediteranskom-festivalu-knjige\/","url":"https:\/\/mfk.hr\/2023\/o-mediteranskom-festivalu-knjige\/","name":"O Mediteranskom festivalu knjige - MFK","isPartOf":{"@id":"https:\/\/mfk.hr\/2023\/#website"},"datePublished":"2017-04-25T08:19:23+00:00","dateModified":"2023-09-20T13:46:43+00:00","breadcrumb":{"@id":"https:\/\/mfk.hr\/2023\/o-mediteranskom-festivalu-knjige\/#breadcrumb"},"inLanguage":"hr","potentialAction":[{"@type":"ReadAction","target":["https:\/\/mfk.hr\/2023\/o-mediteranskom-festivalu-knjige\/"]}]},{"@type":"BreadcrumbList","@id":"https:\/\/mfk.hr\/2023\/o-mediteranskom-festivalu-knjige\/#breadcrumb","itemListElement":[{"@type":"ListItem","position":1,"name":"Po\u010detna stranica","item":"https:\/\/mfk.hr\/2023\/"},{"@type":"ListItem","position":2,"name":"O Mediteranskom festivalu knjige"}]},{"@type":"WebSite","@id":"https:\/\/mfk.hr\/2023\/#website","url":"https:\/\/mfk.hr\/2023\/","name":"MFK","description":"mediteranski festival knjige","potentialAction":[{"@type":"SearchAction","target":{"@type":"EntryPoint","urlTemplate":"https:\/\/mfk.hr\/2023\/?s={search_term_string}"},"query-input":"required name=search_term_string"}],"inLanguage":"hr"}]}},"_links":{"self":[{"href":"https:\/\/mfk.hr\/2023\/wp-json\/wp\/v2\/pages\/3207"}],"collection":[{"href":"https:\/\/mfk.hr\/2023\/wp-json\/wp\/v2\/pages"}],"about":[{"href":"https:\/\/mfk.hr\/2023\/wp-json\/wp\/v2\/types\/page"}],"author":[{"embeddable":true,"href":"https:\/\/mfk.hr\/2023\/wp-json\/wp\/v2\/users\/1"}],"replies":[{"embeddable":true,"href":"https:\/\/mfk.hr\/2023\/wp-json\/wp\/v2\/comments?post=3207"}],"version-history":[{"count":42,"href":"https:\/\/mfk.hr\/2023\/wp-json\/wp\/v2\/pages\/3207\/revisions"}],"predecessor-version":[{"id":9993,"href":"https:\/\/mfk.hr\/2023\/wp-json\/wp\/v2\/pages\/3207\/revisions\/9993"}],"wp:attachment":[{"href":"https:\/\/mfk.hr\/2023\/wp-json\/wp\/v2\/media?parent=3207"}],"curies":[{"name":"wp","href":"https:\/\/api.w.org\/{rel}","templated":true}]}}